{"id":2121,"date":"2021-01-13T16:39:46","date_gmt":"2021-01-13T15:39:46","guid":{"rendered":"http:\/\/wordpress.nibis.de\/cfgs\/?page_id=2121"},"modified":"2023-03-06T19:23:00","modified_gmt":"2023-03-06T18:23:00","slug":"textiles-gestalten","status":"publish","type":"page","link":"https:\/\/wordpress.nibis.de\/cfgs\/textiles-gestalten\/","title":{"rendered":"Textiles Gestalten"},"content":{"rendered":"\n<p>Im Fach<em> Textiles Gestalten<\/em> setzen sich die Sch\u00fclerinnen und Sch\u00fcler mit Kleidungs-, Wohn- und Gebrauchstextilien aus ihrer Erfahrungswelt auseinander. Sie erfahren, wo textile Rohstoffe herkommen und wie sie weiterverarbeitet werden. Dieses Wissen k\u00f6nnen die Sch\u00fclerinnen und Sch\u00fcler nutzen, um mit Textilien im Alltag bewusster umzugehen.<\/p>\n\n\n\n<p>Im Unterricht werden verschiedene Arbeitstechniken erlernt und ge\u00fcbt. Die Sch\u00fclerinnen und Sch\u00fcler haben dann die M\u00f6glichkeit, die gestellten Arbeitsauftr\u00e4ge kreativ und individuell zu gestalten. Daf\u00fcr stehen ihnen vielf\u00e4ltige Materialien in verschiedenen Farben und Formen zur Verf\u00fcgung.<\/p>\n\n\n\n<p>Das Fach<em> Textiles Gestalten<\/em> wird f\u00fcr unsere Sch\u00fcler als <a href=\"https:\/\/wordpress.nibis.de\/cfgs\/wahlpflicht-und-profilkurse\/\" data-type=\"page\" data-id=\"222\">Wahlpflichtkurs<\/a> und als <a href=\"https:\/\/wordpress.nibis.de\/cfgs\/arbeitsgemeinschaften\/\" data-type=\"page\" data-id=\"2082\">Arbeitsgemeinschaft <\/a>angeboten.<\/p>\n\n\n","protected":false},"excerpt":{"rendered":"<p>Im Fach Textiles Gestalten setzen sich die Sch\u00fclerinnen und Sch\u00fcler mit Kleidungs-, Wohn- und Gebrauchstextilien aus ihrer Erfahrungswelt auseinander. Sie erfahren, wo textile Rohstoffe herkommen und wie sie weiterverarbeitet werden.<\/p>\n","protected":false},"author":277,"featured_media":0,"parent":0,"menu_order":0,"comment_status":"closed","ping_status":"closed","template":"","meta":{"footnotes":""},"class_list":["post-2121","page","type-page","status-publish","hentry"],"_links":{"self":[{"href":"https:\/\/wordpress.nibis.de\/cfgs\/wp-json\/wp\/v2\/pages\/2121","targetHints":{"allow":["GET"]}}],"collection":[{"href":"https:\/\/wordpress.nibis.de\/cfgs\/wp-json\/wp\/v2\/pages"}],"about":[{"href":"https:\/\/wordpress.nibis.de\/cfgs\/wp-json\/wp\/v2\/types\/page"}],"author":[{"embeddable":true,"href":"https:\/\/wordpress.nibis.de\/cfgs\/wp-json\/wp\/v2\/users\/277"}],"replies":[{"embeddable":true,"href":"https:\/\/wordpress.nibis.de\/cfgs\/wp-json\/wp\/v2\/comments?post=2121"}],"version-history":[{"count":3,"href":"https:\/\/wordpress.nibis.de\/cfgs\/wp-json\/wp\/v2\/pages\/2121\/revisions"}],"predecessor-version":[{"id":4248,"href":"https:\/\/wordpress.nibis.de\/cfgs\/wp-json\/wp\/v2\/pages\/2121\/revisions\/4248"}],"wp:attachment":[{"href":"https:\/\/wordpress.nibis.de\/cfgs\/wp-json\/wp\/v2\/media?parent=2121"}],"curies":[{"name":"wp","href":"https:\/\/api.w.org\/{rel}","templated":true}]}}