{"id":2198,"date":"2021-01-13T17:35:06","date_gmt":"2021-01-13T16:35:06","guid":{"rendered":"http:\/\/wordpress.nibis.de\/cfgs\/?page_id=2198"},"modified":"2021-01-21T09:05:37","modified_gmt":"2021-01-21T08:05:37","slug":"sonderpaedagogischer-unterstuetzungsbedarf-hoeren","status":"publish","type":"page","link":"https:\/\/wordpress.nibis.de\/cfgs\/sonderpaedagogischer-unterstuetzungsbedarf-hoeren\/","title":{"rendered":"Sonderp\u00e4dagogischer Unterst\u00fctzungsbedarf H\u00f6ren"},"content":{"rendered":"\n<p>Diese Seite ist in Bearbeitung.<\/p>\n","protected":false},"excerpt":{"rendered":"<p>Diese Seite ist in Bearbeitung.<\/p>\n","protected":false},"author":9193717,"featured_media":0,"parent":0,"menu_order":0,"comment_status":"closed","ping_status":"closed","template":"","meta":{"footnotes":""},"class_list":["post-2198","page","type-page","status-publish","hentry"],"_links":{"self":[{"href":"https:\/\/wordpress.nibis.de\/cfgs\/wp-json\/wp\/v2\/pages\/2198","targetHints":{"allow":["GET"]}}],"collection":[{"href":"https:\/\/wordpress.nibis.de\/cfgs\/wp-json\/wp\/v2\/pages"}],"about":[{"href":"https:\/\/wordpress.nibis.de\/cfgs\/wp-json\/wp\/v2\/types\/page"}],"author":[{"embeddable":true,"href":"https:\/\/wordpress.nibis.de\/cfgs\/wp-json\/wp\/v2\/users\/9193717"}],"replies":[{"embeddable":true,"href":"https:\/\/wordpress.nibis.de\/cfgs\/wp-json\/wp\/v2\/comments?post=2198"}],"version-history":[{"count":4,"href":"https:\/\/wordpress.nibis.de\/cfgs\/wp-json\/wp\/v2\/pages\/2198\/revisions"}],"predecessor-version":[{"id":2760,"href":"https:\/\/wordpress.nibis.de\/cfgs\/wp-json\/wp\/v2\/pages\/2198\/revisions\/2760"}],"wp:attachment":[{"href":"https:\/\/wordpress.nibis.de\/cfgs\/wp-json\/wp\/v2\/media?parent=2198"}],"curies":[{"name":"wp","href":"https:\/\/api.w.org\/{rel}","templated":true}]}}