{"id":220,"date":"2020-03-05T13:44:22","date_gmt":"2020-03-05T12:44:22","guid":{"rendered":"http:\/\/cfgs.jtmey.de\/?page_id=9"},"modified":"2021-01-17T18:59:48","modified_gmt":"2021-01-17T17:59:48","slug":"gemeinsamer-anfang-abschluss","status":"publish","type":"page","link":"https:\/\/wordpress.nibis.de\/cfgs\/gemeinsamer-anfang-abschluss\/","title":{"rendered":"Gemeinsamer Anfang\/Abschluss"},"content":{"rendered":"\n<p>Ein fester Bestandteil unseres Schullebens sind gemeinsame Forumsveranstaltung zu Beginn eines jeden Schulhalbjahres und vor allen Ferien. Hierzu versammelt sich die gesamte Schulgemeinschaft in unserem gro\u00dfen Forum und unser Schulleiter Herr Haepe informiert \u00fcber Aktuelles zum neuen Schuljahr, \u00c4nderungen im Lehrerkollegium, organisatorische \u00c4nderungen und Ziele f\u00fcr das neue Schuljahr. Lehrerinnen und Lehrer, die neu an unserer Schule sind, werden vorgestellt, so dass jede Sch\u00fclerinnen oder jeder Sch\u00fcler die Personen gesehen hat und ihren Namen kennt. <\/p>\n\n\n\n<p>Auch  wird von besonderen Projekten, Teilnahmen an Wettbewerben, Klassen &#8211; und Studienfahrten berichtet oder es gibt kleinere musikalische und sportliche Darbietungen. Oft werden diese Zusammenk\u00fcnfte musikalisch von unser Band, der <a href=\"https:\/\/wordpress.nibis.de\/cfgs\/blaeserklasse-orchester\/\">Bl\u00e4serklasse<\/a> oder dem Orchester begleitet.<\/p>\n\n\n\n<p>Vor den Weihnachtsferien treffen wir uns zu einem gemeinsamen weihnachtlichen Abschluss, zu dessen H\u00f6hepunkt sich das gemeinsame Singen eines Weihnachtsmedleys begleitet durch unsere Musikensembles entwickelt hat. <\/p>\n\n\n\n<p>Als Teil der Erziehung zu einem respektvollen Umgang miteinander sind uns diese gemeinschaftlichen Veranstaltungen sehr wichtig.<\/p>\n\n\n\n<p><\/p>\n\n\n\n<p>  <\/p>\n","protected":false},"excerpt":{"rendered":"<p>Ein fester Bestandteil unseres Schullebens sind gemeinsame Forumsveranstaltung zu Beginn eines jeden Schulhalbjahres und vor allen Ferien. Hierzu versammelt sich die gesamte Schulgemeinschaft in unserem gro\u00dfen Forum und unser Schulleiter<\/p>\n","protected":false},"author":277,"featured_media":0,"parent":0,"menu_order":0,"comment_status":"closed","ping_status":"closed","template":"","meta":{"footnotes":""},"class_list":["post-220","page","type-page","status-publish","hentry"],"_links":{"self":[{"href":"https:\/\/wordpress.nibis.de\/cfgs\/wp-json\/wp\/v2\/pages\/220","targetHints":{"allow":["GET"]}}],"collection":[{"href":"https:\/\/wordpress.nibis.de\/cfgs\/wp-json\/wp\/v2\/pages"}],"about":[{"href":"https:\/\/wordpress.nibis.de\/cfgs\/wp-json\/wp\/v2\/types\/page"}],"author":[{"embeddable":true,"href":"https:\/\/wordpress.nibis.de\/cfgs\/wp-json\/wp\/v2\/users\/277"}],"replies":[{"embeddable":true,"href":"https:\/\/wordpress.nibis.de\/cfgs\/wp-json\/wp\/v2\/comments?post=220"}],"version-history":[{"count":6,"href":"https:\/\/wordpress.nibis.de\/cfgs\/wp-json\/wp\/v2\/pages\/220\/revisions"}],"predecessor-version":[{"id":2541,"href":"https:\/\/wordpress.nibis.de\/cfgs\/wp-json\/wp\/v2\/pages\/220\/revisions\/2541"}],"wp:attachment":[{"href":"https:\/\/wordpress.nibis.de\/cfgs\/wp-json\/wp\/v2\/media?parent=220"}],"curies":[{"name":"wp","href":"https:\/\/api.w.org\/{rel}","templated":true}]}}