{"id":221,"date":"2020-03-05T13:44:55","date_gmt":"2020-03-05T13:44:55","guid":{"rendered":"http:\/\/cfgs.jtmey.de\/?page_id=11"},"modified":"2021-01-13T16:02:58","modified_gmt":"2021-01-13T15:02:58","slug":"freies-lernen-fl","status":"publish","type":"page","link":"https:\/\/wordpress.nibis.de\/cfgs\/freies-lernen-fl\/","title":{"rendered":"Freies Lernen (FL)"},"content":{"rendered":"\n<p>&#8230; anstatt Hausaufgaben \u2013 Erziehung zur Selbstst\u00e4ndigkeit<\/p>\n\n\n\n<p>FL-Stunden sind fester Bestandteil des Stundenplans unserer Ganztagsschule. In diesen Stunden arbeiten die Lernenden individuell an einem Wochenplan oder k\u00f6nnen mit der Unterst\u00fctzung von Lehrkr\u00e4ften \u00dcbungs- und Wiederholungsaufgaben erledigen. Sie dienen der Festigung des Ge\u00fcbten und Gelernten aus dem Fachunterricht und regen dazu an, sich mit den Inhalten des vergangenen Unterrichts zu besch\u00e4ftigen und sich auf den kommenden Unterricht vorzubereiten.<\/p>\n\n\n\n<p>Jeder Klasse werden pro Woche bis zu vier Stunden \u201eFreies Lernen\u201c zur Verf\u00fcgung gestellt. Bei der Stundenverteilung wird besonders darauf geachtet, dass die FL-Stunden von der Klassenlehrkraft und den in der Klasse unterrichtenden Fachlehrkr\u00e4ften abgedeckt werden. FL-Aufgaben entsprechen in Umfang und Intensit\u00e4t den klassischen Hausaufgaben und d\u00fcrfen am Wochenende zu Hause beendet werden, wenn die daf\u00fcr zur Verf\u00fcgung gestellten Stunden nicht ausreichen.<\/p>\n","protected":false},"excerpt":{"rendered":"<p>&#8230; anstatt Hausaufgaben \u2013 Erziehung zur Selbstst\u00e4ndigkeit FL-Stunden sind fester Bestandteil des Stundenplans unserer Ganztagsschule. In diesen Stunden arbeiten die Lernenden individuell an einem Wochenplan oder k\u00f6nnen mit der Unterst\u00fctzung<\/p>\n","protected":false},"author":277,"featured_media":0,"parent":0,"menu_order":0,"comment_status":"closed","ping_status":"closed","template":"","meta":{"footnotes":""},"class_list":["post-221","page","type-page","status-publish","hentry"],"_links":{"self":[{"href":"https:\/\/wordpress.nibis.de\/cfgs\/wp-json\/wp\/v2\/pages\/221","targetHints":{"allow":["GET"]}}],"collection":[{"href":"https:\/\/wordpress.nibis.de\/cfgs\/wp-json\/wp\/v2\/pages"}],"about":[{"href":"https:\/\/wordpress.nibis.de\/cfgs\/wp-json\/wp\/v2\/types\/page"}],"author":[{"embeddable":true,"href":"https:\/\/wordpress.nibis.de\/cfgs\/wp-json\/wp\/v2\/users\/277"}],"replies":[{"embeddable":true,"href":"https:\/\/wordpress.nibis.de\/cfgs\/wp-json\/wp\/v2\/comments?post=221"}],"version-history":[{"count":5,"href":"https:\/\/wordpress.nibis.de\/cfgs\/wp-json\/wp\/v2\/pages\/221\/revisions"}],"predecessor-version":[{"id":2080,"href":"https:\/\/wordpress.nibis.de\/cfgs\/wp-json\/wp\/v2\/pages\/221\/revisions\/2080"}],"wp:attachment":[{"href":"https:\/\/wordpress.nibis.de\/cfgs\/wp-json\/wp\/v2\/media?parent=221"}],"curies":[{"name":"wp","href":"https:\/\/api.w.org\/{rel}","templated":true}]}}