{"id":224,"date":"2020-03-05T13:50:02","date_gmt":"2020-03-05T12:50:02","guid":{"rendered":"http:\/\/cfgs.jtmey.de\/?page_id=29"},"modified":"2023-09-13T10:12:49","modified_gmt":"2023-09-13T08:12:49","slug":"wettbewerbe-und-auszeichnungen","status":"publish","type":"page","link":"https:\/\/wordpress.nibis.de\/cfgs\/wettbewerbe-und-auszeichnungen\/","title":{"rendered":"Wettbewerbe und Auszeichnungen"},"content":{"rendered":"\n<p>Wettbewerbe sind ein fester Bestandteil unserer schulischen Aktivit\u00e4ten, deren Teilnahme weit \u00fcber den normalen Schulalltag hinausgehen. Unsere Sch\u00fclerschaft kann ihre eigenen Ideen verwirklichen, sich ausprobieren und ihre F\u00e4higkeiten messen. Dies gilt f\u00fcr naturwissenschaftliche Experimente und technische Entwicklungen &#8211; genauso aber auch f\u00fcr Kunst, Kultur und Musik.<br>Jugend- und Leistungswettbewerbe helfen jungen Menschen, die eigenen Talente zu entdecken und ihr Interesse an einem Fachgebiet zu festigen. Aus diesen Gr\u00fcnden nehmen wir als Schule, in (f\u00e4cher)gebundenen Gruppen oder als Einzelpersonen an den unterschiedlichsten Wettbewerben Deutschlands oder dar\u00fcber hinaus teil. Daf\u00fcr haben wir in den vergangenen Jahren bei Sch\u00fcler- und Leistungswettbewerben viele Auszeichnungen und Preise f\u00fcr unsere Projekte und Ergebnisse erhalten.<\/p>\n\n\n\n<p><\/p>\n\n\n\n<p><strong>2023 Auszeichnung \/ Rezertifizierung als <a href=\"https:\/\/www.verbraucherbildung.de\/meldung\/die-verbraucherschulen-2022\">&#8222;Verbraucherschule Gold&#8220;<\/a><\/strong><\/p>\n\n\n\n<p><strong>2022 Auszeichnung als <a href=\"https:\/\/www.lbv.de\/umweltbildung\/fuer-schulen\/umweltschule-in-europa\/\">Umweltschule in Europa<\/a><\/strong><\/p>\n\n\n\n<p><strong>2020 Auszeichnung als &#8222;<a rel=\"noreferrer noopener\" href=\"https:\/\/www.verbraucherbildung.de\/verbraucherschule\" target=\"_blank\">Verbraucherschule Gold<\/a>&#8222;<\/strong><\/p>\n\n\n\n<p><strong>2020 Auszeichnung \/ Rezertifizierung als <a href=\"https:\/\/mint-schulen.de\/niedersachsen\/schulen\/carl-friedrich-gauss-schule\/\">MINT-Schule<\/a><\/strong><\/p>\n\n\n\n<p><strong>2018 Auszeichnung als &#8222;Verbraucherschule-Silber&#8220;<\/strong><\/p>\n\n\n\n<p><strong>2017 Auszeichnung &#8222;<a href=\"http:\/\/www.schule-ohne-rassismus.org\" target=\"_blank\" rel=\"noreferrer noopener\">Schule ohne Rassismus &#8211; Schule mit Courage<\/a>&#8222;<\/strong><\/p>\n\n\n\n<p><strong>2016 <a href=\"https:\/\/mint-schulen.de\/niedersachsen\/\" target=\"_blank\" rel=\"noreferrer noopener\">MINT-Schule Niedersachsen<\/a>: Aufnahme in das Exzellenznetzwerk<\/strong><\/p>\n\n\n\n<p><strong>2016 Deutscher Schulsportpreis der Deutschen Sportjugend im DOSB: <\/strong>10. Patz im Bundeswettbewerb<\/p>\n\n\n\n<p><strong>2015 Hertie- Stiftung: <a href=\"https:\/\/wordpress.nibis.de\/cfgs\/wir-sind-zweitbeste-schule-niedersachsens\/\">Auszeichnung<\/a> als &#8222;Starke Schule. Deutschlands beste Schulen, die zur Ausbildungsreife f\u00fchren&#8220;<\/strong> Unsere Schule belegt den 2. Platz!<\/p>\n\n\n\n<p><strong>2014 Wirtschaftsregion G\u00f6ttingen &#8211; \u201e<a href=\"https:\/\/wordpress.nibis.de\/cfgs\/innovationspreis-2014-geht-an-die-carl-friedrich-gauss-schule\/\">Innvationspreis 2014 &#8211; Sonderpreis Bildung<\/a>\u201c<\/strong><\/p>\n\n\n\n<p><strong>2013 Ernennung als &#8222;<a href=\"https:\/\/www.fellows-ghst.de\/gruppen\/initiative-starke-schule\/\" target=\"_blank\" rel=\"noreferrer noopener\">Starke Schule<\/a>. Deutschlands beste Schulen, die zur Ausbildungsreife f\u00fchren&#8220;<\/strong><\/p>\n\n\n\n<p><strong>2013 Novelis Neighbor Team: \u201eStabil und Kreativ Konstruieren mit Aluminium\u201c<\/strong><br>Der Profilkurs Technik belegt im Sch\u00fclerwettbewerb einen ersten und zwei dritte Pl\u00e4tze und gewinnt ein stattliches Preisgeld.<\/p>\n\n\n\n<p><strong>2012 <a href=\"https:\/\/wordpress.nibis.de\/cfgs\/wir-sind-mint-schule\/\">Ernennung<\/a> zur &#8222;MINT-freundlichen&#8220; Schule<\/strong><\/p>\n\n\n\n<p><strong>2012 Ernennung zur Partnerschule der IdeenExpo 2011<\/strong><\/p>\n\n\n\n<p><strong>2011 Terre des hommes<\/strong><br>Auszeichnung f\u00fcr die Teilnahme an der Aktion &#8222;Stra\u00dfenkind f\u00fcr einen Tag&#8220;<\/p>\n\n\n\n<p><strong>2011 Niedersachsen geht auf Ideenfang<\/strong><br>Unsere Schule qualifiziert sich als eine von 25 Schulen in Niedersachsen f\u00fcr die Teilnahme an der Ideen Expo2011 und stellt das &#8222;Fliegende Klassenzimmer&#8220; vor.<\/p>\n\n\n\n<p><strong>2011 Internationale Jugendkunstmesse in Nessebar \/ Bulgarien<\/strong><br>Die Carl-Friedrich-Gau\u00df-Schule gewinnt den Hauptpreis.<\/p>\n\n\n\n<p><strong>2011 Europa macht Schule<\/strong><br>Teilnahme am Austauschprogramm<\/p>\n\n\n\n<p><strong>2011 Starke Schule.<\/strong><br>Deutschlands beste Schulen, die zur Ausbildungsreife f\u00fchren.<br>Auszeichnung f\u00fcr die Teilnahme<\/p>\n\n\n\n<p><strong>2011 Soziales Engagement im 6. \/ 7. Jahrgang<\/strong><br>Teilnahme am F\u00f6rderprogramm \u201eDemokratisch handeln\u201c<\/p>\n\n\n\n<p><strong>2010 1. Kinder \u2013 und Jugendkunstmesse in Apen<\/strong><br>Auszeichnung f\u00fcr die Teilnahme und Einladung nach Bulgarien<\/p>\n\n\n\n<p><strong>2010 \u201eTeilen lohnt sich\u201c<\/strong><br>Teilnahme am Kinderwelten \u2013 Award<\/p>\n\n\n\n<p><strong>2010 \u201eBusscouts&#8220;<\/strong><br>qualifiziert f\u00fcr den Jugendpreis 2010 der Johanniter \u2013 Hilfsgemeinschaft G\u00f6ttingen<\/p>\n\n\n\n<p><strong>2010 Schule trifft Wissenschaft<\/strong><br>unter den besten acht Schulen Deutschlands nominiert als Bundessieger<\/p>\n\n\n\n<p><strong>2010 Europa macht Schule<\/strong><br>Teilnahme am Austauschprogramm<\/p>\n\n\n\n<p><strong>2010 Grenz\u00f6ffnung 1989<\/strong><br>Teilnahme am F\u00f6rderprogramm \u201eDemokratisch handeln\u201c<\/p>\n\n\n\n<p><strong>2009 F\u00f6rderpreis \u201eStadt der jungen Forscher\u201c<\/strong><br>f\u00fcr die innovative Umsetzung des Schulprojektes &#8222;Das fliegende Klassenzimmer\u201c<\/p>\n\n\n\n<p><strong>2009 B\u00fcrgerpreis der Gemeinde Friedland<\/strong><br>verliehen f\u00fcr die Entwicklung und den Ausbau unseres schulischen Angebotes<\/p>\n\n\n\n<p><strong>2008 Sch\u00fcleroscar<\/strong><br>Gewinnerin: Lina R\u00f6ttger<\/p>\n\n\n\n<p><strong>2005 Gau\u00df-Preis<\/strong><br>Sonderpreis im Sch\u00fclerwettbewerb<\/p>\n\n\n\n<p><strong>2005 Mein Heimatland Niedersachsen<\/strong><br>Auszeichnung im Zeichenwettbewerb<\/p>\n\n\n\n<p><strong>2001 Ella \u2013 B\u00fclow \u2013 Preis<\/strong><br>1. Platz im Sch\u00fclerwettbewerb<\/p>\n\n\n\n<figure class=\"wp-block-embed is-type-video is-provider-youtube wp-block-embed-youtube wp-embed-aspect-16-9 wp-has-aspect-ratio\"><div class=\"wp-block-embed__wrapper\">\n<iframe loading=\"lazy\"  id=\"_ytid_84003\"  width=\"840\" height=\"473\"  data-origwidth=\"840\" data-origheight=\"473\" src=\"https:\/\/www.youtube.com\/embed\/FecSyfp6ho8?enablejsapi=1&#038;autoplay=0&#038;cc_load_policy=0&#038;cc_lang_pref=&#038;iv_load_policy=1&#038;loop=0&#038;rel=1&#038;fs=1&#038;playsinline=0&#038;autohide=2&#038;theme=dark&#038;color=red&#038;controls=1&#038;disablekb=0&#038;\" class=\"__youtube_prefs__  epyt-is-override  no-lazyload\" title=\"YouTube player\"  allow=\"fullscreen; accelerometer; autoplay; clipboard-write; encrypted-media; gyroscope; picture-in-picture; web-share\" referrerpolicy=\"strict-origin-when-cross-origin\" allowfullscreen data-no-lazy=\"1\" data-skipgform_ajax_framebjll=\"\"><\/iframe>\n<\/div><\/figure>\n\n\n\n<figure class=\"wp-block-embed is-type-video is-provider-youtube wp-block-embed-youtube wp-embed-aspect-16-9 wp-has-aspect-ratio\"><div class=\"wp-block-embed__wrapper\">\n<iframe loading=\"lazy\"  id=\"_ytid_91699\"  width=\"840\" height=\"473\"  data-origwidth=\"840\" data-origheight=\"473\" src=\"https:\/\/www.youtube.com\/embed\/Ew0zXYleAVc?enablejsapi=1&#038;autoplay=0&#038;cc_load_policy=0&#038;cc_lang_pref=&#038;iv_load_policy=1&#038;loop=0&#038;rel=1&#038;fs=1&#038;playsinline=0&#038;autohide=2&#038;theme=dark&#038;color=red&#038;controls=1&#038;disablekb=0&#038;\" class=\"__youtube_prefs__  epyt-is-override  no-lazyload\" title=\"YouTube player\"  allow=\"fullscreen; accelerometer; autoplay; clipboard-write; encrypted-media; gyroscope; picture-in-picture; web-share\" referrerpolicy=\"strict-origin-when-cross-origin\" allowfullscreen data-no-lazy=\"1\" data-skipgform_ajax_framebjll=\"\"><\/iframe>\n<\/div><\/figure>\n\n\n\n<figure class=\"wp-block-embed is-type-video is-provider-youtube wp-block-embed-youtube wp-embed-aspect-16-9 wp-has-aspect-ratio\"><div class=\"wp-block-embed__wrapper\">\n<iframe loading=\"lazy\"  id=\"_ytid_11899\"  width=\"840\" height=\"473\"  data-origwidth=\"840\" data-origheight=\"473\" src=\"https:\/\/www.youtube.com\/embed\/MP-CmSxuP4g?enablejsapi=1&#038;autoplay=0&#038;cc_load_policy=0&#038;cc_lang_pref=&#038;iv_load_policy=1&#038;loop=0&#038;rel=1&#038;fs=1&#038;playsinline=0&#038;autohide=2&#038;theme=dark&#038;color=red&#038;controls=1&#038;disablekb=0&#038;\" class=\"__youtube_prefs__  epyt-is-override  no-lazyload\" title=\"YouTube player\"  allow=\"fullscreen; accelerometer; autoplay; clipboard-write; encrypted-media; gyroscope; picture-in-picture; web-share\" referrerpolicy=\"strict-origin-when-cross-origin\" allowfullscreen data-no-lazy=\"1\" data-skipgform_ajax_framebjll=\"\"><\/iframe>\n<\/div><\/figure>\n","protected":false},"excerpt":{"rendered":"<p>Wettbewerbe sind ein fester Bestandteil unserer schulischen Aktivit\u00e4ten, deren Teilnahme weit \u00fcber den normalen Schulalltag hinausgehen. Unsere Sch\u00fclerschaft kann ihre eigenen Ideen verwirklichen, sich ausprobieren und ihre F\u00e4higkeiten messen. Dies<\/p>\n","protected":false},"author":277,"featured_media":0,"parent":0,"menu_order":0,"comment_status":"closed","ping_status":"closed","template":"","meta":{"footnotes":""},"class_list":["post-224","page","type-page","status-publish","hentry"],"_links":{"self":[{"href":"https:\/\/wordpress.nibis.de\/cfgs\/wp-json\/wp\/v2\/pages\/224","targetHints":{"allow":["GET"]}}],"collection":[{"href":"https:\/\/wordpress.nibis.de\/cfgs\/wp-json\/wp\/v2\/pages"}],"about":[{"href":"https:\/\/wordpress.nibis.de\/cfgs\/wp-json\/wp\/v2\/types\/page"}],"author":[{"embeddable":true,"href":"https:\/\/wordpress.nibis.de\/cfgs\/wp-json\/wp\/v2\/users\/277"}],"replies":[{"embeddable":true,"href":"https:\/\/wordpress.nibis.de\/cfgs\/wp-json\/wp\/v2\/comments?post=224"}],"version-history":[{"count":8,"href":"https:\/\/wordpress.nibis.de\/cfgs\/wp-json\/wp\/v2\/pages\/224\/revisions"}],"predecessor-version":[{"id":5704,"href":"https:\/\/wordpress.nibis.de\/cfgs\/wp-json\/wp\/v2\/pages\/224\/revisions\/5704"}],"wp:attachment":[{"href":"https:\/\/wordpress.nibis.de\/cfgs\/wp-json\/wp\/v2\/media?parent=224"}],"curies":[{"name":"wp","href":"https:\/\/api.w.org\/{rel}","templated":true}]}}