{"id":2392,"date":"2021-01-14T21:02:51","date_gmt":"2021-01-14T20:02:51","guid":{"rendered":"http:\/\/wordpress.nibis.de\/cfgs\/?page_id=2392"},"modified":"2021-02-24T11:27:10","modified_gmt":"2021-02-24T10:27:10","slug":"blaeserklasse-orchester","status":"publish","type":"page","link":"https:\/\/wordpress.nibis.de\/cfgs\/blaeserklasse-orchester\/","title":{"rendered":"Bl\u00e4serklasse\/ Orchester"},"content":{"rendered":"\n<p>Seit 2015 gibt es an unserer Schule die <strong>Bl\u00e4serklasse<\/strong>. Unsere Bl\u00e4serklasse ist ein moderner, motivierender und effektiver Musikunterricht, in dem die teilnehmenden Kinder und Jugendliche systematisch ein Instrument erlernen. Die Lerninhalte des Unterrichts werden durch eigenes aktives Musizieren verst\u00e4ndlicher, der Sinn des Lernens klar.<\/p>\n\n\n\n<p>Die Kinder dieser Klasse bilden ab Beginn der Jahrgangsstufe 5 ein Orchester, welches w\u00e4hrend der beiden w\u00f6chentlichen Musikstunden gemeinsam probt. Als Vorbild gilt das symphonische Blasorchester \u2013 entsprechend sind auch die Instrumente vertreten: <em>Querfl\u00f6te, Klarinette, Saxophon, Trompete, Posaune, Tenorhorn und Schlagwerk.<\/em><\/p>\n\n\n\n<p>Sollte kein eigenes Instrument vorhanden sein, kann sich jedes Kind ein Schulinstrument ausleihen und nat\u00fcrlich auch zum \u00dcben mit nach Hause nehmen.<\/p>\n\n\n\n<p>Die Bl\u00e4serklasse ist ein zweij\u00e4hriger Musikkurs. Danach besteht an unserer Schule die M\u00f6glichkeit, im <strong>Schulorchester<\/strong> oder in der Schulband mitzuspielen. Um eine qualifizierte Ausbildung auf dem Instrument zu garantieren, erhalten die Kinder einmal w\u00f6chentlich Instrumentalunterricht auf ihrem Instrument. Dieser wird von ausgebildeten Instrumentalp\u00e4dagogen in Kleingruppen erteilt.<\/p>\n","protected":false},"excerpt":{"rendered":"<p>Seit 2015 gibt es an unserer Schule die Bl\u00e4serklasse. Unsere Bl\u00e4serklasse ist ein moderner, motivierender und effektiver Musikunterricht, in dem die teilnehmenden Kinder und Jugendliche systematisch ein Instrument erlernen. Die<\/p>\n","protected":false},"author":277,"featured_media":3560,"parent":0,"menu_order":0,"comment_status":"closed","ping_status":"closed","template":"","meta":{"footnotes":""},"class_list":["post-2392","page","type-page","status-publish","has-post-thumbnail","hentry"],"_links":{"self":[{"href":"https:\/\/wordpress.nibis.de\/cfgs\/wp-json\/wp\/v2\/pages\/2392","targetHints":{"allow":["GET"]}}],"collection":[{"href":"https:\/\/wordpress.nibis.de\/cfgs\/wp-json\/wp\/v2\/pages"}],"about":[{"href":"https:\/\/wordpress.nibis.de\/cfgs\/wp-json\/wp\/v2\/types\/page"}],"author":[{"embeddable":true,"href":"https:\/\/wordpress.nibis.de\/cfgs\/wp-json\/wp\/v2\/users\/277"}],"replies":[{"embeddable":true,"href":"https:\/\/wordpress.nibis.de\/cfgs\/wp-json\/wp\/v2\/comments?post=2392"}],"version-history":[{"count":6,"href":"https:\/\/wordpress.nibis.de\/cfgs\/wp-json\/wp\/v2\/pages\/2392\/revisions"}],"predecessor-version":[{"id":3751,"href":"https:\/\/wordpress.nibis.de\/cfgs\/wp-json\/wp\/v2\/pages\/2392\/revisions\/3751"}],"wp:featuredmedia":[{"embeddable":true,"href":"https:\/\/wordpress.nibis.de\/cfgs\/wp-json\/wp\/v2\/media\/3560"}],"wp:attachment":[{"href":"https:\/\/wordpress.nibis.de\/cfgs\/wp-json\/wp\/v2\/media?parent=2392"}],"curies":[{"name":"wp","href":"https:\/\/api.w.org\/{rel}","templated":true}]}}