{"id":2662,"date":"2021-01-20T08:15:28","date_gmt":"2021-01-20T07:15:28","guid":{"rendered":"http:\/\/wordpress.nibis.de\/cfgs\/?page_id=2662"},"modified":"2021-01-20T11:03:43","modified_gmt":"2021-01-20T10:03:43","slug":"technik","status":"publish","type":"page","link":"https:\/\/wordpress.nibis.de\/cfgs\/technik\/","title":{"rendered":"Technik"},"content":{"rendered":"\n<p>Der Unterricht im Fach Technik soll der Sch\u00fclerschaft Erfahrungen im Umgang mit verschiedenen Materialien, Werkzeugen und Verfahren vermitteln. Sie lernen ihre F\u00e4higkeiten und Fertigkeiten kennen, arbeiten mit ihren H\u00e4nden, Werkzeugen und Maschinen. Diese wertvollen Erfahrungen k\u00f6nnen im Alltag und sp\u00e4ter bei der Berufswahl sehr n\u00fctzlich sein.<\/p>\n\n\n\n<p>Technik wird von unserer Sch\u00fclerschaft des Realschulzweigs der 7. und 8. Klasse f\u00fcr mindestens ein bis maximal zwei Schulhalbjahre als Grundkurs belegt. In Jahrgang 9 und 10 besteht dann die M\u00f6glichkeit Technik als Profilkurs zu w\u00e4hlen.<\/p>\n\n\n\n<p>Das Fach bereitet den Weg f\u00fcr eine technische Grundbildung und liefert somit wertvolle Aspekte f\u00fcr eine sp\u00e4tere Berufswahl im technischen Bereich. Zus\u00e4tzlich werden durch den Fachbereich Besuche an au\u00dferschulischen Lernorten, wie z.B. dem <a href=\"https:\/\/wordpress.nibis.de\/cfgs\/ausflug-der-technikschueler-in-das-phaneo-nach-wolfsburg\/\">Phaeno<\/a> in Wolfsburg, organisiert.<\/p>\n\n\n\n<p>Als MIN<strong>T<\/strong>-Schule besitzt das Fach <strong>Technik<\/strong> einen besonderen Stellenwert bei uns. Hier sind die Veranstaltung bzw. die Teilnahme an technischen Wettbewerben z.B. wie dem <a href=\"https:\/\/stiftung-niedersachsenmetall.de\/veranstaltungen\/solarcup-goettingen\" target=\"_blank\" rel=\"noreferrer noopener\">Solarcup<\/a> oder der <a href=\"https:\/\/stiftung-niedersachsenmetall.de\/veranstaltungen\/formel-m-braunschweig\" target=\"_blank\" rel=\"noreferrer noopener\">Formel M \u2013 Das Auto aus der Mausefalle<\/a> zu nennen.<\/p>\n","protected":false},"excerpt":{"rendered":"<p>Der Unterricht im Fach Technik soll der Sch\u00fclerschaft Erfahrungen im Umgang mit verschiedenen Materialien, Werkzeugen und Verfahren vermitteln. Sie lernen ihre F\u00e4higkeiten und Fertigkeiten kennen, arbeiten mit ihren H\u00e4nden, Werkzeugen<\/p>\n","protected":false},"author":9193666,"featured_media":0,"parent":0,"menu_order":0,"comment_status":"closed","ping_status":"closed","template":"","meta":{"footnotes":""},"class_list":["post-2662","page","type-page","status-publish","hentry"],"_links":{"self":[{"href":"https:\/\/wordpress.nibis.de\/cfgs\/wp-json\/wp\/v2\/pages\/2662","targetHints":{"allow":["GET"]}}],"collection":[{"href":"https:\/\/wordpress.nibis.de\/cfgs\/wp-json\/wp\/v2\/pages"}],"about":[{"href":"https:\/\/wordpress.nibis.de\/cfgs\/wp-json\/wp\/v2\/types\/page"}],"author":[{"embeddable":true,"href":"https:\/\/wordpress.nibis.de\/cfgs\/wp-json\/wp\/v2\/users\/9193666"}],"replies":[{"embeddable":true,"href":"https:\/\/wordpress.nibis.de\/cfgs\/wp-json\/wp\/v2\/comments?post=2662"}],"version-history":[{"count":3,"href":"https:\/\/wordpress.nibis.de\/cfgs\/wp-json\/wp\/v2\/pages\/2662\/revisions"}],"predecessor-version":[{"id":2713,"href":"https:\/\/wordpress.nibis.de\/cfgs\/wp-json\/wp\/v2\/pages\/2662\/revisions\/2713"}],"wp:attachment":[{"href":"https:\/\/wordpress.nibis.de\/cfgs\/wp-json\/wp\/v2\/media?parent=2662"}],"curies":[{"name":"wp","href":"https:\/\/api.w.org\/{rel}","templated":true}]}}