{"id":3072,"date":"2021-02-16T12:34:03","date_gmt":"2021-02-16T11:34:03","guid":{"rendered":"http:\/\/wordpress.nibis.de\/cfgs\/?page_id=3072"},"modified":"2021-02-16T12:34:04","modified_gmt":"2021-02-16T11:34:04","slug":"das-anschlusspraktikum-klasse-10","status":"publish","type":"page","link":"https:\/\/wordpress.nibis.de\/cfgs\/das-anschlusspraktikum-klasse-10\/","title":{"rendered":"Das Anschlusspraktikum &#8211; Klasse 10"},"content":{"rendered":"\n<p>Das einw\u00f6chige Anschlusspraktikum dient den Jugendlichen dazu, sich ein letztes Mal vor dem Verlassen unserer Schule beruflich zu orientieren und der Frage nachzugehen, wie es nach der 10. Klasse weiter gehen kann. Dazu k\u00f6nnen sie ein erneutes Betriebspraktikum durchf\u00fchren oder von verschiedenen Hospitationsm\u00f6glichkeiten Gebrauch machen.<\/p>\n\n\n\n<p>Die Jugendlichen, die sich f\u00fcr ein <strong>Praktikum<\/strong> entscheiden, suchen sich selbstst\u00e4ndig einen Betrieb. <\/p>\n\n\n\n<p>Wer sich hingegen f\u00fcr das <strong>Hospitieren<\/strong> entscheidet, tr\u00e4gt sich in eine vorbereitete Liste ein, die durch die Klassenlehrekraft im Klassenraum ausgeh\u00e4ngt wird. Wichtig ist bei dieser Eintragung, insbesondere bei der Auswahl einer BBS, dass die Sch\u00fclerinnen und Sch\u00fcler sich vorher auf den Homepages der BBS informieren, in welcher Fachschule und in welcher Fachrichtung sie hospitieren wollen, um dies dann eindeutig in die Liste eintragen zu k\u00f6nnen.<\/p>\n\n\n\n<ul class=\"wp-block-list\"><li>Zu den Fachschulformen an den Berufsschulen geh\u00f6ren die <em>Fachoberschulen<\/em>, in denen die Fachhochschulreife absolviert werden kann. Zugangsberechtigung daf\u00fcr ist der Sekundarabschluss I\/ Realschulabschluss. Hier k\u00f6nnen verschiedene Fachrichtungen gew\u00e4hlt werden entsprechend der Ausrichtung der BBS (BBS I-Wirtschaft, BBS II-z.B. Bautechnik, Metalltechnik, Elektrotechnik, Gestaltung, BBS III-Gesundheit und Soziales).<\/li><li>Eine weitere Fachschulform ist das <em>Berufliche Gymnasium<\/em>, Zugangsberechtigung daf\u00fcr ist der erweiterte Sekundarabschluss I\/ erweiterter Realschulabschluss. Auch hierbei k\u00f6nnen verschiedene Fachrichtungen gew\u00e4hlt werden entsprechend der Ausrichtung der BBS (BBS I- Wirtschaft, BBS II- z.B. Informationstechnik, Gestaltungs- und Medientechnik, Elektrotechnik, BBS III- Gesundheit und Pflege, \u00d6kotrophologie, Sozialp\u00e4dagogik).<\/li><li>F\u00e4llt die Wahl auf eine <em>Gesamtschule oder ein Gymnasium<\/em> tragen die Sch\u00fclerinnen und Sch\u00fcler nur den jeweiligen Namen der Schule ein. Zugangsberechtigung f\u00fcr Gesamtschulen und Gymnasien ist der erweiterte Sekundarabschluss I\/ erweiterter Realschulabschluss.<\/li><\/ul>\n\n\n\n<p>Die Praktikanten\/ Hospitierenden <strong>dokumentieren<\/strong> ihre Praktikumswoche\/ Hospitationswoche <strong>in Form eines Tages- und Abschlussberichts <\/strong>(Mindestanforderung zwei A4-Seiten). Diese Berichte werden mit einer Gewichtung von 30 % der schriftlichen Leistungen im Fach Wirtschaft bewertet.<\/p>\n\n\n\n<p>Die <strong>Klassenlehrkr\u00e4fte bereiten das Anschlusspraktikum vor<\/strong>. Dazu geh\u00f6rt, dass die Jugendlichen, die in einen Betrieb gehen, entsprechende Formulare, wie z.B. die Zusage des gew\u00e4hlten Betriebes, Informationsbl\u00e4tter f\u00fcr Eltern und Betriebe, Fahrtkostenantr\u00e4ge etc. zeitnah ausgeh\u00e4ndigt bekommen. Die Zusage vom Betrieb muss vor Beginn des Praktikums bei der Klassenlehrkraft abgegeben werden. Die Jugendlichen, die hospitieren wollen, tragen sich jeweils in eine Liste im Klassenraum ein. Die Organisation der Hospitationen \u00fcbernimmt die Schulleitung. Die Hospitierenden erhalten zeitnah entsprechende Informationen dazu.<\/p>\n\n\n\n<p>Bei Praktika au\u00dferhalb des Landkreises G\u00f6ttingen werden keine Fahrtkosten erstattet. In solchen F\u00e4llen m\u00fcssen Eltern vorab ihr Einverst\u00e4ndnis geben, dass sie auf eine Erstattung verzichten. Ein entsprechendes Formular wird rechtzeitig vor dem Praktikum ausgeh\u00e4ndigt.<\/p>\n\n\n\n<p><strong>Fahrtkosten<\/strong> werden vom Landkreis G\u00f6ttingen auf Antrag in folgenden F\u00e4llen erstattet:<\/p>\n\n\n\n<ul class=\"wp-block-list\"><li><strong>Nutzung \u00f6ffentlicher Verkehrsmittel<\/strong><ul><li>Die Wochenkarte f\u00fcr Busse\/Bahn ist auf ein extra Blatt zu kleben und mit dem Antrag abzugeben.<\/li><\/ul><ul><li>Sie als Eltern m\u00fcssen sich vorab im Internet oder im <a rel=\"noreferrer noopener\" href=\"https:\/\/vsninfo.de\/de\/service-center\" target=\"_blank\">Informationsturm am Busbahnhof<\/a> erkundigen, ob f\u00fcr die Fahrstrecke zum Praktikumsbetrieb &#8211; ggf. auch nur f\u00fcr eine Teilstrecke &#8211; die Jahreskarte der Schule genutzt werden kann.<\/li><li>Beispiel: <em>Wohnort: Gelliehausen &#8211; Praktikumsbetrieb: G\u00f6ttingen<\/em><ul><li>Hier darf keine Karte f\u00fcr die Strecke Gelliehausen \u2013 G\u00f6ttingen gekauft werden, da in der Jahreskarte schon die Strecke von Gelliehausen nach Klein Lengden eingeschlossen ist. Hier darf nur eine Karte von Klein Lengden nach G\u00f6ttingen gekauft werden und nur diese Karte wird vom Landkreis erstattet!<\/li><\/ul><\/li><\/ul><\/li><li><strong>Bei Fahrten mit dem PKW der Eltern<\/strong><ul><li>Diese sind nur erstattungsf\u00e4hig, wenn die Eltern einen Umweg ab 3km fahren. Hier muss vorab per Antrag beim Landkreis G\u00f6ttingen die Genehmigung erteilt werden, dass auf dieser Strecke keine Nutzung des \u00d6PNV m\u00f6glich oder zumutbar ist.<\/li><\/ul><\/li><\/ul>\n\n\n\n<div class=\"wp-block-group\"><div class=\"wp-block-group__inner-container is-layout-flow wp-block-group-is-layout-flow\">\n<p><strong>Regelungen f\u00fcr den Krankheitsfall<\/strong><\/p>\n<\/div><\/div>\n\n\n\n<p>Falls ihr Kind erkrankt, muss der entsprechende Betrieb bzw. die entsprechende Schule durch die Eltern informiert werden. Anschlie\u00dfend soll die Krankmeldung ebenfalls im <a href=\"https:\/\/wordpress.nibis.de\/cfgs\/sekreteriat\/\">Sekretariat<\/a> unserer Schule erfolgen.<\/p>\n","protected":false},"excerpt":{"rendered":"<p>Das einw\u00f6chige Anschlusspraktikum dient den Jugendlichen dazu, sich ein letztes Mal vor dem Verlassen unserer Schule beruflich zu orientieren und der Frage nachzugehen, wie es nach der 10. Klasse weiter<\/p>\n","protected":false},"author":9193449,"featured_media":0,"parent":0,"menu_order":0,"comment_status":"closed","ping_status":"closed","template":"","meta":{"footnotes":""},"class_list":["post-3072","page","type-page","status-publish","hentry"],"_links":{"self":[{"href":"https:\/\/wordpress.nibis.de\/cfgs\/wp-json\/wp\/v2\/pages\/3072","targetHints":{"allow":["GET"]}}],"collection":[{"href":"https:\/\/wordpress.nibis.de\/cfgs\/wp-json\/wp\/v2\/pages"}],"about":[{"href":"https:\/\/wordpress.nibis.de\/cfgs\/wp-json\/wp\/v2\/types\/page"}],"author":[{"embeddable":true,"href":"https:\/\/wordpress.nibis.de\/cfgs\/wp-json\/wp\/v2\/users\/9193449"}],"replies":[{"embeddable":true,"href":"https:\/\/wordpress.nibis.de\/cfgs\/wp-json\/wp\/v2\/comments?post=3072"}],"version-history":[{"count":6,"href":"https:\/\/wordpress.nibis.de\/cfgs\/wp-json\/wp\/v2\/pages\/3072\/revisions"}],"predecessor-version":[{"id":3308,"href":"https:\/\/wordpress.nibis.de\/cfgs\/wp-json\/wp\/v2\/pages\/3072\/revisions\/3308"}],"wp:attachment":[{"href":"https:\/\/wordpress.nibis.de\/cfgs\/wp-json\/wp\/v2\/media?parent=3072"}],"curies":[{"name":"wp","href":"https:\/\/api.w.org\/{rel}","templated":true}]}}