{"id":3409,"date":"2021-02-16T12:17:13","date_gmt":"2021-02-16T11:17:13","guid":{"rendered":"http:\/\/wordpress.nibis.de\/cfgs\/?page_id=3409"},"modified":"2026-01-28T08:49:55","modified_gmt":"2026-01-28T07:49:55","slug":"gesamtueberblick-berufsorientierung","status":"publish","type":"page","link":"https:\/\/wordpress.nibis.de\/cfgs\/gesamtueberblick-berufsorientierung\/","title":{"rendered":"Gesamt\u00fcberblick Berufsorientierung"},"content":{"rendered":"\n<p><strong>Kein Abschluss &#8211; ohne Anschluss<\/strong>!<\/p>\n\n\n\n<p>Ein ausgezeichneter Schwerpunkt unserer p\u00e4dagogischen Arbeit ist unsere Studien- und Berufsorientierung, die unsere Sch\u00fclerschaft von Klasse 5 bis 10 durchl\u00e4uft.<\/p>\n\n\n\n<p>Die Studien und Berufsorientierung verstehen wir als Querschnittsaufgabe aller F\u00e4cher. Im Laufe ihrer Schulzeit absolviert unsere Sch\u00fclerschaft unter anderem f\u00fcnf Praktika und lernt dabei unterschiedliche Berufsfelder und weiterf\u00fchrende Schulen kennen. So stellen wir sicher, dass alle Jugendlichen nach dem Abschluss an unserer Schule auch eine sichere Anschlussperspektive haben &#8211; entweder in der dualen Ausbildung, der Fachschulausbildung oder an einer weiterf\u00fchrenden Schule, um das Abitur zu machen.<\/p>\n\n\n\n<p>J\u00e4hrlich zum Ende eines Schuljahres laden wir unsere Sch\u00fclerinnen und Sch\u00fcler und Eltern und Erziehungsberechtigte zu einem ausf\u00fchrlichen Infoabend \u00fcber die Berufsorientierung an unserer Schule ein.<\/p>\n\n\n\n<p>Die wesentlichen Infos aus diesem Infoabend findest du <a href=\"https:\/\/wordpress.nibis.de\/cfgs\/files\/BO-an-CFG-Infoabend-05.06.2024.pdf\">hier<\/a><\/p>\n\n\n\n<p>Unsere Sch\u00fclerschaft der <strong>Jahrg\u00e4nge 5 bis 9 <\/strong>aller Schulzweige nimmt jedes Jahr am <em><a href=\"https:\/\/wordpress.nibis.de\/cfgs\/zukunftstag\/\">Zukunftstag<\/a><\/em> teil.<\/p>\n\n\n\n<p><strong>Im Schuljahr 7<\/strong> durchl\u00e4uft die Sch\u00fclerschaft aller Schulzweige die <em><a href=\"https:\/\/wordpress.nibis.de\/cfgs\/die-potentialanalyse-klasse-7\/\">Potentialanalyse<\/a><\/em>. Diese teilt sich in eine zweit\u00e4gige Theoriephase und eine zweiw\u00f6chige Praxisphase auf.<\/p>\n\n\n\n<p><strong>Im Schuljahr 8<\/strong> absolviert die Sch\u00fclerschaft aller Schulzweige <em>drei einw\u00f6chige <a href=\"https:\/\/wordpress.nibis.de\/cfgs\/die-schnupperpraktika-klasse-8\/\">Schnupperpraktika<\/a><\/em>, um praxisnahe Einblicke in verschiedene Berufszweige gewinnen zu k\u00f6nnen. Diese drei Praktika sollen in folgenden Berufsfeldern durchgef\u00fchrt werden:<\/p>\n\n\n\n<ul class=\"wp-block-list\">\n<li><em>Soziales\/Gesundheit<\/em> (Beispielberufe: Erzieher\/in, Altenpfleger\/in, Physiotherapeut\/in, medizinische\/r Fachangestellte\/r, Tierpfleger\/in etc.)<\/li>\n\n\n\n<li><em>Handwerk\/Technik<\/em> (Beispielberufe: Tischler\/in, Industriemechaniker\/in, Metallbauer\/in, KFZ-Mechatroniker\/in etc.)<\/li>\n\n\n\n<li><em>Dienstleistung\/Verwaltung<\/em> (Beispielberufe: Einzelhandelskauffrau\/mann, Tourismuskauffrau\/mann, Restaurantfachfrau\/mann, Immobilienkauffrau\/mann etc.)<\/li>\n<\/ul>\n\n\n\n<p><strong>Im Schuljahr 9<\/strong> absolviert die Sch\u00fclerschaft aller Schulzweige <em>ein dreiw\u00f6chiges <a href=\"https:\/\/wordpress.nibis.de\/cfgs\/das-betriebspraktikum-klasse-9\/\">Betriebspraktikum<\/a><\/em> im zweiten Schulhalbjahr. Dieses bietet eine gute M\u00f6glichkeit, vertiefend in einem ausgew\u00e4hlten Beruf, Erfahrungen im Arbeitsalltag zu sammeln.<\/p>\n\n\n\n<p><strong>Im Schuljahr 10 <\/strong>absolviert die Sch\u00fclerschaft aller Schulzweige <em>ein einw\u00f6chiges <a href=\"https:\/\/wordpress.nibis.de\/cfgs\/das-anschlusspraktikum-klasse-10\/\">Anschlusspraktikum<\/a><\/em> (Termin liegt regul\u00e4r bereits im November). Dies ist die letzte M\u00f6glichkeit, w\u00e4hrend der Zeit an unserer Schule noch einmal heraus zu finden, wie es im Anschluss an den Abschluss weitergehen soll. Alternativ haben die Jugendlichen die M\u00f6glichkeit, an weiterf\u00fchrenden Schulen in G\u00f6ttingen zu hospitieren. Hospitationen sind an folgenden Schulen m\u00f6glich: BBS I, BBS II, BBS III, IGS Georg-Christoph Lichtenberg Schule, IGS Geschwister-Scholl-Gesamtschule und die Gymnasien THG, OHG, MPG, FKG sowie das Hainberg-Gymnasium.<\/p>\n\n\n\n<p>Nicht ohne Grund sind wir eine <a rel=\"noreferrer noopener\" href=\"https:\/\/www.fellows-ghst.de\/gruppen\/initiative-starke-schule\/\" target=\"_blank\">&#8222;StarkeSchule&#8220;<\/a> und geh\u00f6ren zu <a rel=\"noreferrer noopener\" href=\"https:\/\/wordpress.nibis.de\/cfgs\/wir-sind-zweitbeste-schule-niedersachsens\/\" target=\"_blank\">Deutschlands besten Schulen<\/a>, die zur Ausbildungsreife f\u00fchren.<\/p>\n\n\n\n<p><strong>F\u00fcr alle Fragen rund um die Berufsorientierung <\/strong>an unserer Schule stehen unserer Sch\u00fclerschaft unsere <a href=\"https:\/\/wordpress.nibis.de\/cfgs\/kollegium\/\">Fachbereichsleiterin<\/a>, Frau Nieke unser <a href=\"https:\/\/wordpress.nibis.de\/cfgs\/schulsozialarbeit\/\">Schulsozialarbeiter<\/a> Herr Deisel, der <a href=\"https:\/\/wordpress.nibis.de\/cfgs\/kollegium\/\">Fachberater f\u00fcr Berufsorientierung des RLSB<\/a>, Herr Fornefeld, unsere <a href=\"https:\/\/wordpress.nibis.de\/cfgs\/berufseinstiegsbegleiter\/\">Berufseinstiegsbegleiter<\/a> und Frau Quandt sowie unsere <a href=\"https:\/\/wordpress.nibis.de\/cfgs\/wp-admin\/post.php?post=77&amp;action=edit\">Berufsberaterin Frau K\u00fcster<\/a> zur Verf\u00fcgung.<\/p>\n\n\n\n<p>Eine \u00dcbersicht \u00fcber unsere studien- und berufsorientierenden Ma\u00dfnahmen findest du hier.<\/p>\n\n\n\n<div data-wp-interactive=\"core\/file\" class=\"wp-block-file\"><object data-wp-bind--hidden=\"!state.hasPdfPreview\" hidden class=\"wp-block-file__embed\" data=\"http:\/\/wordpress.nibis.de\/cfgs\/files\/StuBo-2020_21.pdf\" type=\"application\/pdf\" style=\"width:100%;height:600px\" aria-label=\"Einbettung von StuBo-2020_21.\"><\/object><a id=\"wp-block-file--media-73784fa9-d9f5-47b9-b9d5-f0840b61fb61\" href=\"http:\/\/wordpress.nibis.de\/cfgs\/files\/StuBo-2020_21.pdf\">StuBo-2020_21<\/a><a href=\"http:\/\/wordpress.nibis.de\/cfgs\/files\/StuBo-2020_21.pdf\" class=\"wp-block-file__button wp-element-button\" download aria-describedby=\"wp-block-file--media-73784fa9-d9f5-47b9-b9d5-f0840b61fb61\">Herunterladen<\/a><\/div>\n\n\n\n\n","protected":false},"excerpt":{"rendered":"<p>Kein Abschluss &#8211; ohne Anschluss! Ein ausgezeichneter Schwerpunkt unserer p\u00e4dagogischen Arbeit ist unsere Studien- und Berufsorientierung, die unsere Sch\u00fclerschaft von Klasse 5 bis 10 durchl\u00e4uft. Die Studien und Berufsorientierung verstehen<\/p>\n","protected":false},"author":9193442,"featured_media":0,"parent":0,"menu_order":0,"comment_status":"closed","ping_status":"closed","template":"","meta":{"footnotes":""},"class_list":["post-3409","page","type-page","status-publish","hentry"],"_links":{"self":[{"href":"https:\/\/wordpress.nibis.de\/cfgs\/wp-json\/wp\/v2\/pages\/3409","targetHints":{"allow":["GET"]}}],"collection":[{"href":"https:\/\/wordpress.nibis.de\/cfgs\/wp-json\/wp\/v2\/pages"}],"about":[{"href":"https:\/\/wordpress.nibis.de\/cfgs\/wp-json\/wp\/v2\/types\/page"}],"author":[{"embeddable":true,"href":"https:\/\/wordpress.nibis.de\/cfgs\/wp-json\/wp\/v2\/users\/9193442"}],"replies":[{"embeddable":true,"href":"https:\/\/wordpress.nibis.de\/cfgs\/wp-json\/wp\/v2\/comments?post=3409"}],"version-history":[{"count":16,"href":"https:\/\/wordpress.nibis.de\/cfgs\/wp-json\/wp\/v2\/pages\/3409\/revisions"}],"predecessor-version":[{"id":7414,"href":"https:\/\/wordpress.nibis.de\/cfgs\/wp-json\/wp\/v2\/pages\/3409\/revisions\/7414"}],"wp:attachment":[{"href":"https:\/\/wordpress.nibis.de\/cfgs\/wp-json\/wp\/v2\/media?parent=3409"}],"curies":[{"name":"wp","href":"https:\/\/api.w.org\/{rel}","templated":true}]}}