{"id":3442,"date":"2021-02-18T09:13:19","date_gmt":"2021-02-18T08:13:19","guid":{"rendered":"http:\/\/wordpress.nibis.de\/cfgs\/?page_id=3442"},"modified":"2021-02-18T09:30:28","modified_gmt":"2021-02-18T08:30:28","slug":"leitbild","status":"publish","type":"page","link":"https:\/\/wordpress.nibis.de\/cfgs\/leitbild\/","title":{"rendered":"Leitbild der Carl-Friedrich-Gau\u00df-Schule"},"content":{"rendered":"\n<p><em><strong>\u201eEs ist nicht das Wissen, sondern das Lernen, nicht das Besitzen, sondern das Erwerben, nicht das Da-Sein, sondern das Hinkommen, was den gr\u00f6\u00dften Genu\u00df\u00a0 gew\u00e4hrt.\u201c<\/strong> (Carl-Friedrich-Gau\u00df)<\/em><\/p>\n\n\n\n<p>Unsere schulische Arbeit ist bestimmt durch die Entwicklung und F\u00f6rderung von personalen, sozialen und fachlichen Kompetenzen unserer Sch\u00fclerinnen und Sch\u00fcler.<\/p>\n\n\n\n<p>Wir vermitteln grundlegende fachliche Kenntnisse, F\u00e4higkeiten und Fertigkeiten und bereiten gezielt den \u00dcbergang in die Berufs- und Arbeitswelt sowie auf weiterf\u00fchrende Schulen vor.<\/p>\n\n\n\n<p>Wir st\u00e4rken die Entwicklung hin zu einer m\u00fcndigen und sozial verantwortlichen Pers\u00f6nlichkeit.<\/p>\n\n\n\n<p>Auf dem Weg dorthin begleiten wir unsere Sch\u00fclerinnen und Sch\u00fcler mit&nbsp; p\u00e4dagogischer Kompetenz und umfangreichen Beratungsangeboten, wobei wir eng mit den Erziehungsberechtigten zusammen arbeiten.<\/p>\n\n\n\n<p>Hilfsbereitschaft und Kooperationsf\u00e4higkeit, Leistungswille und Anstrengungsbereitschaft sind uns ebenso wichtig wie die Bereitschaft zum lebenslangen Lernen.<\/p>\n\n\n\n<p>In unserer Schule schaffen wir eine vertrauensvolle und freundliche Atmosph\u00e4re.<\/p>\n\n\n\n<p>Wir sind offen f\u00fcr alle Sch\u00fclerinnen und Sch\u00fcler und zeigen ihnen, dass sie in unserer Schule willkommen sind.<\/p>\n","protected":false},"excerpt":{"rendered":"<p>\u201eEs ist nicht das Wissen, sondern das Lernen, nicht das Besitzen, sondern das Erwerben, nicht das Da-Sein, sondern das Hinkommen, was den gr\u00f6\u00dften Genu\u00df\u00a0 gew\u00e4hrt.\u201c (Carl-Friedrich-Gau\u00df) Unsere schulische Arbeit ist<\/p>\n","protected":false},"author":9193717,"featured_media":0,"parent":0,"menu_order":0,"comment_status":"closed","ping_status":"closed","template":"","meta":{"footnotes":""},"class_list":["post-3442","page","type-page","status-publish","hentry"],"_links":{"self":[{"href":"https:\/\/wordpress.nibis.de\/cfgs\/wp-json\/wp\/v2\/pages\/3442","targetHints":{"allow":["GET"]}}],"collection":[{"href":"https:\/\/wordpress.nibis.de\/cfgs\/wp-json\/wp\/v2\/pages"}],"about":[{"href":"https:\/\/wordpress.nibis.de\/cfgs\/wp-json\/wp\/v2\/types\/page"}],"author":[{"embeddable":true,"href":"https:\/\/wordpress.nibis.de\/cfgs\/wp-json\/wp\/v2\/users\/9193717"}],"replies":[{"embeddable":true,"href":"https:\/\/wordpress.nibis.de\/cfgs\/wp-json\/wp\/v2\/comments?post=3442"}],"version-history":[{"count":3,"href":"https:\/\/wordpress.nibis.de\/cfgs\/wp-json\/wp\/v2\/pages\/3442\/revisions"}],"predecessor-version":[{"id":3510,"href":"https:\/\/wordpress.nibis.de\/cfgs\/wp-json\/wp\/v2\/pages\/3442\/revisions\/3510"}],"wp:attachment":[{"href":"https:\/\/wordpress.nibis.de\/cfgs\/wp-json\/wp\/v2\/media?parent=3442"}],"curies":[{"name":"wp","href":"https:\/\/api.w.org\/{rel}","templated":true}]}}