{"id":3635,"date":"2021-02-28T20:00:24","date_gmt":"2021-02-28T19:00:24","guid":{"rendered":"http:\/\/wordpress.nibis.de\/cfgs\/?page_id=3635"},"modified":"2021-02-28T20:00:25","modified_gmt":"2021-02-28T19:00:25","slug":"allgemeine-informationen-zum-ganztagsunterricht","status":"publish","type":"page","link":"https:\/\/wordpress.nibis.de\/cfgs\/allgemeine-informationen-zum-ganztagsunterricht\/","title":{"rendered":"Allgemeine Informationen zum Ganztagsunterricht"},"content":{"rendered":"\n<p>Als teilgebundene Ganztagsschule hat unsere Sch\u00fclerschaft an zwei Tagen verpflichtend Unterricht am Nachmittag. An weiteren zwei Tagen k\u00f6nnen vielf\u00e4ltige <a href=\"https:\/\/wordpress.nibis.de\/cfgs\/arbeitsgemeinschaften\/\">Arbeitsgemeinschaften<\/a> angew\u00e4hlt werden.<\/p>\n\n\n\n<p>Der 5. und 6. Jahrgang hat am montags und dienstags verpflichtend bis 15.30 Uhr Unterricht, die Jahrg\u00e4nge 7. bis 10. haben am mittwochs und donnerstags verpflichtend bis 15.30 Uhr Unterricht.  An jeweils einem der beiden verpflichtenden Nachmittage liegt eine Doppelstunde <a href=\"https:\/\/wordpress.nibis.de\/cfgs\/freies-lernen-fl\/\">Freies Lernen<\/a>. <\/p>\n\n\n\n<p>In der der 50-min\u00fctigen Mittagspause von 13.10 -14.00 Uhr bieten wir unserer Sch\u00fclerschaft von Montag bis Donnerstag ein warmes <a href=\"https:\/\/wordpress.nibis.de\/cfgs\/mensamax\/\" target=\"_blank\" rel=\"noreferrer noopener\">Mittagessen in unseren Schulmensen<\/a> an. Zu dieser Zeit \u00f6ffnet auch unsere Spieleausleihe. Die Sch\u00fclerschaft des 6. Jahrgangs verleiht dort mit Unterst\u00fctzung durch die <a href=\"https:\/\/wordpress.nibis.de\/cfgs\/schulsozialarbeit-beratungslehrer\/\">Schulsozialarbeit<\/a> eine Vielzahl von Spielger\u00e4ten.<\/p>\n","protected":false},"excerpt":{"rendered":"<p>Als teilgebundene Ganztagsschule hat unsere Sch\u00fclerschaft an zwei Tagen verpflichtend Unterricht am Nachmittag. An weiteren zwei Tagen k\u00f6nnen vielf\u00e4ltige Arbeitsgemeinschaften angew\u00e4hlt werden. Der 5. und 6. Jahrgang hat am montags<\/p>\n","protected":false},"author":9193449,"featured_media":0,"parent":0,"menu_order":0,"comment_status":"closed","ping_status":"closed","template":"","meta":{"footnotes":""},"class_list":["post-3635","page","type-page","status-publish","hentry"],"_links":{"self":[{"href":"https:\/\/wordpress.nibis.de\/cfgs\/wp-json\/wp\/v2\/pages\/3635","targetHints":{"allow":["GET"]}}],"collection":[{"href":"https:\/\/wordpress.nibis.de\/cfgs\/wp-json\/wp\/v2\/pages"}],"about":[{"href":"https:\/\/wordpress.nibis.de\/cfgs\/wp-json\/wp\/v2\/types\/page"}],"author":[{"embeddable":true,"href":"https:\/\/wordpress.nibis.de\/cfgs\/wp-json\/wp\/v2\/users\/9193449"}],"replies":[{"embeddable":true,"href":"https:\/\/wordpress.nibis.de\/cfgs\/wp-json\/wp\/v2\/comments?post=3635"}],"version-history":[{"count":1,"href":"https:\/\/wordpress.nibis.de\/cfgs\/wp-json\/wp\/v2\/pages\/3635\/revisions"}],"predecessor-version":[{"id":3636,"href":"https:\/\/wordpress.nibis.de\/cfgs\/wp-json\/wp\/v2\/pages\/3635\/revisions\/3636"}],"wp:attachment":[{"href":"https:\/\/wordpress.nibis.de\/cfgs\/wp-json\/wp\/v2\/media?parent=3635"}],"curies":[{"name":"wp","href":"https:\/\/api.w.org\/{rel}","templated":true}]}}