{"id":3669,"date":"2021-03-02T11:47:42","date_gmt":"2021-03-02T10:47:42","guid":{"rendered":"http:\/\/wordpress.nibis.de\/cfgs\/?page_id=3669"},"modified":"2021-03-02T11:47:45","modified_gmt":"2021-03-02T10:47:45","slug":"schule-ohne-rassismus-schule-mit-courage","status":"publish","type":"page","link":"https:\/\/wordpress.nibis.de\/cfgs\/schule-ohne-rassismus-schule-mit-courage\/","title":{"rendered":"Schule ohne Rassismus &#8211; Schule mit Courage"},"content":{"rendered":"\n<p><a href=\"https:\/\/wordpress.nibis.de\/cfgs\/schule-ohne-rassismus-schule-mit-courage\/\">Unsere Sch\u00fclervertretung etablierte im Schuljahr 2015\/2016 das Projekt Schule ohne Rassismus &#8211; Schule mit Courage<\/a>. <em>Es ist eine Selbstverpflichtung der Mitglieder unserer Schule, sich aktiv gegen Diskriminierungen, insbesondere Rassismus, einzusetzen. Wenn es zu Gewalt und Diskriminierungen an unserer Schule kommt, dann werden wir nicht wegschauen und schulterzuckend vorbeigehen, sondern uns aktiv mit der Situation auseinandersetzen.<\/em><\/p>\n\n\n\n<p>Um die Nachhaltigkeit des Projekts zu gew\u00e4hrleisten, bot es sich an, die Arbeit an dem Projekt als dauerhaft angelegte <a href=\"https:\/\/wordpress.nibis.de\/cfgs\/arbeitsgemeinschaften\/\">Arbeitsgemeinschaft<\/a> .Dabei steht die AG SOR\/SMC weder rechts oder links. Das Anliegen von&nbsp;<a rel=\"noreferrer noopener\" href=\"https:\/\/www.schule-ohne-rassismus.org\/\" target=\"_blank\">Schule ohne Rassismus &#8211; Schule mit Courage<\/a>&nbsp;sollte Aufgabe aller Demokrat*innen sein, n\u00e4mlich eine offene und demokratische Kultur bereits unter Kindern und Jugendlichen zu etablieren. Vertreter*innen aller im Bundestag vertretenen demokratischen Parteien unterst\u00fctzen unser Anliegen, ebenso Vertreter*innen von Gewerkschaften und Glaubensgemeinschaften.<\/p>\n\n\n\n<p>Dabei besch\u00e4ftigen wir uns nicht ausschlie\u00dflich mit dem Thema Rassismus. Wir besch\u00e4ftigen uns gleicherma\u00dfen mit Diskriminierung aufgrund der Religion, der sozialen Herkunft, des Geschlechts, k\u00f6rperlicher Merkmale, der politischen Weltanschauung und der sexuellen Orientierung. Dabei soll die Aktivit\u00e4t der Sch\u00fcler*innen im Vordergrund stehen.&nbsp; Die AG-Mitglieder haben gro\u00dfes Mitspracherecht bei der Auswahl der Themen. So wurden in der Vergangenheit viele Projekte angeschoben und durchgef\u00fchrt. Wie zum Beispiel die regelm\u00e4\u00dfige Begegnung mit Kindern aus dem Grenzdurchgangslager, Gruppendiskussionen zu den Fragen \u201eWas ist Heimat?\u201c und \u201eWas ist Zuhause?\u201c, Pr\u00e4sentationen zum Thema \u201eRechte Symbolik\u201c, das Erstellen eines Plakats mit einer Weltkarte mit allen Herkunftsl\u00e4ndern von Sch\u00fcler*innen unserer Schule und das Alkoholmissbrauchspr\u00e4ventionsprojekt \u201eHackedicht\u201c.<\/p>\n\n\n\n<p>F\u00fcr die Zukunft sind viele weitere spannende Projekte angedacht!<\/p>\n","protected":false},"excerpt":{"rendered":"<p>Unsere Sch\u00fclervertretung etablierte im Schuljahr 2015\/2016 das Projekt Schule ohne Rassismus &#8211; Schule mit Courage. Es ist eine Selbstverpflichtung der Mitglieder unserer Schule, sich aktiv gegen Diskriminierungen, insbesondere Rassismus, einzusetzen.<\/p>\n","protected":false},"author":9193449,"featured_media":0,"parent":0,"menu_order":0,"comment_status":"closed","ping_status":"closed","template":"","meta":{"footnotes":""},"class_list":["post-3669","page","type-page","status-publish","hentry"],"_links":{"self":[{"href":"https:\/\/wordpress.nibis.de\/cfgs\/wp-json\/wp\/v2\/pages\/3669","targetHints":{"allow":["GET"]}}],"collection":[{"href":"https:\/\/wordpress.nibis.de\/cfgs\/wp-json\/wp\/v2\/pages"}],"about":[{"href":"https:\/\/wordpress.nibis.de\/cfgs\/wp-json\/wp\/v2\/types\/page"}],"author":[{"embeddable":true,"href":"https:\/\/wordpress.nibis.de\/cfgs\/wp-json\/wp\/v2\/users\/9193449"}],"replies":[{"embeddable":true,"href":"https:\/\/wordpress.nibis.de\/cfgs\/wp-json\/wp\/v2\/comments?post=3669"}],"version-history":[{"count":5,"href":"https:\/\/wordpress.nibis.de\/cfgs\/wp-json\/wp\/v2\/pages\/3669\/revisions"}],"predecessor-version":[{"id":3683,"href":"https:\/\/wordpress.nibis.de\/cfgs\/wp-json\/wp\/v2\/pages\/3669\/revisions\/3683"}],"wp:attachment":[{"href":"https:\/\/wordpress.nibis.de\/cfgs\/wp-json\/wp\/v2\/media?parent=3669"}],"curies":[{"name":"wp","href":"https:\/\/api.w.org\/{rel}","templated":true}]}}