{"id":3740,"date":"2021-03-09T11:46:28","date_gmt":"2021-03-09T10:46:28","guid":{"rendered":"http:\/\/wordpress.nibis.de\/cfgs\/?page_id=3740"},"modified":"2021-03-09T11:46:31","modified_gmt":"2021-03-09T10:46:31","slug":"schwimmunterricht","status":"publish","type":"page","link":"https:\/\/wordpress.nibis.de\/cfgs\/schwimmunterricht\/","title":{"rendered":"Schwimmunterricht"},"content":{"rendered":"\n<p>Schwimmen ist gesund, h\u00e4lt K\u00f6rper und Geist fit und ist in manchen Situationen sogar \u00fcberlebenswichtig. Es hat einen positiven Effekt auf Muskeln, Gelenke, Ausdauer und Kondition. <\/p>\n\n\n\n<p>Seit vielen Jahren geh\u00f6rt an unserer Schule der Schwimmunterricht zum festen Bestandteil des Lehrplans. Zweimal in der Woche wird im Rahmen des Sportunterrichts im 5. Jahrgang und im Rahmen einer AG f\u00fcr alle Jahrg\u00e4nge, zum Schwimmen in die Eiswiese nach G\u00f6ttingen gefahren. Daf\u00fcr nutzen wir einen nur f\u00fcr uns bereitgestellten Schwimmbus, der uns von der Schule sicher zur Eiswiese und wieder zur\u00fcckbringt. Durch feste Schwimmzeiten im Gruppenbad der Eiswiese haben wir das 25m lange und 2m tiefe Becken f\u00fcr uns alleine. Auch das kleine Nichtschwimmerbecken k\u00f6nnen wir bei Bedarf nutzen. Im Sommer, bei sch\u00f6nem Wetter, haben wir sogar die M\u00f6glichkeit, in das Freibad am Brauweg zu gehen und dort das 50m Becken und den 10m Sprungturm zu nutzen.<\/p>\n\n\n\n<p>Nichtschwimmer lernen schwimmen und k\u00f6nnen dann das \u201eSeepferdchen\u201c erlangen, welches dann stolz auf der Badebekleidung getragen wird. Selbstverst\u00e4ndlich k\u00f6nnen im weiteren Verlauf die deutschen Schwimmabzeichen in \u201eBronze\u201c, \u201eSilber\u201c und \u201eGold\u201c in Theorie und Praxis errungen werden. Tauchen, Streckenschwimmen, verschiedene Schwimmstile, wie Kraulen, Brust- und R\u00fcckenschwimmen und diverse Rettungstechniken werden erlernt.<\/p>\n\n\n\n<p>Der Materialraum der Eiswiese ist gut ausgestattet, somit haben wir die M\u00f6glichkeit, Schwimmbretter, Tauchringe, Wasserb\u00e4lle, Schwimmg\u00fcrtel, div. Auftriebshilfen, Schnorchel, Masken und Flossen zu verwenden und den Umgang mit ihnen&nbsp;sicher zu erlernen.<\/p>\n\n\n\n<p>Das Schwimmtraining wird von unseren Sportlehrern und einem Tauchlehrer durchgef\u00fchrt, die mindestens alle im Besitz des deutschen Rettungsschwimmabzeichens \u201eBronze\u201c der DLRG sind&nbsp; \u2013 alle drei Jahre m\u00fcssen sie ihre DLRG-Rettungsf\u00e4higkeit nachweisen bzw. in Theorie und Praxis auffrischen.<\/p>\n","protected":false},"excerpt":{"rendered":"<p>Schwimmen ist gesund, h\u00e4lt K\u00f6rper und Geist fit und ist in manchen Situationen sogar \u00fcberlebenswichtig. Es hat einen positiven Effekt auf Muskeln, Gelenke, Ausdauer und Kondition. Seit vielen Jahren geh\u00f6rt<\/p>\n","protected":false},"author":9193449,"featured_media":0,"parent":0,"menu_order":0,"comment_status":"closed","ping_status":"closed","template":"","meta":{"footnotes":""},"class_list":["post-3740","page","type-page","status-publish","hentry"],"_links":{"self":[{"href":"https:\/\/wordpress.nibis.de\/cfgs\/wp-json\/wp\/v2\/pages\/3740","targetHints":{"allow":["GET"]}}],"collection":[{"href":"https:\/\/wordpress.nibis.de\/cfgs\/wp-json\/wp\/v2\/pages"}],"about":[{"href":"https:\/\/wordpress.nibis.de\/cfgs\/wp-json\/wp\/v2\/types\/page"}],"author":[{"embeddable":true,"href":"https:\/\/wordpress.nibis.de\/cfgs\/wp-json\/wp\/v2\/users\/9193449"}],"replies":[{"embeddable":true,"href":"https:\/\/wordpress.nibis.de\/cfgs\/wp-json\/wp\/v2\/comments?post=3740"}],"version-history":[{"count":3,"href":"https:\/\/wordpress.nibis.de\/cfgs\/wp-json\/wp\/v2\/pages\/3740\/revisions"}],"predecessor-version":[{"id":3765,"href":"https:\/\/wordpress.nibis.de\/cfgs\/wp-json\/wp\/v2\/pages\/3740\/revisions\/3765"}],"wp:attachment":[{"href":"https:\/\/wordpress.nibis.de\/cfgs\/wp-json\/wp\/v2\/media?parent=3740"}],"curies":[{"name":"wp","href":"https:\/\/api.w.org\/{rel}","templated":true}]}}