{"id":3743,"date":"2021-03-09T11:46:48","date_gmt":"2021-03-09T10:46:48","guid":{"rendered":"http:\/\/wordpress.nibis.de\/cfgs\/?page_id=3743"},"modified":"2021-03-09T11:46:50","modified_gmt":"2021-03-09T10:46:50","slug":"reitunterricht","status":"publish","type":"page","link":"https:\/\/wordpress.nibis.de\/cfgs\/reitunterricht\/","title":{"rendered":"Reitunterricht"},"content":{"rendered":"\n<p>Seit dem Schuljahr 2011\/2012 gibt es an unserer Schule die M\u00f6glichkeit, in der 5. Klasse in einem Halbjahr statt Sport, einen Reitkurs zu belegen. Der Unterricht liegt am Montag in der 3. und 4. Stunde. Hier lernen die jeweils 8-9 Kinder den Umgang mit dem Pferd, Grundlagen der Pferdepflege, das F\u00fchren des Pferdes und machen erste Reiterfahrungen. Zudem werden noch die Reitutensilien, die F\u00fctterung und die Stallhaltung und Vieles mehr thematisiert, so dass die ersten Grundsteine im Umgang mit dem Pferd erlernent werden k\u00f6nnen. Hierbei unterst\u00fctzt uns Frau Gisela Heckmann mit ihrer <a rel=\"noreferrer noopener\" href=\"http:\/\/www.saga-reitschulen.de\/index.php\/einzelberg.html\" target=\"_blank\">Saga Reitschule am Einzelberg<\/a>. Sie ist die Besitzerin der Pferde und leitet den gesamten Reitbetrieb. Die besonders gutm\u00fctigen Islandpferde kennen den Kontakt mit Kindern und sind f\u00fcr Reitanf\u00e4nger besonders gut geeignet. Eine Lehrkraft der Schule betreut den Reitkurs zus\u00e4tzlich. <\/p>\n\n\n\n<p>Grunds\u00e4tzlicher Ablauf der Doppelstunde:<\/p>\n\n\n\n<ul class=\"wp-block-list\"><li>Kurze Wanderung von der Schule zum Einzelberg<\/li><li>Umziehen<\/li><li>Einteilung der Pferde und kurze Besprechung<\/li><li>Putzen der Pferde<\/li><li>Arbeit mit den Pferden (ein bestimmtes Thema pro Doppelstunde z.B. F\u00fchren eines Pferdes oder Reiten von Schlangenlinien usw.)<\/li><li>Zur\u00fcckbringen der Pferde in den Stall<\/li><li>Umziehen<\/li><li>R\u00fcckwanderung zur Schule<\/li><\/ul>\n\n\n\n<p>Das Reiten ist grunds\u00e4tzlich kostenlos f\u00fcr euch.<\/p>\n","protected":false},"excerpt":{"rendered":"<p>Seit dem Schuljahr 2011\/2012 gibt es an unserer Schule die M\u00f6glichkeit, in der 5. Klasse in einem Halbjahr statt Sport, einen Reitkurs zu belegen. Der Unterricht liegt am Montag in<\/p>\n","protected":false},"author":9193449,"featured_media":0,"parent":0,"menu_order":0,"comment_status":"closed","ping_status":"closed","template":"","meta":{"footnotes":""},"class_list":["post-3743","page","type-page","status-publish","hentry"],"_links":{"self":[{"href":"https:\/\/wordpress.nibis.de\/cfgs\/wp-json\/wp\/v2\/pages\/3743","targetHints":{"allow":["GET"]}}],"collection":[{"href":"https:\/\/wordpress.nibis.de\/cfgs\/wp-json\/wp\/v2\/pages"}],"about":[{"href":"https:\/\/wordpress.nibis.de\/cfgs\/wp-json\/wp\/v2\/types\/page"}],"author":[{"embeddable":true,"href":"https:\/\/wordpress.nibis.de\/cfgs\/wp-json\/wp\/v2\/users\/9193449"}],"replies":[{"embeddable":true,"href":"https:\/\/wordpress.nibis.de\/cfgs\/wp-json\/wp\/v2\/comments?post=3743"}],"version-history":[{"count":3,"href":"https:\/\/wordpress.nibis.de\/cfgs\/wp-json\/wp\/v2\/pages\/3743\/revisions"}],"predecessor-version":[{"id":3755,"href":"https:\/\/wordpress.nibis.de\/cfgs\/wp-json\/wp\/v2\/pages\/3743\/revisions\/3755"}],"wp:attachment":[{"href":"https:\/\/wordpress.nibis.de\/cfgs\/wp-json\/wp\/v2\/media?parent=3743"}],"curies":[{"name":"wp","href":"https:\/\/api.w.org\/{rel}","templated":true}]}}