{"id":4758,"date":"2022-04-20T14:11:48","date_gmt":"2022-04-20T12:11:48","guid":{"rendered":"https:\/\/wordpress.nibis.de\/cfgs\/?page_id=4758"},"modified":"2024-01-18T09:25:45","modified_gmt":"2024-01-18T08:25:45","slug":"umweltschule-in-europa","status":"publish","type":"page","link":"https:\/\/wordpress.nibis.de\/cfgs\/umweltschule-in-europa\/","title":{"rendered":"Umweltschule in Europa \/ BNE &#8211; alte Version 18\/01\/24"},"content":{"rendered":"\n<p><strong>Umtopfaktion von Olivenb\u00e4umen als Warnsignal f\u00fcr den Klimawandel&nbsp; und zum Weltfriedenstag am 21. September 2019<\/strong><\/p>\n<p>&nbsp;<\/p>\n\n\n\n<figure class=\"wp-block-image size-large\"><img decoding=\"async\" src=\"http:\/\/wordpress.nibis.de\/cfgs\/files\/DSC00839_Olivenbaum-Warnsignal-Klimawandel-und-fuer-Frieden-640x480.jpg\" alt=\"\" class=\"wp-image-4875\" \/><\/figure>\n\n\n\n<p><strong>Workshop \u201cNo Planet B\u201c am 18. Februar 2020<\/strong><\/p>\n<p>30 Sch\u00fcler:innen aus den Jahrg\u00e4ngen 8 bis 10 nahmen teil und arbeiteten zu den Themen \u201cFast Fashion\u201d und \u201eErn\u00e4hrung\u201c. Der Workshop wurde durchgef\u00fchrt von der Friedrich-Ebert-Stiftung.<\/p>\n<p>&nbsp;<\/p>\n<p>&nbsp;<\/p>\n\n\n\n<figure class=\"wp-block-image size-full\"><img decoding=\"async\" src=\"http:\/\/wordpress.nibis.de\/cfgs\/files\/DSC00953-No-Planet-B-Ernaehrung.jpg\" alt=\"\" class=\"wp-image-4884\" \/><\/figure>\n\n\n\n<p>Sch\u00fcler:innen erarbeiten eine Pr\u00e4sentation zum Thema Ern\u00e4hrung: Das Klima isst mit \u2013 Was hat unsere Ern\u00e4hrung mit dem Klimawandel zu tun? Und wie kann ich mich \u201eKlimafreundlicher \u201e ern\u00e4hren?<\/p>\n<p>&nbsp;<\/p>\n\n\n\n<figure class=\"wp-block-image size-full\"><img decoding=\"async\" src=\"http:\/\/wordpress.nibis.de\/cfgs\/files\/DSC00955-No-Planet-B-Fast-Fashion.jpg\" alt=\"\" class=\"wp-image-4885\" \/><\/figure>\n\n\n\n<p>Sch\u00fcler:innen diskutieren zum Thema \u201cFast Fashion\u201d: Der&nbsp; wahre Preis der Billigmode \u2013 Wem schadet unsere Shoppinglust? Und wie gelingt Modekonsum? und&nbsp; erarbeiten Alternativen zur Billigmode.<\/p>\n<p>&nbsp;<\/p>\n<p>&nbsp;<\/p>\n\n\n\n<figure class=\"wp-block-image size-full\"><img decoding=\"async\" src=\"http:\/\/wordpress.nibis.de\/cfgs\/files\/DSC00960No-Planet-B-Abschlussrunde.jpg\" alt=\"\" class=\"wp-image-4886\" \/><\/figure>\n\n\n\n<p>Abschlussrunde: Diskussion und Er\u00f6rterung nachhaltiger Lebensweisen (zum Beispiel Kleidertauschparties, Sekond Hand Mode, einmal pro Woche vegetarisch?, usw.)<\/p>\n<p>Mehr Informationen zum Workshop finden Sie \/ findest Du <a href=\"https:\/\/wordpress.nibis.de\/cfgs\/aktiv-fuer-den-klimaschutz\/\">hier<\/a><\/p>\n<p><strong>Wir tun was f\u00fcrs Klima &#8211; Mr. Pen wirbt f\u00fcr umweltschonende Schulmaterialien<\/strong><\/p>\n<p>Sch\u00fcler:innen unserer Schule machen sich stark f\u00fcr den blauen Engel, die Verwendung von Recylingpapier sowie langlebige und nachf\u00fcllbare Produkte. Hier geht\u00b4s zum Film:<\/p>\n<p>&nbsp;<\/p>\n<p>&nbsp;<\/p>\n\n\n\n<figure class=\"wp-block-embed is-type-video is-provider-youtube wp-block-embed-youtube wp-embed-aspect-16-9 wp-has-aspect-ratio\"><div class=\"wp-block-embed__wrapper\">\n<iframe loading=\"lazy\"  id=\"_ytid_83954\"  width=\"840\" height=\"473\"  data-origwidth=\"840\" data-origheight=\"473\" src=\"https:\/\/www.youtube.com\/embed\/M9o01l52bRg?enablejsapi=1&#038;autoplay=0&#038;cc_load_policy=0&#038;cc_lang_pref=&#038;iv_load_policy=1&#038;loop=0&#038;rel=1&#038;fs=1&#038;playsinline=0&#038;autohide=2&#038;theme=dark&#038;color=red&#038;controls=1&#038;disablekb=0&#038;\" class=\"__youtube_prefs__  epyt-is-override  no-lazyload\" title=\"YouTube player\"  allow=\"fullscreen; accelerometer; autoplay; clipboard-write; encrypted-media; gyroscope; picture-in-picture; web-share\" referrerpolicy=\"strict-origin-when-cross-origin\" allowfullscreen data-no-lazy=\"1\" data-skipgform_ajax_framebjll=\"\"><\/iframe>\n<\/div><\/figure>\n\n\n\n<p><strong>Verteilung der Starterpakete mit nachhaltigen Schulmaterialien von Mr. Pen an die Eltern der neuen F\u00fcnftkl\u00e4ssler:innen im Sommer 2020<\/strong><\/p>\n<p>&nbsp;<\/p>\n\n\n\n<figure class=\"wp-block-image size-full\"><img decoding=\"async\" src=\"http:\/\/wordpress.nibis.de\/cfgs\/files\/IMG_2448_Starterset.jpg\" alt=\"\" class=\"wp-image-4900\" \/><\/figure>\n\n\n\n\n\n<figure class=\"wp-block-image size-full\"><img decoding=\"async\" src=\"http:\/\/wordpress.nibis.de\/cfgs\/files\/IMG_2447_Starterset-2.jpg\" alt=\"\" class=\"wp-image-4899\" \/><\/figure>\n\n\n\n<p><strong>Der insektenfreundliche Schulgarten im Sp\u00e4tsommer 2020<\/strong><\/p>\n<p>&nbsp;<\/p>\n\n\n\n<figure class=\"wp-block-image size-large\"><img decoding=\"async\" src=\"http:\/\/wordpress.nibis.de\/cfgs\/files\/Bienenweide_150133-640x360.jpg\" alt=\"\" class=\"wp-image-4878\" \/><\/figure>\n\n\n\n\n\n<figure class=\"wp-block-image size-full\"><img decoding=\"async\" src=\"http:\/\/wordpress.nibis.de\/cfgs\/files\/DSC01223_Schulgarten-Spaetsommer.jpg\" alt=\"\" class=\"wp-image-4887\" \/><\/figure>\n\n\n\n<p><strong>Insektenhotels f\u00fcr Wildbienen im Schulgarten <\/strong><\/p>\n<p>&nbsp;<\/p>\n\n\n\n<figure class=\"wp-block-image size-full\"><img decoding=\"async\" src=\"http:\/\/wordpress.nibis.de\/cfgs\/files\/Foto-9.jpeg\" alt=\"\" class=\"wp-image-4888\" \/><\/figure>\n\n\n\n\n\n<figure class=\"wp-block-image size-full is-resized\"><img loading=\"lazy\" decoding=\"async\" src=\"http:\/\/wordpress.nibis.de\/cfgs\/files\/Foto-10.jpeg\" alt=\"\" class=\"wp-image-4889\" width=\"293\" height=\"448\" srcset=\"https:\/\/wordpress.nibis.de\/cfgs\/files\/Foto-10.jpeg 293w, https:\/\/wordpress.nibis.de\/cfgs\/files\/Foto-10-196x300.jpeg 196w\" sizes=\"auto, (max-width: 293px) 100vw, 293px\" \/><figcaption>Die Insektenhotels wurden w\u00e4hrend eines Workshops im Friedland-Garten (M\u00e4rz 2021) sowie w\u00e4hrend der Projektwoche (Juni 2021) geplant, gebaut und aufgestellt.<\/figcaption><\/figure>\n\n\n\n<p><strong>Unsere Bienenausstellung geplant und fertiggestellt f\u00fcr den Weltbienentag im Mai 2022<\/strong><\/p>\n<p>&nbsp;<\/p>\n<p>&nbsp;<\/p>\n\n\n\n<figure class=\"wp-block-image size-full\"><img decoding=\"async\" src=\"http:\/\/wordpress.nibis.de\/cfgs\/files\/Foto-11-rotated-e1651737891593.jpeg\" alt=\"\" class=\"wp-image-4890\" \/><\/figure>\n\n\n\n<figure class=\"wp-block-image size-full\"><img decoding=\"async\" src=\"http:\/\/wordpress.nibis.de\/cfgs\/files\/Foto-12.jpeg\" alt=\"\" class=\"wp-image-4891\" \/><\/figure>\n\n\n\n<figure class=\"wp-block-image size-full\"><img decoding=\"async\" src=\"http:\/\/wordpress.nibis.de\/cfgs\/files\/Foto-13-rotated-e1651738097153.jpeg\" alt=\"\" class=\"wp-image-4892\" \/><\/figure>\n\n\n\n<p><strong>Unsere Ernte<\/strong><\/p>\n<p>Verarbeitung der Kartoffeln aus unserem Schulgarten: Wie sehen unsere Kartoffeln im Vergleich zu den Kartoffeln im Supermarkt aus?<\/p>\n<p>&nbsp;<\/p>\n\n\n\n<figure class=\"wp-block-image size-full\"><img decoding=\"async\" src=\"http:\/\/wordpress.nibis.de\/cfgs\/files\/Foto-14-rotated.jpeg\" alt=\"\" class=\"wp-image-4893\" \/><\/figure>\n\n\n\n<figure class=\"wp-block-image size-full\"><img decoding=\"async\" src=\"http:\/\/wordpress.nibis.de\/cfgs\/files\/Foto-15-rotated-e1651738083521.jpeg\" alt=\"\" class=\"wp-image-4894\" \/><\/figure>\n\n\n\n<figure class=\"wp-block-image size-full\"><img loading=\"lazy\" decoding=\"async\" width=\"448\" height=\"336\" src=\"http:\/\/wordpress.nibis.de\/cfgs\/files\/Foto-17-rotated.jpeg\" alt=\"\" class=\"wp-image-4896\" srcset=\"https:\/\/wordpress.nibis.de\/cfgs\/files\/Foto-17-rotated.jpeg 448w, https:\/\/wordpress.nibis.de\/cfgs\/files\/Foto-17-300x225.jpeg 300w\" sizes=\"auto, (max-width: 448px) 100vw, 448px\" \/><figcaption><strong>Unsere jungen Tomatenpflanzen aus Saatgut von alten Sorten<\/strong><\/figcaption><\/figure>\n\n\n\n\n\n<figure class=\"wp-block-image size-full\"><img loading=\"lazy\" decoding=\"async\" width=\"336\" height=\"448\" src=\"http:\/\/wordpress.nibis.de\/cfgs\/files\/Foto-18-rotated-e1651738292616.jpeg\" alt=\"\" class=\"wp-image-4897\" srcset=\"https:\/\/wordpress.nibis.de\/cfgs\/files\/Foto-18-rotated-e1651738292616.jpeg 336w, https:\/\/wordpress.nibis.de\/cfgs\/files\/Foto-18-rotated-e1651738292616-225x300.jpeg 225w\" sizes=\"auto, (max-width: 336px) 100vw, 336px\" \/><figcaption><strong>&nbsp;Vorbereitung der T\u00f6pfe<\/strong><br>Die Pflanzen werden jedes Jahr gegen eine Spende f\u00fcr unseren Schulgarten am Tag der offenen T\u00fcr verkauft.<\/figcaption><\/figure>\n\n\n\n<p><strong>Erneuerung der Insektennisthilfe an der Carl-Friedrich-Gau\u00df-Schule<\/strong><\/p>\n<p>Das \u201eInsektenhotel\u201c an der S\u00fcdost-Seite der Schule wurde vor vielen Jahren liebevoll mit einer Gruppe von Sch\u00fcler:innen aufgebaut. Im letzten Jahr erneuerte der Profilkurs Technik 9 das Dach, indem Dachpappe und Schilfmatten aufgebracht wurden.<\/p>\n<p>Im Rahmen einer Projektwoche zum Thema \u201eWildbienen\u201c wurde nun auch das Innenleben vom Werte-und-Normen-Kurs des 10. Jahrgangs erneuert. Hierzu kam eine Biologin der Heinz-Sielmann-Stiftung, die den Sch\u00fcler:innen etwas \u00fcber die Bed\u00fcrfnisse und Lebensweise der Wildbienen erkl\u00e4rte und zwei kleine Nisthilfen f\u00fcr den Schulgarten mit ihnen baute. Danach war klar: Das Innere der Insektennisthilfe muss neu best\u00fcckt werden. Denn in gesammelten Zapfen und Holzh\u00e4ckseln, scharfkantigen Lochziegeln und ausgefransten R\u00f6hren lebt kein Insekt. Und die Ohrenkneifer, die sich im Stroh wohlf\u00fchlen, fressen die Larven der anderen Insekten \u2013 also auch die der Wildbienen, was nat\u00fcrlich nicht erw\u00fcnscht ist!<\/p>\n<p>In den folgenden Tagen wurden L\u00f6cher in durchgetrocknetes Hartholz gebohrt, Papp- und Bambusr\u00f6hrchen einsortiert und ein Lehm-Sand-Gemisch in der Insektennisthilfe verteilt. Zudem wurde ein Maschendraht in 1-2 cm Entfernung davor angebracht, um zu vermeiden, dass V\u00f6gel den Insekten schaden. Unter der Nisthilfe wurde ein Sandarium f\u00fcr solche Wildbienen angelegt, die Bodenbr\u00fcter sind. Damit die Wildbienen auch gen\u00fcgend Nahrung \u00fcber das ganze Jahr finden, legten die Sch\u00fcler:innen noch ein Blumenbeet an. Die B\u00e4ume und Str\u00e4ucher auf dem Schulhof sind sowieso \u00fcberwiegend einheimisch und somit gute Futterpflanzen f\u00fcr Insekten.<\/p>\n<p>Die Sch\u00fcler:innen des Werte-und-Normen-Kurses hatten viel Spa\u00df und haben einiges dazugelernt. Sie \u00e4rgerten sich \u00fcber die \u201eInsektenhotels\u201c, die man im Baumarkt kaufen kann und die nur der \u201eGeldmacherei\u201c dienten und erz\u00e4hlten, dass sie bereits Mitmenschen darauf aufmerksam gemacht h\u00e4tten, dass ihre Insektennisthilfe leider nicht so n\u00fctzlich ist und wie sie diese verbessern k\u00f6nnen. Wer mehr Informationen \u00fcber <u>wirklich<\/u> n\u00fctzliche Nisthilfen haben m\u00f6chte, kann sich gut auf dieser Internetseite informieren: www.naturgartenfreude.de. Auch die Seite der F\u00f6rderung der Insektenvielfalt, die uns in diesem Projekt finanziell unterst\u00fctzt hat, ist sehr informativ. http:\/\/www.lpv-goettingen.de\/<\/p>\n<p>In den n\u00e4chsten Jahren k\u00f6nnen weitere Werte-und-Normen-Kurse an der Nisthilfe weiterarbeiten und auf unserem sch\u00f6nen Schulhof noch mehr Naturschutz betreiben. Darauf freuen wir uns schon sehr!<\/p>\n<p>\u00a0<\/p>\n<p>\u00a0<\/p>\n\n\n\n<figure class=\"wp-block-gallery has-nested-images columns-default columns-1 tw-gutter-large wp-block-gallery-1 is-layout-flex wp-block-gallery-is-layout-flex\">\n<figure class=\"wp-block-image size-large\"><img loading=\"lazy\" decoding=\"async\" width=\"336\" height=\"448\" data-id=\"4911\" src=\"http:\/\/wordpress.nibis.de\/cfgs\/files\/3-rotated.jpg\" alt=\"\" class=\"wp-image-4911\" srcset=\"https:\/\/wordpress.nibis.de\/cfgs\/files\/3-rotated.jpg 336w, https:\/\/wordpress.nibis.de\/cfgs\/files\/3-225x300.jpg 225w\" sizes=\"auto, (max-width: 336px) 100vw, 336px\" \/><\/figure>\n\n\n\n<figure class=\"wp-block-image size-large\"><img decoding=\"async\" data-id=\"4910\" src=\"http:\/\/wordpress.nibis.de\/cfgs\/files\/2.jpg\" alt=\"\" class=\"wp-image-4910\" \/><\/figure>\n\n\n\n<figure class=\"wp-block-image size-large\"><img decoding=\"async\" data-id=\"4909\" src=\"http:\/\/wordpress.nibis.de\/cfgs\/files\/1.jpg\" alt=\"\" class=\"wp-image-4909\" \/><\/figure>\n<\/figure>\n","protected":false},"excerpt":{"rendered":"<p>Umtopfaktion von Olivenb\u00e4umen als Warnsignal f\u00fcr den Klimawandel&nbsp; und zum Weltfriedenstag am 21. September 2019 &nbsp; Workshop \u201cNo Planet B\u201c am 18. Februar 2020 30 Sch\u00fcler:innen aus den Jahrg\u00e4ngen 8<\/p>\n","protected":false},"author":9193666,"featured_media":0,"parent":0,"menu_order":0,"comment_status":"closed","ping_status":"closed","template":"","meta":{"footnotes":""},"class_list":["post-4758","page","type-page","status-publish","hentry"],"_links":{"self":[{"href":"https:\/\/wordpress.nibis.de\/cfgs\/wp-json\/wp\/v2\/pages\/4758","targetHints":{"allow":["GET"]}}],"collection":[{"href":"https:\/\/wordpress.nibis.de\/cfgs\/wp-json\/wp\/v2\/pages"}],"about":[{"href":"https:\/\/wordpress.nibis.de\/cfgs\/wp-json\/wp\/v2\/types\/page"}],"author":[{"embeddable":true,"href":"https:\/\/wordpress.nibis.de\/cfgs\/wp-json\/wp\/v2\/users\/9193666"}],"replies":[{"embeddable":true,"href":"https:\/\/wordpress.nibis.de\/cfgs\/wp-json\/wp\/v2\/comments?post=4758"}],"version-history":[{"count":9,"href":"https:\/\/wordpress.nibis.de\/cfgs\/wp-json\/wp\/v2\/pages\/4758\/revisions"}],"predecessor-version":[{"id":5876,"href":"https:\/\/wordpress.nibis.de\/cfgs\/wp-json\/wp\/v2\/pages\/4758\/revisions\/5876"}],"wp:attachment":[{"href":"https:\/\/wordpress.nibis.de\/cfgs\/wp-json\/wp\/v2\/media?parent=4758"}],"curies":[{"name":"wp","href":"https:\/\/api.w.org\/{rel}","templated":true}]}}