{"id":53,"date":"2020-03-05T14:00:37","date_gmt":"2020-03-05T14:00:37","guid":{"rendered":"http:\/\/cfgs.jtmey.de\/?page_id=53"},"modified":"2021-01-15T16:06:02","modified_gmt":"2021-01-15T15:06:02","slug":"sport","status":"publish","type":"page","link":"https:\/\/wordpress.nibis.de\/cfgs\/sport\/","title":{"rendered":"Sport"},"content":{"rendered":"\n<p><em>&nbsp;\u201eSchneller \u2013 h\u00f6her \u2013 weiter\u201c \u2013 jeder auf seinem Niveau!<\/em><\/p>\n\n\n\n<p>So lautet die Philosophie unseres Sportunterrichts. Ziel ist es, die eigene individuelle Leistungsf\u00e4higkeit zu verbessern und dabei zu erkennen, dass es nicht immer nur darum geht, besser zu sein als jemand anderes. Beim Sportunterricht geht es in erster Linie darum, seine eigene Leistung reflektieren zu k\u00f6nnen: War ich gut? Bin ich mit mir zufrieden? &#8211; Nicht: War ich besser als die anderen? Da auch das sportliche Spiel einen hohen Stellenwert einnimmt, greift hier ebenfalls der Leitgedanke: Bin ich zufrieden mit meiner eigenen Leistung? Konnte ich mein Team gut unterst\u00fctzen?<\/p>\n\n\n\n<p>Gerade dieser Leitgedanke wird bei der Vorbereitung auf die j\u00e4hrlichen Bundesjugendspiele deutlich:<br>Ja, es ist anstrengend! Ja, manchmal muss man sich richtig qu\u00e4len! Aber diese Strapazen nimmt man nicht f\u00fcr andere auf sich, sondern nur f\u00fcr sich selbst.<\/p>\n\n\n\n<p>An unserer Schule wird viel Wert auf gesunde Lebensf\u00fchrung gelegt \u2013 hier leistet der Fachbereich Sport einen wichtigen Beitrag: Die Sch\u00fclerschaft lernt ihren K\u00f6rper kennen und erf\u00e4hrt, was er zu leisten im Stande ist und auch was man ver\u00e4ndern kann, um Verbesserungen zu erzielen. Der Sportunterricht soll dabei m\u00f6glichst viele Facetten der sportlichen Bet\u00e4tigung aufzeigen, um auch neben dem Sportunterricht dazu anzuregen sportlichen Aktivit\u00e4ten nachzugehen.<\/p>\n","protected":false},"excerpt":{"rendered":"<p>&nbsp;\u201eSchneller \u2013 h\u00f6her \u2013 weiter\u201c \u2013 jeder auf seinem Niveau! So lautet die Philosophie unseres Sportunterrichts. Ziel ist es, die eigene individuelle Leistungsf\u00e4higkeit zu verbessern und dabei zu erkennen, dass<\/p>\n","protected":false},"author":277,"featured_media":0,"parent":0,"menu_order":0,"comment_status":"closed","ping_status":"closed","template":"","meta":{"footnotes":""},"class_list":["post-53","page","type-page","status-publish","hentry"],"_links":{"self":[{"href":"https:\/\/wordpress.nibis.de\/cfgs\/wp-json\/wp\/v2\/pages\/53","targetHints":{"allow":["GET"]}}],"collection":[{"href":"https:\/\/wordpress.nibis.de\/cfgs\/wp-json\/wp\/v2\/pages"}],"about":[{"href":"https:\/\/wordpress.nibis.de\/cfgs\/wp-json\/wp\/v2\/types\/page"}],"author":[{"embeddable":true,"href":"https:\/\/wordpress.nibis.de\/cfgs\/wp-json\/wp\/v2\/users\/277"}],"replies":[{"embeddable":true,"href":"https:\/\/wordpress.nibis.de\/cfgs\/wp-json\/wp\/v2\/comments?post=53"}],"version-history":[{"count":1,"href":"https:\/\/wordpress.nibis.de\/cfgs\/wp-json\/wp\/v2\/pages\/53\/revisions"}],"predecessor-version":[{"id":2270,"href":"https:\/\/wordpress.nibis.de\/cfgs\/wp-json\/wp\/v2\/pages\/53\/revisions\/2270"}],"wp:attachment":[{"href":"https:\/\/wordpress.nibis.de\/cfgs\/wp-json\/wp\/v2\/media?parent=53"}],"curies":[{"name":"wp","href":"https:\/\/api.w.org\/{rel}","templated":true}]}}