{"id":5877,"date":"2024-01-18T09:29:21","date_gmt":"2024-01-18T08:29:21","guid":{"rendered":"https:\/\/wordpress.nibis.de\/cfgs\/?page_id=5877"},"modified":"2024-03-14T12:47:09","modified_gmt":"2024-03-14T11:47:09","slug":"umweltschule-in-europa-bne","status":"publish","type":"page","link":"https:\/\/wordpress.nibis.de\/cfgs\/umweltschule-in-europa-bne\/","title":{"rendered":"Umweltschule in Europa\/BNE"},"content":{"rendered":"\n<p>BNE<\/p>\n<p>Im Jahr 2015 haben sich die Vereinten Nationen (UN) zusammengesetzt und die\u00a017 weltweiten Nachhaltigkeitsziele (engl. Sustainable Development Goals, kurz SDGs genannt) als Kernst\u00fcck der Agenda 2030 verfasst. Damit sollen weltweite Ungleichheiten bis zum Jahr 2030 der Vergangenheit angeh\u00f6ren. Ob eine sozial und \u00f6kologisch gerechtere Welt ein Zukunftstraum bleibt, h\u00e4ngt also von uns allen ab &#8211; denn die <a href=\"https:\/\/www.youtube.com\/watch?v=VP41Guc7_s4\">SDGs<\/a> k\u00f6nnen wir nur gemeinsam erreichen!<\/p>\n<p>Die Verankerung von Nachhaltigkeit im Schulleben wird seit M\u00e4rz 2021 auch durch den Erlass zur Bildung f\u00fcr Nachhaltige Entwicklung (BNE) aktiv von allen Schulen gefordert.<\/p>\n<p>An der gesamten Carl-Friedrich-Gau\u00df-Schule arbeiten wir seit Jahren best\u00e4ndig daran, unsere Sch\u00fcler*innen f\u00fcr Nachhaltigkeit zu sensibilisieren und unsere Schule gemeinsam Schritt f\u00fcr Schritt immer nachhaltiger zu gestalten.<\/p>\n<p>Durch verschiedene Unterrichtsinhalte, Workshops, Projekte und unsere BNE-AG \u201eFairAnkert\u201c st\u00e4rken wir unsere Sch\u00fcler*innen darin, verantwortungsbewusst im Sinne der Nachhaltigkeit zu handeln.<\/p>\n<p><a href=\"https:\/\/wordpress.nibis.de\/cfgs\/bne-fruehstueck\/\">BNE Fr\u00fchst\u00fcck<\/a><\/p>\n<p><a href=\"https:\/\/wordpress.nibis.de\/cfgs\/neues-angebot-bei-mr-pen\/\">Neues Angebot bei Mr. Pen<\/a><\/p>\n<p><a href=\"https:\/\/wordpress.nibis.de\/cfgs\/neues-aus-dem-schulgarten\/\">Neues aus dem Schulgarten<\/a><\/p>\n<p><a href=\"https:\/\/wordpress.nibis.de\/cfgs\/regenwasser-ist-wertvoll-unser-schulgarten-hat-ein-wasserversorgungsproblem\/\">&#8222;Regenwasser ist wertvoll&#8220; &#8211; unser Schulgarten hat ein Wasserversorgungsproblem<\/a><\/p>\n<p><a href=\"https:\/\/wordpress.nibis.de\/cfgs\/schulobst-an-der-cfgs-jetzt-kostenfrei\/\">Schulobst an der CFGS &#8211; jetzt kostenfrei<\/a><\/p>\n<p><a href=\"https:\/\/wordpress.nibis.de\/cfgs\/besuch-der-landesgartenschau\/\">Besuch der Landesgartenschau<\/a><\/p>\n<p><a href=\"https:\/\/wordpress.nibis.de\/cfgs\/aktion-tag-der-vielfalt-der-juni-als-pride-month\/\">Aktion &#8222;Tag der Vielfalt&#8220;\/ der Juni als Pride Month<\/a><\/p>\n\n\n\n<p><a href=\"https:\/\/wordpress.nibis.de\/cfgs\/17-ziele-fuer-nachhaltige-entwicklung-workshops\/\">17 Ziele f\u00fcr nachhaltige Entwicklu<\/a>ng &#8211; Workshops<\/p>\n\n\n\n<p><a href=\"https:\/\/wordpress.nibis.de\/cfgs\/participa-city\/\">PARTICIPA CITY<\/a> <\/p>\n\n\n\n<p><a href=\"https:\/\/wordpress.nibis.de\/cfgs\/participa-city\/\">Wir sind Waldmeister<\/a><\/p>\n\n\n\n<p><a href=\"https:\/\/wordpress.nibis.de\/cfgs\/schokolade-macht-jeden-gluecklich-workshop\/\">Schokolade macht jeden gl\u00fccklich? &#8211; Workshop<\/a><\/p>\n\n\n\n<p><\/p>\n","protected":false},"excerpt":{"rendered":"<p>BNE Im Jahr 2015 haben sich die Vereinten Nationen (UN) zusammengesetzt und die\u00a017 weltweiten Nachhaltigkeitsziele (engl. Sustainable Development Goals, kurz SDGs genannt) als Kernst\u00fcck der Agenda 2030 verfasst. Damit sollen<\/p>\n","protected":false},"author":277,"featured_media":0,"parent":0,"menu_order":0,"comment_status":"closed","ping_status":"closed","template":"","meta":{"footnotes":""},"class_list":["post-5877","page","type-page","status-publish","hentry"],"_links":{"self":[{"href":"https:\/\/wordpress.nibis.de\/cfgs\/wp-json\/wp\/v2\/pages\/5877","targetHints":{"allow":["GET"]}}],"collection":[{"href":"https:\/\/wordpress.nibis.de\/cfgs\/wp-json\/wp\/v2\/pages"}],"about":[{"href":"https:\/\/wordpress.nibis.de\/cfgs\/wp-json\/wp\/v2\/types\/page"}],"author":[{"embeddable":true,"href":"https:\/\/wordpress.nibis.de\/cfgs\/wp-json\/wp\/v2\/users\/277"}],"replies":[{"embeddable":true,"href":"https:\/\/wordpress.nibis.de\/cfgs\/wp-json\/wp\/v2\/comments?post=5877"}],"version-history":[{"count":14,"href":"https:\/\/wordpress.nibis.de\/cfgs\/wp-json\/wp\/v2\/pages\/5877\/revisions"}],"predecessor-version":[{"id":6217,"href":"https:\/\/wordpress.nibis.de\/cfgs\/wp-json\/wp\/v2\/pages\/5877\/revisions\/6217"}],"wp:attachment":[{"href":"https:\/\/wordpress.nibis.de\/cfgs\/wp-json\/wp\/v2\/media?parent=5877"}],"curies":[{"name":"wp","href":"https:\/\/api.w.org\/{rel}","templated":true}]}}