{"id":5897,"date":"2024-01-18T10:23:34","date_gmt":"2024-01-18T09:23:34","guid":{"rendered":"https:\/\/wordpress.nibis.de\/cfgs\/?page_id=5897"},"modified":"2024-01-18T10:31:08","modified_gmt":"2024-01-18T09:31:08","slug":"17-ziele-fuer-nachhaltige-entwicklung-workshops","status":"publish","type":"page","link":"https:\/\/wordpress.nibis.de\/cfgs\/17-ziele-fuer-nachhaltige-entwicklung-workshops\/","title":{"rendered":"17 Ziele f\u00fcr nachhaltige Entwicklung &#8211; Workshops"},"content":{"rendered":"\n<p><strong>17 Ziele f\u00fcr nachhaltige Entwicklung \u2013 SDGs<\/strong><strong>-Workshops auf Gut Herbigshagen<\/strong><\/p>\n<p>Die Sch\u00fcler*innen der Carl-Friedrich-Gau\u00df-Schule haben sich im September und Oktober 2022 unter dem Motto \u201eSustainable JETZT!\u201c an SDG-Bildungsworkshops mit Referen:innen f\u00fcr Globales Lernen auf dem Gut Herbigshagen in Kooperation mit der Heinz Sielmann Stiftung aktiv mit den 17 Nachhaltigkeitszielen auseinandergesetzt.<\/p>\n<p>Eine Jurte wurde hierzu als au\u00dferschulischer Lernort auf der Streuobstwiese aufgebaut und es gab auf dem Gel\u00e4nde sechs SDG-Lernskulpturen rund um die 17 weltweiten Nachhaltigkeitsziele (SDGs) zu entdecken.<\/p>\n<p><strong><em>Worum ging es?<\/em><\/strong><\/p>\n<p><em>&#8222;Es muss sich was \u00e4ndern!&#8220;, &#8222;Wir steuern auf die Katastrophe zu!&#8220; &#8222;Handle jetzt!&#8220;<\/em> \u2013 unsere Sch\u00fcler*innen sind tagt\u00e4glich umgeben von diesen Auftr\u00e4gen und Appellen. Die meisten Sch\u00fcler*innen sehen die Notwendigkeit, dass wir unsere Lebensweise \u00fcberdenken sollen, sind auch der Meinung, dass viel falsch l\u00e4uft&#8230; Aber wo beginnen und wie&#8230; ???<\/p>\n<p>Auf ihrem Weg durch das Gut Herbigshagen, in den drei verschiedenen besuchten Workshops und in der Nachbereitung der Workshops haben die Sch\u00fcler*innen Impulse gesammelt, wie, wo und warum sie heute anfangen k\u00f6nnen, nachhaltiger zu handeln, um die Welt sozial und \u00f6kologisch gerechter zu machen.<\/p>\n<p><strong>SDG-WORKSHOP \u201cSchokolade<\/strong><strong>\u2013 Genuss f\u00fcr alle?\u201c <\/strong><\/p>\n<p>Schokolade z\u00e4hlt auf der ganzen Welt zu den beliebten S\u00fc\u00dfigkeiten. Sieben Millionen Tonnen davon werden jedes Jahr verzehrt. Doch hinter ihrer Herstellung verbirgt sich eine dunkle Seite, welche unsere Sch\u00fcler*innen der Klassen 9g und 6g in diesem Workshop kennengelernt haben und letztendlich die Antwort auf die Frage \u201eSchokolade \u2013 Genuss f\u00fcr alle?\u201c anders beantwortet haben als zu Beginn gedacht.<\/p>\n<p>Gestartet wurde der Workshop mit einer Runde &#8222;1,2 oder 3&#8220;, in der sich die Sch\u00fcler*innen mit Fragen rund um die Lieblingsschokolade, deren Inhaltsstoffen und zu unserem Konsum ausgetauscht haben. Erstaunt waren die Sch\u00fcler*innen nicht nur \u00fcber den Anbau von Kakao und den Prozess der Herstellung von Schokolade, sondern auch \u00fcber den hohen Verzehr von Schokolade, der im Durchschnitt bei 100 Tafeln im Jahr liegt.<\/p>\n<p>Im Anschluss daran sind sie an die Elfenbeink\u00fcste zu Daniel und sein der Alltag von Menschen aussieht, die Kakao f\u00fcr unsere Schokolade anbauen. Gemeinsam haben sie so den Weg vom Kakaoanbau \u00fcber die Weiterverarbeitung bis zur fertigen Schokolade erkundet und sich hierbei mit den Auswirkungen auf Mensch und Umwelt befasst. Thematisiert wurden hier die Schokoladenherstellung, sowie Arbeitsbedingungen im Globalen S\u00fcden und Kinderrechte weltweit.<\/p>\n<p>Anschlie\u00dfend haben sie einen Schokoladentest gemacht &#8211; welche Schokolade ist fair, welche nicht? Die Sch\u00fcler*innen haben die unterschiedlichen Siegel des Fairen Handels kennengelernt. Zum Abschluss haben alle weitere M\u00f6glichkeiten gesammelt, wie sie uns f\u00fcr eine gerechtere Produktion von Kakao einsetzen k\u00f6nnen.<\/p>\n<p>Hierzu haben sich die Sch\u00fcler am Nachmittag vertiefend mit der bewegenden Dokumentation \u201eSchokolade \u2013 das bittere Gesch\u00e4ft\u201c auseinandergesetzt, in der eindringlich gezeigt wurde, wie die Rohware Kakao unter den Augen gro\u00dfer Konzerne unter fragw\u00fcrdigsten Bedingungen hergestellt wird: Sklaven- und Kinderarbeit auf illegalen Kakaoplantagen sowie die Vernichtung von Regenw\u00e4ldern.<\/p>\n<p>Zudem haben sie \u00fcber konkrete M\u00f6glichkeiten, den Kakaosektor nachhaltiger und fairer zu gestalten, gesprochen sowie \u00fcber pers\u00f6nliche Handlungsm\u00f6glichkeiten, indem sie sich mit ihrem eigenen Konsumverhalten auseinandergesetzt haben und \u00fcber ihre Wirkungsmacht als Konsument reflektiert haben.<\/p>\n<p><strong>SDG-WORKSHOP \u201eBlaues Wunder? Virtuelles Wasser &#8211; von verstecktem Wasser und Wasser im Kleiderschrank!\u201c<\/strong><\/p>\n<p>Der Workshop f\u00fcr die Klassen 6h und 6r2 startete mit einem Spiel zum Kennenlernen der 17 Nachhaltigkeitssziele (SDGs): Welche SDGs gibt es? Welches sind wichtige Ziele f\u00fcr die Sch\u00fcler*innen? Wie k\u00f6nnen diese umgesetzt werden?<\/p>\n<p>Weiter ging es mit dem Weltverteilungsspiel, in dem wir uns die Welt aus einer anderen Perspektive angeschaut haben. Wie stehen die Faktoren Einwohnerzahlen, Einkommen sowie die Verteilung und Zugang zu Wasser zueinander? Rege diskutiert wurden die Zusammenh\u00e4nge zwischen Wasservorkommen und Zugang zu Wasser. Die Sch\u00fcler*innen erfuhren so zun\u00e4chst \u00fcber die ungerechte Ressourcenverteilung weltweit und haben sich mit dem SDG 6 auseinandergesetzt, nach welchem bis 2030 alle Menschen Zugang zu sauberem Trinkwasser und Sanit\u00e4ranlagen haben sollen.<\/p>\n<p>Ankn\u00fcpfend daran haben die Klassen \u00fcber virtuelles Wasser gesprochen (teils in Form eines Puzzles, teils anhand von Bildern): Was ist virtuelles Wasser? Wie viel Wasser steckt in unseren allt\u00e4glichen Dingen und Produkten? Die Sch\u00fcler*innen entdeckten, dass die Ursachen der heutigen Wasserknappheit nur an unserem t\u00e4glichen \u201esichtbaren\u201c Wasserverbrauch, wie duschen und kochen, liegen. Zu den durchschnittlich 130 Litern Wasser, die ein Mensch in Deutschland t\u00e4glich verbraucht, kommt eine vielfach gr\u00f6\u00dfere Menge an virtuellem Wasser, das durch Alltagsprodukte wie Elektroartikel, Kleidung oder Essen in Anspruch genommen wird. Sie haben sich somit dann mit der Fragestellung auseinandergesetzt, wie es sein kann, dass f\u00fcr Importg\u00fcter so viel sauberes Wasser verbraucht wird, sodass in manchen L\u00e4ndern deshalb Wasserknappheit herrscht.<\/p>\n<p>Im Anschluss haben sie pers\u00f6nliche L\u00f6sungsans\u00e4tze entwickelt, was jede*r einzelne und\/ oder auch die Schule tun kann, um den Verbrauch von virtuellem Wasser zu reduzieren.<\/p>\n<p>Erg\u00e4nzt wurde der Workshop am Nachmittag durch die Auseinandersetzung mit einer Reportage \u00fcber die Turkana (Kenia) und die dort lebenden Nomaden, deren Lebensweise durch den Klimawandel in Gefahr ist. W\u00e4hrend dort Trockenheit und D\u00fcrre das \u00dcberleben der Menschen bedroht, haben andere L\u00e4nder der Welt mit starken \u00dcberschwemmungen zu k\u00e4mpfen. Die Sch\u00fcler*innen haben sich mit den Fragen besch\u00e4ftigt, wie sich die Folgen des Klimawandels auf den Alltag der Familien auswirken und mit welchen Problemen Kinder und Erwachsene zu k\u00e4mpfen haben.\u00a0<\/p>\n<p><strong>SDG-Kreativ-Workshop \u201eTatendrang\u201c <\/strong><\/p>\n<p>Im Kreativworkshop haben sich die Sch\u00fcler*innen der Klassen 6r1 und 6r3 mit den 17 Nachhaltigkeitszielen theoretisch und praktisch auseinandergesetzt. Dabei haben sie Handlungsoptionen im Kreativbereich kennengelernt.<\/p>\n<p>Zum einen haben sie sich mit sechs Kunstobjekten und -skulpturen besch\u00e4ftigt, die derzeit auf dem Gut Herbigshagen ausgestellt waren. Diese wurden gr\u00f6\u00dftenteils aus Wertstoffen hergestellt und stellten beispielhaft unsere weltweiten Probleme dar.<\/p>\n<p>Zuerst haben sie am KiKa-Baumhaus die Skulptur Wasser entdeckt. Hier gab es ein Rohrgeschwurbsel, einen Hydrant und einen Wasserhahn zu sehen, aus dem kein Wasser kommt&#8230; Die Infoschilder haben ihnen verraten, dass es hier um das Wasser geht, das in unseren Dingen des t\u00e4glichen Konsums steckt und wieviel virtuelles Wasser f\u00fcr die Produktion ben\u00f6tigt wurde. Bei der Wanderung \u00fcber das Gel\u00e4nde sind sie auf die Station \u201eSchnittgut&#8220; gesto\u00dfen: \u00dcberdimensionale Rosenbl\u00fcten aus Schrott und eine Kettens\u00e4ge als Sinnbild f\u00fcr all das, was wir weltweit f\u00fcr unseren Konsum anbauen, abschneiden und abholzen. Die Sch\u00fcler*innen konnten wahrnehmen, welche Auswirkungen das auf die Umwelt hat und wie schlecht die Menschen oftmals daf\u00fcr bezahlt werden, die diese Arbeit im Globalen S\u00fcden verrichten. Direkt daneben gab es die Demutsbank. Hier konnte man ruhen und all dem lauschen, wof\u00fcr unterschiedliche Menschen dankbar sind. Der Strom kam \u00fcber ein Solarpaneel. Weiter ging es bis zu einem Teich &#8211; da wurde das Thema Plastik im Meer \u00fcber ein Fischernetz, in dem lauter Plastikm\u00fcll drin ist, versinnbildlicht. Und dann steckten in einem Beet noch f\u00fcnf Bl\u00fcten aus Holz, die f\u00fcr die SDGs bzw. die 5Ps stehen \u2013 People, Planet, Prosperity, Peace und Partnership. Am besten hat den Sch\u00fcler*innen die Mitmachstation \u201eWandel-Bar&#8220; gefallen. Hier konnte man den Menschen entdecken, der die Welt fair\u00e4ndern kann \u2013 in einer Box kam beim \u00d6ffnen ein Spiegel zum Vorschein. Sie haben einiges auf die W\u00e4nde geschrieben, was man tun kann und was sie bereits f\u00fcr globale Gerechtigkeit tun. Jede Station hatte auch einen QR-Code, mit dem man direkt auf die Homepage \u201esustainable jetzt!&#8220; kam.<\/p>\n<p>In einem weiteren Schritt haben sich die Sch\u00fcler*innen und Sch\u00fcler selbst kreativ mit den Nachhaltigkeitszielen auseinandergesetzt und eigene Kunstwerke entstehen lassen. Die Sch\u00fcler*innen konnten sich im Anschluss gut vorstellen, ein SDG-Kunstwerk mal im Fach Kunst oder Werte und Normen f\u00fcr unsere Schule zu bauen \u2013 vielleicht als Projekt im n\u00e4chsten Jahr. Sie f\u00e4nden es toll, wenn sie dadurch bei ihren Mitsch\u00fcler*innen Impulse setzen k\u00f6nnten, wie Zukunft sozial und \u00f6kologisch gerechter gestaltet werden kann und wie sie dazu beitragen k\u00f6nnen, damit dies auch in Schule und Alltag hineinwirkt.<\/p>\n<p>\u00a0<\/p>\n\n\n\n<figure class=\"wp-block-image size-large\"><img loading=\"lazy\" decoding=\"async\" width=\"339\" height=\"480\" src=\"https:\/\/wordpress.nibis.de\/cfgs\/files\/17Ziele-Uebersicht-339x480.jpg\" alt=\"\" class=\"wp-image-5919\" srcset=\"https:\/\/wordpress.nibis.de\/cfgs\/files\/17Ziele-Uebersicht-339x480.jpg 339w, https:\/\/wordpress.nibis.de\/cfgs\/files\/17Ziele-Uebersicht-212x300.jpg 212w, https:\/\/wordpress.nibis.de\/cfgs\/files\/17Ziele-Uebersicht-768x1086.jpg 768w, https:\/\/wordpress.nibis.de\/cfgs\/files\/17Ziele-Uebersicht-1086x1536.jpg 1086w, https:\/\/wordpress.nibis.de\/cfgs\/files\/17Ziele-Uebersicht-1448x2048.jpg 1448w, https:\/\/wordpress.nibis.de\/cfgs\/files\/17Ziele-Uebersicht-scaled.jpg 1811w\" sizes=\"auto, (max-width: 339px) 100vw, 339px\" \/><\/figure>\n\n\n\n<figure class=\"wp-block-gallery has-nested-images columns-default is-cropped wp-block-gallery-1 is-layout-flex wp-block-gallery-is-layout-flex\">\n<figure class=\"wp-block-image size-large\"><img loading=\"lazy\" decoding=\"async\" width=\"640\" height=\"480\" data-id=\"5901\" src=\"https:\/\/wordpress.nibis.de\/cfgs\/files\/20220920_090502-640x480.jpg\" alt=\"\" class=\"wp-image-5901\" srcset=\"https:\/\/wordpress.nibis.de\/cfgs\/files\/20220920_090502-640x480.jpg 640w, https:\/\/wordpress.nibis.de\/cfgs\/files\/20220920_090502-300x225.jpg 300w, https:\/\/wordpress.nibis.de\/cfgs\/files\/20220920_090502-768x576.jpg 768w, https:\/\/wordpress.nibis.de\/cfgs\/files\/20220920_090502-1536x1152.jpg 1536w, https:\/\/wordpress.nibis.de\/cfgs\/files\/20220920_090502-2048x1536.jpg 2048w\" sizes=\"auto, (max-width: 640px) 100vw, 640px\" \/><\/figure>\n\n\n\n<figure class=\"wp-block-image size-large\"><img loading=\"lazy\" decoding=\"async\" width=\"360\" height=\"480\" data-id=\"5898\" src=\"https:\/\/wordpress.nibis.de\/cfgs\/files\/20220920_093143-360x480.jpg\" alt=\"\" class=\"wp-image-5898\" srcset=\"https:\/\/wordpress.nibis.de\/cfgs\/files\/20220920_093143-360x480.jpg 360w, https:\/\/wordpress.nibis.de\/cfgs\/files\/20220920_093143-225x300.jpg 225w, https:\/\/wordpress.nibis.de\/cfgs\/files\/20220920_093143-768x1024.jpg 768w, https:\/\/wordpress.nibis.de\/cfgs\/files\/20220920_093143-1152x1536.jpg 1152w, https:\/\/wordpress.nibis.de\/cfgs\/files\/20220920_093143-1536x2048.jpg 1536w, https:\/\/wordpress.nibis.de\/cfgs\/files\/20220920_093143-scaled.jpg 1920w\" sizes=\"auto, (max-width: 360px) 100vw, 360px\" \/><\/figure>\n\n\n\n<figure class=\"wp-block-image size-large\"><img loading=\"lazy\" decoding=\"async\" width=\"640\" height=\"480\" data-id=\"5900\" src=\"https:\/\/wordpress.nibis.de\/cfgs\/files\/20220920_094900-640x480.jpg\" alt=\"\" class=\"wp-image-5900\" srcset=\"https:\/\/wordpress.nibis.de\/cfgs\/files\/20220920_094900-640x480.jpg 640w, https:\/\/wordpress.nibis.de\/cfgs\/files\/20220920_094900-300x225.jpg 300w, https:\/\/wordpress.nibis.de\/cfgs\/files\/20220920_094900-768x576.jpg 768w, https:\/\/wordpress.nibis.de\/cfgs\/files\/20220920_094900-1536x1152.jpg 1536w, https:\/\/wordpress.nibis.de\/cfgs\/files\/20220920_094900-2048x1536.jpg 2048w\" sizes=\"auto, (max-width: 640px) 100vw, 640px\" \/><\/figure>\n\n\n\n<figure class=\"wp-block-image size-large\"><img loading=\"lazy\" decoding=\"async\" width=\"360\" height=\"480\" data-id=\"5902\" src=\"https:\/\/wordpress.nibis.de\/cfgs\/files\/20220920_100410-360x480.jpg\" alt=\"\" class=\"wp-image-5902\" srcset=\"https:\/\/wordpress.nibis.de\/cfgs\/files\/20220920_100410-360x480.jpg 360w, https:\/\/wordpress.nibis.de\/cfgs\/files\/20220920_100410-225x300.jpg 225w, https:\/\/wordpress.nibis.de\/cfgs\/files\/20220920_100410-768x1024.jpg 768w, https:\/\/wordpress.nibis.de\/cfgs\/files\/20220920_100410-1152x1536.jpg 1152w, https:\/\/wordpress.nibis.de\/cfgs\/files\/20220920_100410-1536x2048.jpg 1536w, https:\/\/wordpress.nibis.de\/cfgs\/files\/20220920_100410-scaled.jpg 1920w\" sizes=\"auto, (max-width: 360px) 100vw, 360px\" \/><\/figure>\n\n\n\n<figure class=\"wp-block-image size-large\"><img loading=\"lazy\" decoding=\"async\" width=\"360\" height=\"480\" data-id=\"5899\" src=\"https:\/\/wordpress.nibis.de\/cfgs\/files\/20220920_101454-360x480.jpg\" alt=\"\" class=\"wp-image-5899\" srcset=\"https:\/\/wordpress.nibis.de\/cfgs\/files\/20220920_101454-360x480.jpg 360w, https:\/\/wordpress.nibis.de\/cfgs\/files\/20220920_101454-225x300.jpg 225w, https:\/\/wordpress.nibis.de\/cfgs\/files\/20220920_101454-768x1024.jpg 768w, https:\/\/wordpress.nibis.de\/cfgs\/files\/20220920_101454-1152x1536.jpg 1152w, https:\/\/wordpress.nibis.de\/cfgs\/files\/20220920_101454-1536x2048.jpg 1536w, https:\/\/wordpress.nibis.de\/cfgs\/files\/20220920_101454-scaled.jpg 1920w\" sizes=\"auto, (max-width: 360px) 100vw, 360px\" \/><\/figure>\n\n\n\n<figure class=\"wp-block-image size-large\"><img loading=\"lazy\" decoding=\"async\" width=\"640\" height=\"480\" data-id=\"5903\" src=\"https:\/\/wordpress.nibis.de\/cfgs\/files\/20220920_102311-640x480.jpg\" alt=\"\" class=\"wp-image-5903\" srcset=\"https:\/\/wordpress.nibis.de\/cfgs\/files\/20220920_102311-640x480.jpg 640w, https:\/\/wordpress.nibis.de\/cfgs\/files\/20220920_102311-300x225.jpg 300w, https:\/\/wordpress.nibis.de\/cfgs\/files\/20220920_102311-768x576.jpg 768w, https:\/\/wordpress.nibis.de\/cfgs\/files\/20220920_102311-1536x1152.jpg 1536w, https:\/\/wordpress.nibis.de\/cfgs\/files\/20220920_102311-2048x1536.jpg 2048w\" sizes=\"auto, (max-width: 640px) 100vw, 640px\" \/><\/figure>\n\n\n\n<figure class=\"wp-block-image size-large\"><img loading=\"lazy\" decoding=\"async\" width=\"360\" height=\"480\" data-id=\"5904\" src=\"https:\/\/wordpress.nibis.de\/cfgs\/files\/20220920_104035-360x480.jpg\" alt=\"\" class=\"wp-image-5904\" srcset=\"https:\/\/wordpress.nibis.de\/cfgs\/files\/20220920_104035-360x480.jpg 360w, https:\/\/wordpress.nibis.de\/cfgs\/files\/20220920_104035-225x300.jpg 225w, https:\/\/wordpress.nibis.de\/cfgs\/files\/20220920_104035-768x1024.jpg 768w, https:\/\/wordpress.nibis.de\/cfgs\/files\/20220920_104035-1152x1536.jpg 1152w, https:\/\/wordpress.nibis.de\/cfgs\/files\/20220920_104035-1536x2048.jpg 1536w, https:\/\/wordpress.nibis.de\/cfgs\/files\/20220920_104035-scaled.jpg 1920w\" sizes=\"auto, (max-width: 360px) 100vw, 360px\" \/><\/figure>\n\n\n\n<figure class=\"wp-block-image size-large\"><img loading=\"lazy\" decoding=\"async\" width=\"360\" height=\"480\" data-id=\"5905\" src=\"https:\/\/wordpress.nibis.de\/cfgs\/files\/20220928_112412-360x480.jpg\" alt=\"\" class=\"wp-image-5905\" srcset=\"https:\/\/wordpress.nibis.de\/cfgs\/files\/20220928_112412-360x480.jpg 360w, https:\/\/wordpress.nibis.de\/cfgs\/files\/20220928_112412-225x300.jpg 225w, https:\/\/wordpress.nibis.de\/cfgs\/files\/20220928_112412-768x1024.jpg 768w, https:\/\/wordpress.nibis.de\/cfgs\/files\/20220928_112412-1152x1536.jpg 1152w, https:\/\/wordpress.nibis.de\/cfgs\/files\/20220928_112412-1536x2048.jpg 1536w, https:\/\/wordpress.nibis.de\/cfgs\/files\/20220928_112412-scaled.jpg 1920w\" sizes=\"auto, (max-width: 360px) 100vw, 360px\" \/><\/figure>\n\n\n\n<figure class=\"wp-block-image size-large\"><img loading=\"lazy\" decoding=\"async\" width=\"640\" height=\"480\" data-id=\"5908\" src=\"https:\/\/wordpress.nibis.de\/cfgs\/files\/20221004_091755-640x480.jpg\" alt=\"\" class=\"wp-image-5908\" srcset=\"https:\/\/wordpress.nibis.de\/cfgs\/files\/20221004_091755-640x480.jpg 640w, https:\/\/wordpress.nibis.de\/cfgs\/files\/20221004_091755-300x225.jpg 300w, https:\/\/wordpress.nibis.de\/cfgs\/files\/20221004_091755-768x576.jpg 768w, https:\/\/wordpress.nibis.de\/cfgs\/files\/20221004_091755-1536x1152.jpg 1536w, https:\/\/wordpress.nibis.de\/cfgs\/files\/20221004_091755-2048x1536.jpg 2048w\" sizes=\"auto, (max-width: 640px) 100vw, 640px\" \/><\/figure>\n\n\n\n<figure class=\"wp-block-image size-large\"><img loading=\"lazy\" decoding=\"async\" width=\"360\" height=\"480\" data-id=\"5909\" src=\"https:\/\/wordpress.nibis.de\/cfgs\/files\/20221004_093426-360x480.jpg\" alt=\"\" class=\"wp-image-5909\" srcset=\"https:\/\/wordpress.nibis.de\/cfgs\/files\/20221004_093426-360x480.jpg 360w, https:\/\/wordpress.nibis.de\/cfgs\/files\/20221004_093426-225x300.jpg 225w, https:\/\/wordpress.nibis.de\/cfgs\/files\/20221004_093426-768x1024.jpg 768w, https:\/\/wordpress.nibis.de\/cfgs\/files\/20221004_093426-1152x1536.jpg 1152w, https:\/\/wordpress.nibis.de\/cfgs\/files\/20221004_093426-1536x2048.jpg 1536w, https:\/\/wordpress.nibis.de\/cfgs\/files\/20221004_093426-scaled.jpg 1920w\" sizes=\"auto, (max-width: 360px) 100vw, 360px\" \/><\/figure>\n\n\n\n<figure class=\"wp-block-image size-large\"><img loading=\"lazy\" decoding=\"async\" width=\"640\" height=\"480\" data-id=\"5906\" src=\"https:\/\/wordpress.nibis.de\/cfgs\/files\/20221004_100431-640x480.jpg\" alt=\"\" class=\"wp-image-5906\" srcset=\"https:\/\/wordpress.nibis.de\/cfgs\/files\/20221004_100431-640x480.jpg 640w, https:\/\/wordpress.nibis.de\/cfgs\/files\/20221004_100431-300x225.jpg 300w, https:\/\/wordpress.nibis.de\/cfgs\/files\/20221004_100431-768x576.jpg 768w, https:\/\/wordpress.nibis.de\/cfgs\/files\/20221004_100431-1536x1152.jpg 1536w, https:\/\/wordpress.nibis.de\/cfgs\/files\/20221004_100431-2048x1536.jpg 2048w\" sizes=\"auto, (max-width: 640px) 100vw, 640px\" \/><\/figure>\n\n\n\n<figure class=\"wp-block-image size-large\"><img loading=\"lazy\" decoding=\"async\" width=\"640\" height=\"480\" data-id=\"5907\" src=\"https:\/\/wordpress.nibis.de\/cfgs\/files\/20221004_100541-640x480.jpg\" alt=\"\" class=\"wp-image-5907\" srcset=\"https:\/\/wordpress.nibis.de\/cfgs\/files\/20221004_100541-640x480.jpg 640w, https:\/\/wordpress.nibis.de\/cfgs\/files\/20221004_100541-300x225.jpg 300w, https:\/\/wordpress.nibis.de\/cfgs\/files\/20221004_100541-768x576.jpg 768w, https:\/\/wordpress.nibis.de\/cfgs\/files\/20221004_100541-1536x1152.jpg 1536w, https:\/\/wordpress.nibis.de\/cfgs\/files\/20221004_100541-2048x1536.jpg 2048w\" sizes=\"auto, (max-width: 640px) 100vw, 640px\" \/><\/figure>\n\n\n\n<figure class=\"wp-block-image size-large\"><img loading=\"lazy\" decoding=\"async\" width=\"640\" height=\"480\" data-id=\"5910\" src=\"https:\/\/wordpress.nibis.de\/cfgs\/files\/20221004_100608-640x480.jpg\" alt=\"\" class=\"wp-image-5910\" srcset=\"https:\/\/wordpress.nibis.de\/cfgs\/files\/20221004_100608-640x480.jpg 640w, https:\/\/wordpress.nibis.de\/cfgs\/files\/20221004_100608-300x225.jpg 300w, https:\/\/wordpress.nibis.de\/cfgs\/files\/20221004_100608-768x576.jpg 768w, https:\/\/wordpress.nibis.de\/cfgs\/files\/20221004_100608-1536x1152.jpg 1536w, https:\/\/wordpress.nibis.de\/cfgs\/files\/20221004_100608-2048x1536.jpg 2048w\" sizes=\"auto, (max-width: 640px) 100vw, 640px\" \/><\/figure>\n\n\n\n<figure class=\"wp-block-image size-large\"><img loading=\"lazy\" decoding=\"async\" width=\"640\" height=\"480\" data-id=\"5913\" src=\"https:\/\/wordpress.nibis.de\/cfgs\/files\/20221004_110927-640x480.jpg\" alt=\"\" class=\"wp-image-5913\" srcset=\"https:\/\/wordpress.nibis.de\/cfgs\/files\/20221004_110927-640x480.jpg 640w, https:\/\/wordpress.nibis.de\/cfgs\/files\/20221004_110927-300x225.jpg 300w, https:\/\/wordpress.nibis.de\/cfgs\/files\/20221004_110927-768x576.jpg 768w, https:\/\/wordpress.nibis.de\/cfgs\/files\/20221004_110927-1536x1152.jpg 1536w, https:\/\/wordpress.nibis.de\/cfgs\/files\/20221004_110927-2048x1536.jpg 2048w\" sizes=\"auto, (max-width: 640px) 100vw, 640px\" \/><\/figure>\n\n\n\n<figure class=\"wp-block-image size-large\"><img loading=\"lazy\" decoding=\"async\" width=\"640\" height=\"480\" data-id=\"5916\" src=\"https:\/\/wordpress.nibis.de\/cfgs\/files\/20221004_112148-640x480.jpg\" alt=\"\" class=\"wp-image-5916\" srcset=\"https:\/\/wordpress.nibis.de\/cfgs\/files\/20221004_112148-640x480.jpg 640w, https:\/\/wordpress.nibis.de\/cfgs\/files\/20221004_112148-300x225.jpg 300w, https:\/\/wordpress.nibis.de\/cfgs\/files\/20221004_112148-768x576.jpg 768w, https:\/\/wordpress.nibis.de\/cfgs\/files\/20221004_112148-1536x1152.jpg 1536w, https:\/\/wordpress.nibis.de\/cfgs\/files\/20221004_112148-2048x1536.jpg 2048w\" sizes=\"auto, (max-width: 640px) 100vw, 640px\" \/><\/figure>\n\n\n\n<figure class=\"wp-block-image size-large\"><img loading=\"lazy\" decoding=\"async\" width=\"640\" height=\"480\" data-id=\"5915\" src=\"https:\/\/wordpress.nibis.de\/cfgs\/files\/20221004_115249-640x480.jpg\" alt=\"\" class=\"wp-image-5915\" srcset=\"https:\/\/wordpress.nibis.de\/cfgs\/files\/20221004_115249-640x480.jpg 640w, https:\/\/wordpress.nibis.de\/cfgs\/files\/20221004_115249-300x225.jpg 300w, https:\/\/wordpress.nibis.de\/cfgs\/files\/20221004_115249-768x576.jpg 768w, https:\/\/wordpress.nibis.de\/cfgs\/files\/20221004_115249-1536x1152.jpg 1536w, https:\/\/wordpress.nibis.de\/cfgs\/files\/20221004_115249-2048x1536.jpg 2048w\" sizes=\"auto, (max-width: 640px) 100vw, 640px\" \/><\/figure>\n\n\n\n<figure class=\"wp-block-image size-large\"><img loading=\"lazy\" decoding=\"async\" width=\"360\" height=\"480\" data-id=\"5914\" src=\"https:\/\/wordpress.nibis.de\/cfgs\/files\/20221004_122131-360x480.jpg\" alt=\"\" class=\"wp-image-5914\" srcset=\"https:\/\/wordpress.nibis.de\/cfgs\/files\/20221004_122131-360x480.jpg 360w, https:\/\/wordpress.nibis.de\/cfgs\/files\/20221004_122131-225x300.jpg 225w, https:\/\/wordpress.nibis.de\/cfgs\/files\/20221004_122131-768x1024.jpg 768w, https:\/\/wordpress.nibis.de\/cfgs\/files\/20221004_122131-1152x1536.jpg 1152w, https:\/\/wordpress.nibis.de\/cfgs\/files\/20221004_122131-1536x2048.jpg 1536w, https:\/\/wordpress.nibis.de\/cfgs\/files\/20221004_122131-scaled.jpg 1920w\" sizes=\"auto, (max-width: 360px) 100vw, 360px\" \/><\/figure>\n\n\n\n<figure class=\"wp-block-image size-large\"><img loading=\"lazy\" decoding=\"async\" width=\"571\" height=\"480\" data-id=\"5912\" src=\"https:\/\/wordpress.nibis.de\/cfgs\/files\/20221013_080918-571x480.jpg\" alt=\"\" class=\"wp-image-5912\" srcset=\"https:\/\/wordpress.nibis.de\/cfgs\/files\/20221013_080918-571x480.jpg 571w, https:\/\/wordpress.nibis.de\/cfgs\/files\/20221013_080918-300x252.jpg 300w, https:\/\/wordpress.nibis.de\/cfgs\/files\/20221013_080918-768x645.jpg 768w, https:\/\/wordpress.nibis.de\/cfgs\/files\/20221013_080918-1536x1291.jpg 1536w, https:\/\/wordpress.nibis.de\/cfgs\/files\/20221013_080918-2048x1721.jpg 2048w\" sizes=\"auto, (max-width: 571px) 100vw, 571px\" \/><\/figure>\n\n\n\n<figure class=\"wp-block-image size-large\"><img loading=\"lazy\" decoding=\"async\" width=\"640\" height=\"320\" data-id=\"5911\" src=\"https:\/\/wordpress.nibis.de\/cfgs\/files\/IMG-20220930-WA0005-640x320.jpg\" alt=\"\" class=\"wp-image-5911\" srcset=\"https:\/\/wordpress.nibis.de\/cfgs\/files\/IMG-20220930-WA0005-640x320.jpg 640w, https:\/\/wordpress.nibis.de\/cfgs\/files\/IMG-20220930-WA0005-300x150.jpg 300w, https:\/\/wordpress.nibis.de\/cfgs\/files\/IMG-20220930-WA0005-768x384.jpg 768w, https:\/\/wordpress.nibis.de\/cfgs\/files\/IMG-20220930-WA0005-1536x768.jpg 1536w, https:\/\/wordpress.nibis.de\/cfgs\/files\/IMG-20220930-WA0005.jpg 1600w\" sizes=\"auto, (max-width: 640px) 100vw, 640px\" \/><\/figure>\n<\/figure>\n","protected":false},"excerpt":{"rendered":"<p>17 Ziele f\u00fcr nachhaltige Entwicklung \u2013 SDGs-Workshops auf Gut Herbigshagen Die Sch\u00fcler*innen der Carl-Friedrich-Gau\u00df-Schule haben sich im September und Oktober 2022 unter dem Motto \u201eSustainable JETZT!\u201c an SDG-Bildungsworkshops mit Referen:innen<\/p>\n","protected":false},"author":277,"featured_media":0,"parent":0,"menu_order":0,"comment_status":"closed","ping_status":"closed","template":"","meta":{"footnotes":""},"class_list":["post-5897","page","type-page","status-publish","hentry"],"_links":{"self":[{"href":"https:\/\/wordpress.nibis.de\/cfgs\/wp-json\/wp\/v2\/pages\/5897","targetHints":{"allow":["GET"]}}],"collection":[{"href":"https:\/\/wordpress.nibis.de\/cfgs\/wp-json\/wp\/v2\/pages"}],"about":[{"href":"https:\/\/wordpress.nibis.de\/cfgs\/wp-json\/wp\/v2\/types\/page"}],"author":[{"embeddable":true,"href":"https:\/\/wordpress.nibis.de\/cfgs\/wp-json\/wp\/v2\/users\/277"}],"replies":[{"embeddable":true,"href":"https:\/\/wordpress.nibis.de\/cfgs\/wp-json\/wp\/v2\/comments?post=5897"}],"version-history":[{"count":2,"href":"https:\/\/wordpress.nibis.de\/cfgs\/wp-json\/wp\/v2\/pages\/5897\/revisions"}],"predecessor-version":[{"id":5926,"href":"https:\/\/wordpress.nibis.de\/cfgs\/wp-json\/wp\/v2\/pages\/5897\/revisions\/5926"}],"wp:attachment":[{"href":"https:\/\/wordpress.nibis.de\/cfgs\/wp-json\/wp\/v2\/media?parent=5897"}],"curies":[{"name":"wp","href":"https:\/\/api.w.org\/{rel}","templated":true}]}}