{"id":5927,"date":"2024-01-18T10:38:39","date_gmt":"2024-01-18T09:38:39","guid":{"rendered":"https:\/\/wordpress.nibis.de\/cfgs\/?page_id=5927"},"modified":"2024-01-18T10:38:40","modified_gmt":"2024-01-18T09:38:40","slug":"participa-city","status":"publish","type":"page","link":"https:\/\/wordpress.nibis.de\/cfgs\/participa-city\/","title":{"rendered":"PARTICIPA CITY"},"content":{"rendered":"\n<p><strong>PARTIZIPA CITY &#8211; ein Planspiel zu antimuslimischem Rassismus <\/strong><\/p>\n<p>Nach einer Unterrichtseinheit im Religionsunterricht der Klassen 10r1 und 10g zum Islam wurden die Sch\u00fcler*innen durch das vom Institut f\u00fcr angewandte Kulturforschung e.V. (ifak) entwickelte Planspiel \u201ePartizipa City\u201c dazu angeregt, \u00fcber ihr Verst\u00e4ndnis zum Thema Rassismus nachzudenken und es kritisch zu hinterfragen, diskriminierendes Verhalten im Alltag wahrzu\u00adnehmen und Gegenstrategien zu entwickeln. Einen besonderen Schwerpunkt nahm dabei der antimuslimische Rassismus ein, der Muslim*innen sowie Menschen, die vermeintlich f\u00fcr Muslim*innen gehalten werden, trifft.<\/p>\n<p>Dazu haben die Sch\u00fcler*innen f\u00fcr einige Stunden die fiktive Stadt \u201eParticipa City\u201c aufgesucht. Anhand konkreter lebensweltnaher Situationen konnten die Sch\u00fcler*innen hier erleben, wie rassistische \u00c4u\u00dferungen und Handlungen verletzen und die Teilhabe von Menschen negativ beeinflussen kann. So schl\u00fcpften die Sch\u00fcler*innen in ausgew\u00e4hlten Spielsituationen wie etwa am Bahnhof, auf einem Sportplatz oder im Jobcenter in die Rollen von Menschen verschiedenster Milieus und Hintergr\u00fcnde. In Form von kurzen Rollenspielen trafen sie aufeinander, waren von rassistischen \u00c4u\u00dferungen oder Handlungen betroffen oder verhielten sich selbst (m\u00f6glicherweise auch unbewusst) rassistisch. Nach Durchlaufen einer Spielstation wurde die erlebte Situation reflektiert. Die Sch\u00fcler*innen konnten dabei aus und mit ihren Rollen lernen. Zus\u00e4tzliche Zwischenstationen boten \u00fcber verschiedene Medien (Informationsstationen, Videostation, Twitter- oder Tagebuchstation) Hintergrundwissen f\u00fcr informierte Entscheidungen bzw. M\u00f6glichkeiten, das eigene im Rollenspiel wahrgenommene Verhalten zu reflektieren.<\/p>\n\n\n\n<figure class=\"wp-block-gallery has-nested-images columns-default is-cropped is-style-tw-img-frame wp-block-gallery-1 is-layout-flex wp-block-gallery-is-layout-flex\">\n<figure class=\"wp-block-image size-large\"><img loading=\"lazy\" decoding=\"async\" width=\"640\" height=\"427\" data-id=\"5928\" src=\"https:\/\/wordpress.nibis.de\/cfgs\/files\/20220610_082052-640x427.jpg\" alt=\"\" class=\"wp-image-5928\" srcset=\"https:\/\/wordpress.nibis.de\/cfgs\/files\/20220610_082052-640x427.jpg 640w, https:\/\/wordpress.nibis.de\/cfgs\/files\/20220610_082052-300x200.jpg 300w, https:\/\/wordpress.nibis.de\/cfgs\/files\/20220610_082052-768x512.jpg 768w, https:\/\/wordpress.nibis.de\/cfgs\/files\/20220610_082052-1536x1025.jpg 1536w, https:\/\/wordpress.nibis.de\/cfgs\/files\/20220610_082052-2048x1366.jpg 2048w, https:\/\/wordpress.nibis.de\/cfgs\/files\/20220610_082052-120x80.jpg 120w\" sizes=\"auto, (max-width: 640px) 100vw, 640px\" \/><\/figure>\n\n\n\n<figure class=\"wp-block-image size-large\"><img loading=\"lazy\" decoding=\"async\" width=\"640\" height=\"480\" data-id=\"5930\" src=\"https:\/\/wordpress.nibis.de\/cfgs\/files\/20220610_083133-640x480.jpg\" alt=\"\" class=\"wp-image-5930\" srcset=\"https:\/\/wordpress.nibis.de\/cfgs\/files\/20220610_083133-640x480.jpg 640w, https:\/\/wordpress.nibis.de\/cfgs\/files\/20220610_083133-300x225.jpg 300w, https:\/\/wordpress.nibis.de\/cfgs\/files\/20220610_083133-768x576.jpg 768w, https:\/\/wordpress.nibis.de\/cfgs\/files\/20220610_083133-1536x1152.jpg 1536w, https:\/\/wordpress.nibis.de\/cfgs\/files\/20220610_083133-2048x1536.jpg 2048w\" sizes=\"auto, (max-width: 640px) 100vw, 640px\" \/><\/figure>\n\n\n\n<figure class=\"wp-block-image size-large\"><img loading=\"lazy\" decoding=\"async\" width=\"640\" height=\"480\" data-id=\"5929\" src=\"https:\/\/wordpress.nibis.de\/cfgs\/files\/20220610_084233-640x480.jpg\" alt=\"\" class=\"wp-image-5929\" srcset=\"https:\/\/wordpress.nibis.de\/cfgs\/files\/20220610_084233-640x480.jpg 640w, https:\/\/wordpress.nibis.de\/cfgs\/files\/20220610_084233-300x225.jpg 300w, https:\/\/wordpress.nibis.de\/cfgs\/files\/20220610_084233-768x576.jpg 768w, https:\/\/wordpress.nibis.de\/cfgs\/files\/20220610_084233-1536x1152.jpg 1536w, https:\/\/wordpress.nibis.de\/cfgs\/files\/20220610_084233-2048x1536.jpg 2048w\" sizes=\"auto, (max-width: 640px) 100vw, 640px\" \/><\/figure>\n\n\n\n<figure class=\"wp-block-image size-large\"><img loading=\"lazy\" decoding=\"async\" width=\"553\" height=\"480\" data-id=\"5932\" src=\"https:\/\/wordpress.nibis.de\/cfgs\/files\/20220610_084742-553x480.jpg\" alt=\"\" class=\"wp-image-5932\" srcset=\"https:\/\/wordpress.nibis.de\/cfgs\/files\/20220610_084742-553x480.jpg 553w, https:\/\/wordpress.nibis.de\/cfgs\/files\/20220610_084742-300x261.jpg 300w, https:\/\/wordpress.nibis.de\/cfgs\/files\/20220610_084742-768x667.jpg 768w, https:\/\/wordpress.nibis.de\/cfgs\/files\/20220610_084742-1536x1334.jpg 1536w, https:\/\/wordpress.nibis.de\/cfgs\/files\/20220610_084742-2048x1779.jpg 2048w\" sizes=\"auto, (max-width: 553px) 100vw, 553px\" \/><\/figure>\n\n\n\n<figure class=\"wp-block-image size-large\"><img loading=\"lazy\" decoding=\"async\" width=\"640\" height=\"480\" data-id=\"5931\" src=\"https:\/\/wordpress.nibis.de\/cfgs\/files\/20220617_084532-640x480.jpg\" alt=\"\" class=\"wp-image-5931\" srcset=\"https:\/\/wordpress.nibis.de\/cfgs\/files\/20220617_084532-640x480.jpg 640w, https:\/\/wordpress.nibis.de\/cfgs\/files\/20220617_084532-300x225.jpg 300w, https:\/\/wordpress.nibis.de\/cfgs\/files\/20220617_084532-768x576.jpg 768w, https:\/\/wordpress.nibis.de\/cfgs\/files\/20220617_084532-1536x1152.jpg 1536w, https:\/\/wordpress.nibis.de\/cfgs\/files\/20220617_084532-2048x1536.jpg 2048w\" sizes=\"auto, (max-width: 640px) 100vw, 640px\" \/><\/figure>\n\n\n\n<figure class=\"wp-block-image size-large\"><img loading=\"lazy\" decoding=\"async\" width=\"640\" height=\"480\" data-id=\"5933\" src=\"https:\/\/wordpress.nibis.de\/cfgs\/files\/20220617_084931-640x480.jpg\" alt=\"\" class=\"wp-image-5933\" srcset=\"https:\/\/wordpress.nibis.de\/cfgs\/files\/20220617_084931-640x480.jpg 640w, https:\/\/wordpress.nibis.de\/cfgs\/files\/20220617_084931-300x225.jpg 300w, https:\/\/wordpress.nibis.de\/cfgs\/files\/20220617_084931-768x576.jpg 768w, https:\/\/wordpress.nibis.de\/cfgs\/files\/20220617_084931-1536x1152.jpg 1536w, https:\/\/wordpress.nibis.de\/cfgs\/files\/20220617_084931-2048x1536.jpg 2048w\" sizes=\"auto, (max-width: 640px) 100vw, 640px\" \/><\/figure>\n\n\n\n<figure class=\"wp-block-image size-large\"><img loading=\"lazy\" decoding=\"async\" width=\"640\" height=\"480\" data-id=\"5934\" src=\"https:\/\/wordpress.nibis.de\/cfgs\/files\/20220617_090254-640x480.jpg\" alt=\"\" class=\"wp-image-5934\" srcset=\"https:\/\/wordpress.nibis.de\/cfgs\/files\/20220617_090254-640x480.jpg 640w, https:\/\/wordpress.nibis.de\/cfgs\/files\/20220617_090254-300x225.jpg 300w, https:\/\/wordpress.nibis.de\/cfgs\/files\/20220617_090254-768x576.jpg 768w, https:\/\/wordpress.nibis.de\/cfgs\/files\/20220617_090254-1536x1152.jpg 1536w, https:\/\/wordpress.nibis.de\/cfgs\/files\/20220617_090254-2048x1536.jpg 2048w\" sizes=\"auto, (max-width: 640px) 100vw, 640px\" \/><\/figure>\n<\/figure>\n","protected":false},"excerpt":{"rendered":"<p>PARTIZIPA CITY &#8211; ein Planspiel zu antimuslimischem Rassismus Nach einer Unterrichtseinheit im Religionsunterricht der Klassen 10r1 und 10g zum Islam wurden die Sch\u00fcler*innen durch das vom Institut f\u00fcr angewandte Kulturforschung<\/p>\n","protected":false},"author":277,"featured_media":0,"parent":0,"menu_order":0,"comment_status":"closed","ping_status":"closed","template":"","meta":{"footnotes":""},"class_list":["post-5927","page","type-page","status-publish","hentry"],"_links":{"self":[{"href":"https:\/\/wordpress.nibis.de\/cfgs\/wp-json\/wp\/v2\/pages\/5927","targetHints":{"allow":["GET"]}}],"collection":[{"href":"https:\/\/wordpress.nibis.de\/cfgs\/wp-json\/wp\/v2\/pages"}],"about":[{"href":"https:\/\/wordpress.nibis.de\/cfgs\/wp-json\/wp\/v2\/types\/page"}],"author":[{"embeddable":true,"href":"https:\/\/wordpress.nibis.de\/cfgs\/wp-json\/wp\/v2\/users\/277"}],"replies":[{"embeddable":true,"href":"https:\/\/wordpress.nibis.de\/cfgs\/wp-json\/wp\/v2\/comments?post=5927"}],"version-history":[{"count":1,"href":"https:\/\/wordpress.nibis.de\/cfgs\/wp-json\/wp\/v2\/pages\/5927\/revisions"}],"predecessor-version":[{"id":5937,"href":"https:\/\/wordpress.nibis.de\/cfgs\/wp-json\/wp\/v2\/pages\/5927\/revisions\/5937"}],"wp:attachment":[{"href":"https:\/\/wordpress.nibis.de\/cfgs\/wp-json\/wp\/v2\/media?parent=5927"}],"curies":[{"name":"wp","href":"https:\/\/api.w.org\/{rel}","templated":true}]}}