{"id":5939,"date":"2024-01-18T10:44:49","date_gmt":"2024-01-18T09:44:49","guid":{"rendered":"https:\/\/wordpress.nibis.de\/cfgs\/?page_id=5939"},"modified":"2024-01-18T10:44:50","modified_gmt":"2024-01-18T09:44:50","slug":"wir-sind-waldmeister","status":"publish","type":"page","link":"https:\/\/wordpress.nibis.de\/cfgs\/wir-sind-waldmeister\/","title":{"rendered":"Wir sind Waldmeister"},"content":{"rendered":"\n<p>Wir sind Waldmeister!<br \/>Wald-Erlebnis-Woche im Jugendwaldheim Mei\u00dfner der Klasse 6r3<br \/>Die Klasse 6r3 fuhr vom 05.09.-09.09.22 mit ihren Klassenlehrern Eva Hohmann und Heinrich Ernst auf den Hohen Mei\u00dfner und engagierte sich w\u00e4hrend dieser Woche f\u00fcr die Erhaltung des Mei\u00dfner-Bergwaldes.<br \/>Am Montagnachmittag war die Klasse mit dem Jugendwaldheimteam im Wald. Hier liefen sie unter einem rotierenden Tau hindurch, fl\u00fcchteten lautstark vor \u201eManni-dem-Marder\u201c und besuchten die Kitzkammer.<br \/>Am Dienstagmorgen wurden kleine Fichtenb\u00e4ume gef\u00e4llt, um den verbliebenen B\u00e4umchen mehr Platz zum Wachsen zu geben. Am Nachmittag ging es zu Fu\u00df in den Wildpark nach Germerode, wo wilde Tiere aus n\u00e4chster N\u00e4he bestaunt werden konnten.<br \/>Am Mittwochmorgen gab es einige Teamspiele, die nur als Gruppe gel\u00f6st werden konnten und viele Erkenntnisse \u00fcber den Klimawandel brachten. Am Nachmittag ging es auf eine wundersch\u00f6ne Fahrradtour \u00fcber den Mei\u00dfner. Dabei lernten die Sch\u00fclerinnen und Sch\u00fcler viel \u00fcber Waldbewirtschaftung, Borkenk\u00e4fer und den historischen Bergbau. Am Ende wurden sie mit einem atemberaubenden Ausblick von der Kalbe belohnt.<br \/>Am Donnerstag regnete es nach monatelanger Trockenheit endlich mal wieder. Daher blieb die Klasse im Gruppenraum und schl\u00fcpfte in die Rolle von Chefinnen und Chefs von gro\u00dfen Holzkonzernen. Dabei wurden B\u00e4ume aus dem einzigen \u201eWelt-Wald\u201c geerntet. Die Sch\u00fclerinnen und Sch\u00fcler verdienten viel Geld und lernten, wie wichtig es ist, auf die Natur zu achten und W\u00e4lder nachhaltig zu bewirtschaften.<\/p>\n<p>\u00a0<\/p>\n\n\n\n<figure class=\"wp-block-gallery has-nested-images columns-default is-cropped is-style-tw-img-frame wp-block-gallery-1 is-layout-flex wp-block-gallery-is-layout-flex\">\n<figure class=\"wp-block-image size-large\"><img loading=\"lazy\" decoding=\"async\" width=\"640\" height=\"480\" data-id=\"5943\" src=\"https:\/\/wordpress.nibis.de\/cfgs\/files\/20220905_154823-640x480.jpg\" alt=\"\" class=\"wp-image-5943\" srcset=\"https:\/\/wordpress.nibis.de\/cfgs\/files\/20220905_154823-640x480.jpg 640w, https:\/\/wordpress.nibis.de\/cfgs\/files\/20220905_154823-300x225.jpg 300w, https:\/\/wordpress.nibis.de\/cfgs\/files\/20220905_154823-768x576.jpg 768w, https:\/\/wordpress.nibis.de\/cfgs\/files\/20220905_154823-1536x1152.jpg 1536w, https:\/\/wordpress.nibis.de\/cfgs\/files\/20220905_154823-2048x1536.jpg 2048w\" sizes=\"auto, (max-width: 640px) 100vw, 640px\" \/><\/figure>\n\n\n\n<figure class=\"wp-block-image size-large\"><img loading=\"lazy\" decoding=\"async\" width=\"360\" height=\"480\" data-id=\"5941\" src=\"https:\/\/wordpress.nibis.de\/cfgs\/files\/20220906_095811-360x480.jpg\" alt=\"\" class=\"wp-image-5941\" srcset=\"https:\/\/wordpress.nibis.de\/cfgs\/files\/20220906_095811-360x480.jpg 360w, https:\/\/wordpress.nibis.de\/cfgs\/files\/20220906_095811-225x300.jpg 225w, https:\/\/wordpress.nibis.de\/cfgs\/files\/20220906_095811-768x1024.jpg 768w, https:\/\/wordpress.nibis.de\/cfgs\/files\/20220906_095811-1152x1536.jpg 1152w, https:\/\/wordpress.nibis.de\/cfgs\/files\/20220906_095811-1536x2048.jpg 1536w, https:\/\/wordpress.nibis.de\/cfgs\/files\/20220906_095811-scaled.jpg 1920w\" sizes=\"auto, (max-width: 360px) 100vw, 360px\" \/><\/figure>\n\n\n\n<figure class=\"wp-block-image size-large\"><img loading=\"lazy\" decoding=\"async\" width=\"640\" height=\"480\" data-id=\"5940\" src=\"https:\/\/wordpress.nibis.de\/cfgs\/files\/20220908_085440-640x480.jpg\" alt=\"\" class=\"wp-image-5940\" srcset=\"https:\/\/wordpress.nibis.de\/cfgs\/files\/20220908_085440-640x480.jpg 640w, https:\/\/wordpress.nibis.de\/cfgs\/files\/20220908_085440-300x225.jpg 300w, https:\/\/wordpress.nibis.de\/cfgs\/files\/20220908_085440-768x576.jpg 768w, https:\/\/wordpress.nibis.de\/cfgs\/files\/20220908_085440-1536x1152.jpg 1536w, https:\/\/wordpress.nibis.de\/cfgs\/files\/20220908_085440-2048x1536.jpg 2048w\" sizes=\"auto, (max-width: 640px) 100vw, 640px\" \/><\/figure>\n\n\n\n<figure class=\"wp-block-image size-large\"><img loading=\"lazy\" decoding=\"async\" width=\"640\" height=\"480\" data-id=\"5942\" src=\"https:\/\/wordpress.nibis.de\/cfgs\/files\/20220908_100047-640x480.jpg\" alt=\"\" class=\"wp-image-5942\" srcset=\"https:\/\/wordpress.nibis.de\/cfgs\/files\/20220908_100047-640x480.jpg 640w, https:\/\/wordpress.nibis.de\/cfgs\/files\/20220908_100047-300x225.jpg 300w, https:\/\/wordpress.nibis.de\/cfgs\/files\/20220908_100047-768x576.jpg 768w, https:\/\/wordpress.nibis.de\/cfgs\/files\/20220908_100047-1536x1152.jpg 1536w, https:\/\/wordpress.nibis.de\/cfgs\/files\/20220908_100047-2048x1536.jpg 2048w\" sizes=\"auto, (max-width: 640px) 100vw, 640px\" \/><\/figure>\n<\/figure>\n","protected":false},"excerpt":{"rendered":"<p>Wir sind Waldmeister!Wald-Erlebnis-Woche im Jugendwaldheim Mei\u00dfner der Klasse 6r3Die Klasse 6r3 fuhr vom 05.09.-09.09.22 mit ihren Klassenlehrern Eva Hohmann und Heinrich Ernst auf den Hohen Mei\u00dfner und engagierte sich w\u00e4hrend<\/p>\n","protected":false},"author":277,"featured_media":0,"parent":0,"menu_order":0,"comment_status":"closed","ping_status":"closed","template":"","meta":{"footnotes":""},"class_list":["post-5939","page","type-page","status-publish","hentry"],"_links":{"self":[{"href":"https:\/\/wordpress.nibis.de\/cfgs\/wp-json\/wp\/v2\/pages\/5939","targetHints":{"allow":["GET"]}}],"collection":[{"href":"https:\/\/wordpress.nibis.de\/cfgs\/wp-json\/wp\/v2\/pages"}],"about":[{"href":"https:\/\/wordpress.nibis.de\/cfgs\/wp-json\/wp\/v2\/types\/page"}],"author":[{"embeddable":true,"href":"https:\/\/wordpress.nibis.de\/cfgs\/wp-json\/wp\/v2\/users\/277"}],"replies":[{"embeddable":true,"href":"https:\/\/wordpress.nibis.de\/cfgs\/wp-json\/wp\/v2\/comments?post=5939"}],"version-history":[{"count":1,"href":"https:\/\/wordpress.nibis.de\/cfgs\/wp-json\/wp\/v2\/pages\/5939\/revisions"}],"predecessor-version":[{"id":5946,"href":"https:\/\/wordpress.nibis.de\/cfgs\/wp-json\/wp\/v2\/pages\/5939\/revisions\/5946"}],"wp:attachment":[{"href":"https:\/\/wordpress.nibis.de\/cfgs\/wp-json\/wp\/v2\/media?parent=5939"}],"curies":[{"name":"wp","href":"https:\/\/api.w.org\/{rel}","templated":true}]}}