{"id":5948,"date":"2024-01-18T10:52:04","date_gmt":"2024-01-18T09:52:04","guid":{"rendered":"https:\/\/wordpress.nibis.de\/cfgs\/?page_id=5948"},"modified":"2024-01-18T10:52:04","modified_gmt":"2024-01-18T09:52:04","slug":"schokolade-macht-jeden-gluecklich-workshop","status":"publish","type":"page","link":"https:\/\/wordpress.nibis.de\/cfgs\/schokolade-macht-jeden-gluecklich-workshop\/","title":{"rendered":"Schokolade macht jeden gl\u00fccklich? Workshop"},"content":{"rendered":"\n<p>Workshop \u201eSchokolade macht jeden gl\u00fccklich \u2013 \u00fcberall?!\u201c<br \/>Es gibt nur sehr wenige Sch\u00fcler*innen in der Klasse 6r2, die Schokolade nicht m\u00f6gen. Dabei wussten sie gr\u00f6\u00dftenteils nicht, welche Prozesse im Vorfeld ablaufen, bevor sie die Schokolade genie\u00dfen k\u00f6nnen. Schokolade hat jedoch eine interessante Geschichte, die unseren Sch\u00fcler(n)*innen wichtige Erkenntnisse und Denkanst\u00f6\u00dfe vermitteln kann &#8211; davon handelt der durchgef\u00fchrte Workshop. <br \/>Kinder sollen weltweit die gleichen Rechte und Chancen auf ein gutes Leben haben \u2013 da sind sich alle Sch\u00fcler*innen der Klasse 6r2 einig. Die Realit\u00e4t sieht aber leider in vielen L\u00e4ndern, vor alle im S\u00fcden der Welt, ganz anders aus. In vielen uns lieb gewordenen Produkten steckt Kinderarbeit, wie zum Beispiel in der Produktion von Kakao. Aber an Produktionsbedingungen l\u00e4sst sich etwas \u00e4ndern, indem Menschen ihr Einkaufsverhalten \u00fcberdenken. <br \/>Dementsprechend wurden im Workshop zuerst die Kontinente gro\u00dfz\u00fcgig auf den Boden geklebt, um sich dann in einem Weltverteilungsspiel \u00fcber die Weltbev\u00f6lkerung, die Verteilung von Geld und Ressourcen und dem CO\u00b2-Aussto\u00df der verschiedenen Kontinente bewusst zu werden. \u00dcber die Fragestellung \u201eEine Kugel, eine Menschheit \u2013 Was sind die jeweiligen Herausforderungen?\u201c haben die Sch\u00fcler*innen Probleme und L\u00f6sungsans\u00e4tze formuliert und diese den 17 Nachhaltigkeitszielen zugeordnet.<br \/>\u00dcber Kurzfilme haben die Sch\u00fcler*innen die einzelnen Zutaten, aus denen Schokolade besteht, kennengelernt und erkannt, dass es ein weiter Weg ist, bis die Schokolade bei ihnen ankommt. Sie haben gesehen, dass es bei der Schokoladenproduktion nicht immer gerecht zugeht und ihr Verst\u00e4ndnis von &#8222;fair\/unfair&#8220; weiterentwickelt. Unter den Fragestellungen, was ver\u00e4ndert werden sollte und wie das von ihnen selbst beeinflusst werden kann, haben sich die Sch\u00fcler eigene Handlungsoptionen erarbeitet.<br \/>Darauf aufbauend haben sich die Sch\u00fcler in Kleingruppen mit Siegeln auf Schokoladenverpackungen besch\u00e4ftigt, \u00fcber diese Informationsplakate erstellt und diese f\u00fcr eine Ausstellung mit vorhergehender Pr\u00e4sentation erarbeitet.<br \/>So konnte der Workshop mit der Benennung von wichtigen Erkenntnissen der Sch\u00fcler*innen und Handlungsvorschl\u00e4gen abgeschlossen werden.<\/p>\n<p>\u00a0<\/p>\n\n\n\n<figure class=\"wp-block-gallery has-nested-images columns-default is-cropped is-style-tw-img-frame wp-block-gallery-1 is-layout-flex wp-block-gallery-is-layout-flex\">\n<figure class=\"wp-block-image size-large\"><img loading=\"lazy\" decoding=\"async\" width=\"640\" height=\"480\" data-id=\"5953\" src=\"https:\/\/wordpress.nibis.de\/cfgs\/files\/20221129_091826-640x480.jpg\" alt=\"\" class=\"wp-image-5953\" srcset=\"https:\/\/wordpress.nibis.de\/cfgs\/files\/20221129_091826-640x480.jpg 640w, https:\/\/wordpress.nibis.de\/cfgs\/files\/20221129_091826-300x225.jpg 300w, https:\/\/wordpress.nibis.de\/cfgs\/files\/20221129_091826-768x576.jpg 768w, https:\/\/wordpress.nibis.de\/cfgs\/files\/20221129_091826-1536x1152.jpg 1536w, https:\/\/wordpress.nibis.de\/cfgs\/files\/20221129_091826-2048x1536.jpg 2048w\" sizes=\"auto, (max-width: 640px) 100vw, 640px\" \/><\/figure>\n\n\n\n<figure class=\"wp-block-image size-large\"><img loading=\"lazy\" decoding=\"async\" width=\"640\" height=\"480\" data-id=\"5950\" src=\"https:\/\/wordpress.nibis.de\/cfgs\/files\/20221129_092208-640x480.jpg\" alt=\"\" class=\"wp-image-5950\" srcset=\"https:\/\/wordpress.nibis.de\/cfgs\/files\/20221129_092208-640x480.jpg 640w, https:\/\/wordpress.nibis.de\/cfgs\/files\/20221129_092208-300x225.jpg 300w, https:\/\/wordpress.nibis.de\/cfgs\/files\/20221129_092208-768x576.jpg 768w, https:\/\/wordpress.nibis.de\/cfgs\/files\/20221129_092208-1536x1152.jpg 1536w, https:\/\/wordpress.nibis.de\/cfgs\/files\/20221129_092208-2048x1536.jpg 2048w\" sizes=\"auto, (max-width: 640px) 100vw, 640px\" \/><\/figure>\n\n\n\n<figure class=\"wp-block-image size-large\"><img loading=\"lazy\" decoding=\"async\" width=\"640\" height=\"480\" data-id=\"5951\" src=\"https:\/\/wordpress.nibis.de\/cfgs\/files\/20221129_092850-640x480.jpg\" alt=\"\" class=\"wp-image-5951\" srcset=\"https:\/\/wordpress.nibis.de\/cfgs\/files\/20221129_092850-640x480.jpg 640w, https:\/\/wordpress.nibis.de\/cfgs\/files\/20221129_092850-300x225.jpg 300w, https:\/\/wordpress.nibis.de\/cfgs\/files\/20221129_092850-768x576.jpg 768w, https:\/\/wordpress.nibis.de\/cfgs\/files\/20221129_092850-1536x1152.jpg 1536w, https:\/\/wordpress.nibis.de\/cfgs\/files\/20221129_092850-2048x1536.jpg 2048w\" sizes=\"auto, (max-width: 640px) 100vw, 640px\" \/><\/figure>\n\n\n\n<figure class=\"wp-block-image size-large\"><img loading=\"lazy\" decoding=\"async\" width=\"640\" height=\"480\" data-id=\"5954\" src=\"https:\/\/wordpress.nibis.de\/cfgs\/files\/20221129_102242-640x480.jpg\" alt=\"\" class=\"wp-image-5954\" srcset=\"https:\/\/wordpress.nibis.de\/cfgs\/files\/20221129_102242-640x480.jpg 640w, https:\/\/wordpress.nibis.de\/cfgs\/files\/20221129_102242-300x225.jpg 300w, https:\/\/wordpress.nibis.de\/cfgs\/files\/20221129_102242-768x576.jpg 768w, https:\/\/wordpress.nibis.de\/cfgs\/files\/20221129_102242-1536x1152.jpg 1536w, https:\/\/wordpress.nibis.de\/cfgs\/files\/20221129_102242-2048x1536.jpg 2048w\" sizes=\"auto, (max-width: 640px) 100vw, 640px\" \/><\/figure>\n\n\n\n<figure class=\"wp-block-image size-large\"><img loading=\"lazy\" decoding=\"async\" width=\"360\" height=\"480\" data-id=\"5949\" src=\"https:\/\/wordpress.nibis.de\/cfgs\/files\/20221129_104931-360x480.jpg\" alt=\"\" class=\"wp-image-5949\" srcset=\"https:\/\/wordpress.nibis.de\/cfgs\/files\/20221129_104931-360x480.jpg 360w, https:\/\/wordpress.nibis.de\/cfgs\/files\/20221129_104931-225x300.jpg 225w, https:\/\/wordpress.nibis.de\/cfgs\/files\/20221129_104931-768x1024.jpg 768w, https:\/\/wordpress.nibis.de\/cfgs\/files\/20221129_104931-1152x1536.jpg 1152w, https:\/\/wordpress.nibis.de\/cfgs\/files\/20221129_104931-1536x2048.jpg 1536w, https:\/\/wordpress.nibis.de\/cfgs\/files\/20221129_104931-scaled.jpg 1920w\" sizes=\"auto, (max-width: 360px) 100vw, 360px\" \/><\/figure>\n\n\n\n<figure class=\"wp-block-image size-large\"><img loading=\"lazy\" decoding=\"async\" width=\"640\" height=\"480\" data-id=\"5952\" src=\"https:\/\/wordpress.nibis.de\/cfgs\/files\/20221129_121003-640x480.jpg\" alt=\"\" class=\"wp-image-5952\" srcset=\"https:\/\/wordpress.nibis.de\/cfgs\/files\/20221129_121003-640x480.jpg 640w, https:\/\/wordpress.nibis.de\/cfgs\/files\/20221129_121003-300x225.jpg 300w, https:\/\/wordpress.nibis.de\/cfgs\/files\/20221129_121003-768x576.jpg 768w, https:\/\/wordpress.nibis.de\/cfgs\/files\/20221129_121003-1536x1152.jpg 1536w, https:\/\/wordpress.nibis.de\/cfgs\/files\/20221129_121003-2048x1536.jpg 2048w\" sizes=\"auto, (max-width: 640px) 100vw, 640px\" \/><\/figure>\n\n\n\n<figure class=\"wp-block-image size-large\"><img loading=\"lazy\" decoding=\"async\" width=\"640\" height=\"480\" data-id=\"5955\" src=\"https:\/\/wordpress.nibis.de\/cfgs\/files\/20221129_125502-640x480.jpg\" alt=\"\" class=\"wp-image-5955\" srcset=\"https:\/\/wordpress.nibis.de\/cfgs\/files\/20221129_125502-640x480.jpg 640w, https:\/\/wordpress.nibis.de\/cfgs\/files\/20221129_125502-300x225.jpg 300w, https:\/\/wordpress.nibis.de\/cfgs\/files\/20221129_125502-768x576.jpg 768w, https:\/\/wordpress.nibis.de\/cfgs\/files\/20221129_125502-1536x1152.jpg 1536w, https:\/\/wordpress.nibis.de\/cfgs\/files\/20221129_125502-2048x1536.jpg 2048w\" sizes=\"auto, (max-width: 640px) 100vw, 640px\" \/><\/figure>\n<\/figure>\n","protected":false},"excerpt":{"rendered":"<p>Workshop \u201eSchokolade macht jeden gl\u00fccklich \u2013 \u00fcberall?!\u201cEs gibt nur sehr wenige Sch\u00fcler*innen in der Klasse 6r2, die Schokolade nicht m\u00f6gen. Dabei wussten sie gr\u00f6\u00dftenteils nicht, welche Prozesse im Vorfeld ablaufen,<\/p>\n","protected":false},"author":277,"featured_media":0,"parent":0,"menu_order":0,"comment_status":"closed","ping_status":"closed","template":"","meta":{"footnotes":""},"class_list":["post-5948","page","type-page","status-publish","hentry"],"_links":{"self":[{"href":"https:\/\/wordpress.nibis.de\/cfgs\/wp-json\/wp\/v2\/pages\/5948","targetHints":{"allow":["GET"]}}],"collection":[{"href":"https:\/\/wordpress.nibis.de\/cfgs\/wp-json\/wp\/v2\/pages"}],"about":[{"href":"https:\/\/wordpress.nibis.de\/cfgs\/wp-json\/wp\/v2\/types\/page"}],"author":[{"embeddable":true,"href":"https:\/\/wordpress.nibis.de\/cfgs\/wp-json\/wp\/v2\/users\/277"}],"replies":[{"embeddable":true,"href":"https:\/\/wordpress.nibis.de\/cfgs\/wp-json\/wp\/v2\/comments?post=5948"}],"version-history":[{"count":1,"href":"https:\/\/wordpress.nibis.de\/cfgs\/wp-json\/wp\/v2\/pages\/5948\/revisions"}],"predecessor-version":[{"id":5958,"href":"https:\/\/wordpress.nibis.de\/cfgs\/wp-json\/wp\/v2\/pages\/5948\/revisions\/5958"}],"wp:attachment":[{"href":"https:\/\/wordpress.nibis.de\/cfgs\/wp-json\/wp\/v2\/media?parent=5948"}],"curies":[{"name":"wp","href":"https:\/\/api.w.org\/{rel}","templated":true}]}}