{"id":6020,"date":"2024-01-20T11:20:51","date_gmt":"2024-01-20T10:20:51","guid":{"rendered":"https:\/\/wordpress.nibis.de\/cfgs\/?page_id=6020"},"modified":"2024-01-20T11:30:17","modified_gmt":"2024-01-20T10:30:17","slug":"planspiel-boerse","status":"publish","type":"page","link":"https:\/\/wordpress.nibis.de\/cfgs\/planspiel-boerse\/","title":{"rendered":"Planspiel B\u00f6rse"},"content":{"rendered":"\n<p>An der Carl-Friedrich-Gau\u00df Schule in Gro\u00df Schneen nehmen jedes Schuljahr Kurse bzw. Klassen am Planspiel B\u00f6rse, organisiert durch die Sparkassen, teil.<\/p>\n<p>In diesem Schuljahr nimmt der Profilkurs Wirtschaft des 10.Jahrganges am Planspiel teil. Start war der 04.10.20023. Der letzte Handelstag wird der 30.01.2024 sein.<\/p>\n<p>Im Planspiel B\u00f6rse 2023 handelt man mit einem virtuellen Startguthaben von 50.000 Euro unter realit\u00e4tsnahen Bedingungen. Mit dem Startkapital kann man Aktien an der B\u00f6rse kaufen.<\/p>\n<p>Ziel des virtuellen Spiels ist es, den Sch\u00fcler*innen die Angst vorm Wertpapierhandel zu nehmen und ihr Wissen zu erweitern. Dabei k\u00f6nnen die Sch\u00fcler*innen, wenn sie richtig investiert haben, auf Kreis-, Landes-, Bundes- und Europaebene Geld- und Sachpreise gewinnen.<\/p>\n<p>Im vergangenen Schuljahr 2022\/23 gewann eine Gruppe unserer Schule den 2.Platz in der Depotgesamtwertung des Landkreises G\u00f6ttingen und wurde mit 200 Euro pr\u00e4miert.<\/p>\n<p>Des Weiteren nehmen wir mit dem Profilkurs Wirtschaft seit dem Schuljahr 2022\/23 am F.A.Z B\u00f6rsenspiel teil. Das F.A.Z B\u00f6rsenspiel wird von der FAZ (Frankfurter Allgemeine) ausgerichtet. Das B\u00f6rsenspiel wird \u00fcber zwei komplette Schuljahr gespielt und am Endes des 10.Schuljahres ausgewertet und mit Sachpreisen innerhalb des Profilkurses Wirtschaft pr\u00e4miert.<\/p>\n\n\n\n<figure class=\"wp-block-gallery has-nested-images columns-default is-cropped is-style-tw-img-frame wp-block-gallery-1 is-layout-flex wp-block-gallery-is-layout-flex\">\n<figure class=\"wp-block-image size-large\"><img loading=\"lazy\" decoding=\"async\" width=\"640\" height=\"457\" data-id=\"6022\" src=\"https:\/\/wordpress.nibis.de\/cfgs\/files\/planspielBoerse_4-640x457.jpg\" alt=\"\" class=\"wp-image-6022\" srcset=\"https:\/\/wordpress.nibis.de\/cfgs\/files\/planspielBoerse_4-640x457.jpg 640w, https:\/\/wordpress.nibis.de\/cfgs\/files\/planspielBoerse_4-300x214.jpg 300w, https:\/\/wordpress.nibis.de\/cfgs\/files\/planspielBoerse_4-768x548.jpg 768w, https:\/\/wordpress.nibis.de\/cfgs\/files\/planspielBoerse_4.jpg 776w\" sizes=\"auto, (max-width: 640px) 100vw, 640px\" \/><\/figure>\n\n\n\n<figure class=\"wp-block-image size-large\"><img decoding=\"async\" data-id=\"6023\" src=\"https:\/\/wordpress.nibis.de\/cfgs\/files\/planspielBoerse_3-399x480.jpg\" alt=\"\" class=\"wp-image-6023\" \/><\/figure>\n\n\n\n<figure class=\"wp-block-image size-large\"><img loading=\"lazy\" decoding=\"async\" width=\"579\" height=\"480\" data-id=\"6021\" src=\"https:\/\/wordpress.nibis.de\/cfgs\/files\/planspielBoerse_1-579x480.jpg\" alt=\"\" class=\"wp-image-6021\" srcset=\"https:\/\/wordpress.nibis.de\/cfgs\/files\/planspielBoerse_1-579x480.jpg 579w, https:\/\/wordpress.nibis.de\/cfgs\/files\/planspielBoerse_1-300x249.jpg 300w, https:\/\/wordpress.nibis.de\/cfgs\/files\/planspielBoerse_1.jpg 625w\" sizes=\"auto, (max-width: 579px) 100vw, 579px\" \/><\/figure>\n<\/figure>\n\n\n\n<figure class=\"wp-block-image size-large is-style-tw-frame\"><img loading=\"lazy\" decoding=\"async\" width=\"640\" height=\"419\" src=\"https:\/\/wordpress.nibis.de\/cfgs\/files\/planspielBoerse_2-1-640x419.jpg\" alt=\"\" class=\"wp-image-6030\" srcset=\"https:\/\/wordpress.nibis.de\/cfgs\/files\/planspielBoerse_2-1-640x419.jpg 640w, https:\/\/wordpress.nibis.de\/cfgs\/files\/planspielBoerse_2-1-300x197.jpg 300w, https:\/\/wordpress.nibis.de\/cfgs\/files\/planspielBoerse_2-1-120x80.jpg 120w, https:\/\/wordpress.nibis.de\/cfgs\/files\/planspielBoerse_2-1.jpg 690w\" sizes=\"auto, (max-width: 640px) 100vw, 640px\" \/><\/figure>\n","protected":false},"excerpt":{"rendered":"<p>An der Carl-Friedrich-Gau\u00df Schule in Gro\u00df Schneen nehmen jedes Schuljahr Kurse bzw. Klassen am Planspiel B\u00f6rse, organisiert durch die Sparkassen, teil. In diesem Schuljahr nimmt der Profilkurs Wirtschaft des 10.Jahrganges<\/p>\n","protected":false},"author":277,"featured_media":0,"parent":0,"menu_order":0,"comment_status":"closed","ping_status":"closed","template":"","meta":{"footnotes":""},"class_list":["post-6020","page","type-page","status-publish","hentry"],"_links":{"self":[{"href":"https:\/\/wordpress.nibis.de\/cfgs\/wp-json\/wp\/v2\/pages\/6020","targetHints":{"allow":["GET"]}}],"collection":[{"href":"https:\/\/wordpress.nibis.de\/cfgs\/wp-json\/wp\/v2\/pages"}],"about":[{"href":"https:\/\/wordpress.nibis.de\/cfgs\/wp-json\/wp\/v2\/types\/page"}],"author":[{"embeddable":true,"href":"https:\/\/wordpress.nibis.de\/cfgs\/wp-json\/wp\/v2\/users\/277"}],"replies":[{"embeddable":true,"href":"https:\/\/wordpress.nibis.de\/cfgs\/wp-json\/wp\/v2\/comments?post=6020"}],"version-history":[{"count":2,"href":"https:\/\/wordpress.nibis.de\/cfgs\/wp-json\/wp\/v2\/pages\/6020\/revisions"}],"predecessor-version":[{"id":6031,"href":"https:\/\/wordpress.nibis.de\/cfgs\/wp-json\/wp\/v2\/pages\/6020\/revisions\/6031"}],"wp:attachment":[{"href":"https:\/\/wordpress.nibis.de\/cfgs\/wp-json\/wp\/v2\/media?parent=6020"}],"curies":[{"name":"wp","href":"https:\/\/api.w.org\/{rel}","templated":true}]}}