{"id":6138,"date":"2024-03-09T10:47:40","date_gmt":"2024-03-09T09:47:40","guid":{"rendered":"https:\/\/wordpress.nibis.de\/cfgs\/?page_id=6138"},"modified":"2024-03-09T10:47:46","modified_gmt":"2024-03-09T09:47:46","slug":"schulobst-an-der-cfgs-jetzt-kostenfrei","status":"publish","type":"page","link":"https:\/\/wordpress.nibis.de\/cfgs\/schulobst-an-der-cfgs-jetzt-kostenfrei\/","title":{"rendered":"Schulobst an der CFGS \u2013 jetzt kostenfrei"},"content":{"rendered":"\n<p>Wir haben seit dem 2. Halbjahr 2022\/23 ein Probeabonnement f\u00fcr Schulobst im 5. und 6. Jahrgang.<\/p>\n<p>Dies wurde so positiv von der Sch\u00fclerschaft angenommen, dass wir uns entschlossen haben, uns f\u00fcr das EU-Projekt Schulobst im kommenden Schuljahr 2023\/24 zu bewerben.\u00a0 Wir haben den Zuspruch erhalten und bekommen f\u00fcr die Eltern kostenfrei seit September 2023 w\u00f6chentliche Lieferungen von \u00f6kologisch angebauten Obst- und Gem\u00fcse f\u00fcr 177 Sch\u00fcler:innen.<\/p>\n<p>Unsere Garten-AG ist immer montags f\u00fcr die Verteilung des Obst- und Gem\u00fcses zust\u00e4ndig. Der Verzehr und die Zubereitung des Gem\u00fcse- und Obstes findet dann am Folgetag in den FL-Stunden (Freies Lernen) des 5. und 6. Jahrgangs zu Beginn des Nachmittagsunterrichtes als Ritual statt.<\/p>\n<p>Unsere Sch\u00fcler:innen lernen so ganz nebenbei die Bedeutung gesunder Ern\u00e4hrung f\u00fcr unseren K\u00f6rper und entdecken umweltschonende Anbauweisen von Obst- und Gem\u00fcse.<\/p>\n<p>Die w\u00f6chentliche Lieferung des Schulobstes war au\u00dferdem der Anlass f\u00fcr eine genaue Untersuchung heimischer Obst- und Gem\u00fcsesorten in den WPK-Kursen. Die Sch\u00fcler:innen haben sich an Stationen \u00fcber die verschiedenen heimischen Obstarten informiert und Kostproben von unterschiedlichen \u00c4pfel- und Birnensorten organisiert. Dar\u00fcber hinaus wurde \u00fcber die traditionelle Lagerung und ganzj\u00e4hrige Verf\u00fcgbarkeit des Obstes gesprochen.<\/p>\n\n\n\n<figure class=\"wp-block-gallery has-nested-images columns-default is-cropped is-style-tw-img-frame wp-block-gallery-1 is-layout-flex wp-block-gallery-is-layout-flex\">\n<figure class=\"wp-block-image size-large\"><img loading=\"lazy\" decoding=\"async\" width=\"429\" height=\"480\" data-id=\"6139\" src=\"https:\/\/wordpress.nibis.de\/cfgs\/files\/Schulobst-geniessen-1-429x480.jpeg\" alt=\"\" class=\"wp-image-6139\" srcset=\"https:\/\/wordpress.nibis.de\/cfgs\/files\/Schulobst-geniessen-1-429x480.jpeg 429w, https:\/\/wordpress.nibis.de\/cfgs\/files\/Schulobst-geniessen-1-268x300.jpeg 268w, https:\/\/wordpress.nibis.de\/cfgs\/files\/Schulobst-geniessen-1-768x860.jpeg 768w, https:\/\/wordpress.nibis.de\/cfgs\/files\/Schulobst-geniessen-1-1372x1536.jpeg 1372w, https:\/\/wordpress.nibis.de\/cfgs\/files\/Schulobst-geniessen-1-1829x2048.jpeg 1829w\" sizes=\"auto, (max-width: 429px) 100vw, 429px\" \/><\/figure>\n\n\n\n<figure class=\"wp-block-image size-large\"><img loading=\"lazy\" decoding=\"async\" width=\"360\" height=\"480\" data-id=\"6141\" src=\"https:\/\/wordpress.nibis.de\/cfgs\/files\/Schulobst-packen-2-360x480.jpeg\" alt=\"\" class=\"wp-image-6141\" srcset=\"https:\/\/wordpress.nibis.de\/cfgs\/files\/Schulobst-packen-2-360x480.jpeg 360w, https:\/\/wordpress.nibis.de\/cfgs\/files\/Schulobst-packen-2-225x300.jpeg 225w, https:\/\/wordpress.nibis.de\/cfgs\/files\/Schulobst-packen-2-768x1024.jpeg 768w, https:\/\/wordpress.nibis.de\/cfgs\/files\/Schulobst-packen-2-1152x1536.jpeg 1152w, https:\/\/wordpress.nibis.de\/cfgs\/files\/Schulobst-packen-2-1536x2048.jpeg 1536w, https:\/\/wordpress.nibis.de\/cfgs\/files\/Schulobst-packen-2-scaled.jpeg 1920w\" sizes=\"auto, (max-width: 360px) 100vw, 360px\" \/><\/figure>\n\n\n\n<figure class=\"wp-block-image size-large\"><img loading=\"lazy\" decoding=\"async\" width=\"360\" height=\"480\" data-id=\"6140\" src=\"https:\/\/wordpress.nibis.de\/cfgs\/files\/Schulobst-schneiden-2-360x480.jpeg\" alt=\"\" class=\"wp-image-6140\" srcset=\"https:\/\/wordpress.nibis.de\/cfgs\/files\/Schulobst-schneiden-2-360x480.jpeg 360w, https:\/\/wordpress.nibis.de\/cfgs\/files\/Schulobst-schneiden-2-225x300.jpeg 225w, https:\/\/wordpress.nibis.de\/cfgs\/files\/Schulobst-schneiden-2-768x1024.jpeg 768w, https:\/\/wordpress.nibis.de\/cfgs\/files\/Schulobst-schneiden-2-1152x1536.jpeg 1152w, https:\/\/wordpress.nibis.de\/cfgs\/files\/Schulobst-schneiden-2-1536x2048.jpeg 1536w, https:\/\/wordpress.nibis.de\/cfgs\/files\/Schulobst-schneiden-2-scaled.jpeg 1920w\" sizes=\"auto, (max-width: 360px) 100vw, 360px\" \/><\/figure>\n<\/figure>\n","protected":false},"excerpt":{"rendered":"<p>Wir haben seit dem 2. Halbjahr 2022\/23 ein Probeabonnement f\u00fcr Schulobst im 5. und 6. Jahrgang. Dies wurde so positiv von der Sch\u00fclerschaft angenommen, dass wir uns entschlossen haben, uns<\/p>\n","protected":false},"author":277,"featured_media":6141,"parent":0,"menu_order":0,"comment_status":"closed","ping_status":"closed","template":"","meta":{"footnotes":""},"class_list":["post-6138","page","type-page","status-publish","has-post-thumbnail","hentry"],"_links":{"self":[{"href":"https:\/\/wordpress.nibis.de\/cfgs\/wp-json\/wp\/v2\/pages\/6138","targetHints":{"allow":["GET"]}}],"collection":[{"href":"https:\/\/wordpress.nibis.de\/cfgs\/wp-json\/wp\/v2\/pages"}],"about":[{"href":"https:\/\/wordpress.nibis.de\/cfgs\/wp-json\/wp\/v2\/types\/page"}],"author":[{"embeddable":true,"href":"https:\/\/wordpress.nibis.de\/cfgs\/wp-json\/wp\/v2\/users\/277"}],"replies":[{"embeddable":true,"href":"https:\/\/wordpress.nibis.de\/cfgs\/wp-json\/wp\/v2\/comments?post=6138"}],"version-history":[{"count":1,"href":"https:\/\/wordpress.nibis.de\/cfgs\/wp-json\/wp\/v2\/pages\/6138\/revisions"}],"predecessor-version":[{"id":6144,"href":"https:\/\/wordpress.nibis.de\/cfgs\/wp-json\/wp\/v2\/pages\/6138\/revisions\/6144"}],"wp:featuredmedia":[{"embeddable":true,"href":"https:\/\/wordpress.nibis.de\/cfgs\/wp-json\/wp\/v2\/media\/6141"}],"wp:attachment":[{"href":"https:\/\/wordpress.nibis.de\/cfgs\/wp-json\/wp\/v2\/media?parent=6138"}],"curies":[{"name":"wp","href":"https:\/\/api.w.org\/{rel}","templated":true}]}}