{"id":6152,"date":"2024-03-09T11:01:17","date_gmt":"2024-03-09T10:01:17","guid":{"rendered":"https:\/\/wordpress.nibis.de\/cfgs\/?page_id=6152"},"modified":"2024-03-09T13:17:28","modified_gmt":"2024-03-09T12:17:28","slug":"neues-angebot-bei-mr-pen","status":"publish","type":"page","link":"https:\/\/wordpress.nibis.de\/cfgs\/neues-angebot-bei-mr-pen\/","title":{"rendered":"Neues Angebot bei Mr. Pen"},"content":{"rendered":"\n<p>Neu im Programm haben wir umweltschonendere Alternativen zu Schreibwarenartikel mit hohem Plastikanteil:<br \/>\u2022 Korrekturroller<br \/>\u2022 Kleber <br \/>\u2022 Stifte<br \/>Der neue Textmarker kann jeder Zeit an unserer Tankstelle umsonst bei Mr. Pen wieder aufgef\u00fcllt werden.<\/p>\n<p>Jedes Jahr verteilen wir Mr. Pen-Starterpakete, die bestellt werden k\u00f6nnen, am Tag der Einschulung an die neuen Sch\u00fcler:innen der f\u00fcnften Jahrg\u00e4nge!<\/p>\n<p>Unsere Mappen und Hefte tragen alle das Umweltsiegel \u201eBlauer Engel\u201c.<br \/>Au\u00dferdem unterst\u00fctzen wir mit unseren Materialien die Aktion \u201eBlumen basteln f\u00fcr unsere Einschulung\u201c.<br \/>Und <a href=\"https:\/\/wordpress.nibis.de\/cfgs\/mr-pen\/\">hier geht es direkt zur Seite Mr. Pen<\/a>.<\/p>\n\n\n\n<figure class=\"wp-block-gallery has-nested-images columns-default is-cropped is-style-tw-img-frame wp-block-gallery-1 is-layout-flex wp-block-gallery-is-layout-flex\">\n<figure class=\"wp-block-image size-large\"><img loading=\"lazy\" decoding=\"async\" width=\"472\" height=\"480\" data-id=\"6161\" src=\"https:\/\/wordpress.nibis.de\/cfgs\/files\/Foto-1-lachender-Stift-1-472x480.jpg\" alt=\"\" class=\"wp-image-6161\" srcset=\"https:\/\/wordpress.nibis.de\/cfgs\/files\/Foto-1-lachender-Stift-1-472x480.jpg 472w, https:\/\/wordpress.nibis.de\/cfgs\/files\/Foto-1-lachender-Stift-1-295x300.jpg 295w, https:\/\/wordpress.nibis.de\/cfgs\/files\/Foto-1-lachender-Stift-1-768x781.jpg 768w, https:\/\/wordpress.nibis.de\/cfgs\/files\/Foto-1-lachender-Stift-1.jpg 1107w\" sizes=\"auto, (max-width: 472px) 100vw, 472px\" \/><\/figure>\n\n\n\n<figure class=\"wp-block-image size-large\"><img loading=\"lazy\" decoding=\"async\" width=\"424\" height=\"480\" data-id=\"6158\" src=\"https:\/\/wordpress.nibis.de\/cfgs\/files\/Foto-2-lachender-Stift-1-424x480.jpg\" alt=\"\" class=\"wp-image-6158\" srcset=\"https:\/\/wordpress.nibis.de\/cfgs\/files\/Foto-2-lachender-Stift-1-424x480.jpg 424w, https:\/\/wordpress.nibis.de\/cfgs\/files\/Foto-2-lachender-Stift-1-265x300.jpg 265w, https:\/\/wordpress.nibis.de\/cfgs\/files\/Foto-2-lachender-Stift-1.jpg 641w\" sizes=\"auto, (max-width: 424px) 100vw, 424px\" \/><\/figure>\n\n\n\n<figure class=\"wp-block-image size-large\"><img loading=\"lazy\" decoding=\"async\" width=\"640\" height=\"331\" data-id=\"6160\" src=\"https:\/\/wordpress.nibis.de\/cfgs\/files\/Foto-3-Schild-Tankstelle-1-640x331.jpg\" alt=\"\" class=\"wp-image-6160\" srcset=\"https:\/\/wordpress.nibis.de\/cfgs\/files\/Foto-3-Schild-Tankstelle-1-640x331.jpg 640w, https:\/\/wordpress.nibis.de\/cfgs\/files\/Foto-3-Schild-Tankstelle-1-300x155.jpg 300w, https:\/\/wordpress.nibis.de\/cfgs\/files\/Foto-3-Schild-Tankstelle-1-768x397.jpg 768w, https:\/\/wordpress.nibis.de\/cfgs\/files\/Foto-3-Schild-Tankstelle-1.jpg 954w\" sizes=\"auto, (max-width: 640px) 100vw, 640px\" \/><\/figure>\n\n\n\n<figure class=\"wp-block-image size-large\"><img decoding=\"async\" data-id=\"6159\" src=\"https:\/\/wordpress.nibis.de\/cfgs\/files\/Foto-4-Stift-beim-tanken-1-201x480.jpg\" alt=\"\" class=\"wp-image-6159\" \/><\/figure>\n<\/figure>\n","protected":false},"excerpt":{"rendered":"<p>Neu im Programm haben wir umweltschonendere Alternativen zu Schreibwarenartikel mit hohem Plastikanteil:\u2022 Korrekturroller\u2022 Kleber \u2022 StifteDer neue Textmarker kann jeder Zeit an unserer Tankstelle umsonst bei Mr. Pen wieder aufgef\u00fcllt<\/p>\n","protected":false},"author":277,"featured_media":0,"parent":0,"menu_order":0,"comment_status":"closed","ping_status":"closed","template":"","meta":{"footnotes":""},"class_list":["post-6152","page","type-page","status-publish","hentry"],"_links":{"self":[{"href":"https:\/\/wordpress.nibis.de\/cfgs\/wp-json\/wp\/v2\/pages\/6152","targetHints":{"allow":["GET"]}}],"collection":[{"href":"https:\/\/wordpress.nibis.de\/cfgs\/wp-json\/wp\/v2\/pages"}],"about":[{"href":"https:\/\/wordpress.nibis.de\/cfgs\/wp-json\/wp\/v2\/types\/page"}],"author":[{"embeddable":true,"href":"https:\/\/wordpress.nibis.de\/cfgs\/wp-json\/wp\/v2\/users\/277"}],"replies":[{"embeddable":true,"href":"https:\/\/wordpress.nibis.de\/cfgs\/wp-json\/wp\/v2\/comments?post=6152"}],"version-history":[{"count":5,"href":"https:\/\/wordpress.nibis.de\/cfgs\/wp-json\/wp\/v2\/pages\/6152\/revisions"}],"predecessor-version":[{"id":6183,"href":"https:\/\/wordpress.nibis.de\/cfgs\/wp-json\/wp\/v2\/pages\/6152\/revisions\/6183"}],"wp:attachment":[{"href":"https:\/\/wordpress.nibis.de\/cfgs\/wp-json\/wp\/v2\/media?parent=6152"}],"curies":[{"name":"wp","href":"https:\/\/api.w.org\/{rel}","templated":true}]}}