{"id":6200,"date":"2024-03-14T12:26:20","date_gmt":"2024-03-14T11:26:20","guid":{"rendered":"https:\/\/wordpress.nibis.de\/cfgs\/?page_id=6200"},"modified":"2024-03-14T12:29:09","modified_gmt":"2024-03-14T11:29:09","slug":"regenwasser-ist-wertvoll-unser-schulgarten-hat-ein-wasserversorgungsproblem","status":"publish","type":"page","link":"https:\/\/wordpress.nibis.de\/cfgs\/regenwasser-ist-wertvoll-unser-schulgarten-hat-ein-wasserversorgungsproblem\/","title":{"rendered":"&#8222;Regenwasser ist wertvoll&#8220; &#8211; unser Schulgarten hat ein Wasserversorgungsproblem"},"content":{"rendered":"\n<p><br \/><br \/>Das war der Ausgangspunkt f\u00fcr die Projektidee des Profilkurses Technik im 10. Jahrgang von Herrn Richardt. Die Versorgung des Schulgartens mit Wasser ist schwierig. Meist muss teures Leitungswasser \u00fcber weite Wege transportiert und in einen 1000l Sammelbeh\u00e4lter gesch\u00fcttet werden. Eine erste Idee war nun, das Gartenhaus mit einer Regenrinne auszustatten, damit das Regenwasser aufgefangen werden kann. Gesagt getan. Bei einer ersten Ortsbesichtigung wurde das Dach vermessen und ein professionelles Aufma\u00df erstellt. Es folgte die Recherche im Internet nach m\u00f6glichem und notwendigem Material und deren Bestellung. In der weiteren Planung wurde das ben\u00f6tigte Werkzeug bestimmt und das notwendige Gef\u00e4lle der Rinne ermittelt, damit das Wassere auch abl\u00e4uft. Dann ging es ans Werk. Erst musste eine Dachunterkonstruktion geschaffen werden, die dann die Regenrinne tragen sollte. Nun wurden die Rinnenhalter mit dem ermitteltem Gef\u00e4lle montiert, bevor die angepasste Regenrinne eingesetzt werden konnte. Ein \u201eProberegen\u201c aus der Gie\u00dfkanne zeigte, dass die Sch\u00fclerinnen und Sch\u00fcler alles richtig gemacht hatten. Prima! Das gelungene, praxisorientiertes Unterrichtsprojekt f\u00fchrte zum gew\u00fcnschten Erfolg. Im Fr\u00fchjahr brauchen wir dann weitere Beh\u00e4lter um das Wasser aufzufangen, die dann auch miteinander zu einem Wassersystem verbunden werden sollen. Das n\u00e4chste Projekt, was nebenbei schon gestartet wurde, ist die Versorgung des Gartenhauses mit einer solarbetriebenen Innenbeleuchtung. Es gibt noch viel zu tun&#8230;<\/p>\n<p>Frank Richardt Fachleitung Werken\/Technik<\/p>\n<p>Weitere Informationen unter <a href=\"https:\/\/wordpress.nibis.de\/cfgs\/umweltschule-in-europa-bne\/\">Umweltschule in Europa\/ BNE<\/a>.<\/p>\n<p><\/p>\n<figure class=\"wp-block-image size-large\"><img loading=\"lazy\" decoding=\"async\" width=\"448\" height=\"336\" class=\"wp-image-5309\" src=\"http:\/\/wordpress.nibis.de\/cfgs\/files\/IMG_20221124_125448.jpg\" alt=\"\" srcset=\"https:\/\/wordpress.nibis.de\/cfgs\/files\/IMG_20221124_125448.jpg 448w, https:\/\/wordpress.nibis.de\/cfgs\/files\/IMG_20221124_125448-300x225.jpg 300w\" sizes=\"auto, (max-width: 448px) 100vw, 448px\" \/><\/figure>\n<p> <\/p>\n<figure class=\"wp-block-image size-large\"><img loading=\"lazy\" decoding=\"async\" width=\"336\" height=\"448\" class=\"wp-image-5308\" src=\"http:\/\/wordpress.nibis.de\/cfgs\/files\/IMG_20221124_123803-rotated-e1673439455906.jpg\" alt=\"\" srcset=\"https:\/\/wordpress.nibis.de\/cfgs\/files\/IMG_20221124_123803-rotated-e1673439455906.jpg 336w, https:\/\/wordpress.nibis.de\/cfgs\/files\/IMG_20221124_123803-rotated-e1673439455906-225x300.jpg 225w\" sizes=\"auto, (max-width: 336px) 100vw, 336px\" \/><\/figure>\n<p> <\/p>\n<figure class=\"wp-block-image size-large\"><img loading=\"lazy\" decoding=\"async\" width=\"336\" height=\"448\" class=\"wp-image-5310\" src=\"http:\/\/wordpress.nibis.de\/cfgs\/files\/IMG_20221124_120849-rotated-e1673439469232.jpg\" alt=\"\" srcset=\"https:\/\/wordpress.nibis.de\/cfgs\/files\/IMG_20221124_120849-rotated-e1673439469232.jpg 336w, https:\/\/wordpress.nibis.de\/cfgs\/files\/IMG_20221124_120849-rotated-e1673439469232-225x300.jpg 225w\" sizes=\"auto, (max-width: 336px) 100vw, 336px\" \/><\/figure>\n<p> <\/p>\n<figure class=\"wp-block-image size-large\"><img loading=\"lazy\" decoding=\"async\" width=\"336\" height=\"448\" class=\"wp-image-5311\" src=\"http:\/\/wordpress.nibis.de\/cfgs\/files\/IMG_20221124_121254-rotated-e1673439488514.jpg\" alt=\"\" srcset=\"https:\/\/wordpress.nibis.de\/cfgs\/files\/IMG_20221124_121254-rotated-e1673439488514.jpg 336w, https:\/\/wordpress.nibis.de\/cfgs\/files\/IMG_20221124_121254-rotated-e1673439488514-225x300.jpg 225w\" sizes=\"auto, (max-width: 336px) 100vw, 336px\" \/><\/figure>\n<p> <\/p>\n<figure class=\"wp-block-image size-large\"><img loading=\"lazy\" decoding=\"async\" width=\"336\" height=\"448\" class=\"wp-image-5306\" src=\"http:\/\/wordpress.nibis.de\/cfgs\/files\/IMG_20221124_120909-rotated-e1673439390104.jpg\" alt=\"\" srcset=\"https:\/\/wordpress.nibis.de\/cfgs\/files\/IMG_20221124_120909-rotated-e1673439390104.jpg 336w, https:\/\/wordpress.nibis.de\/cfgs\/files\/IMG_20221124_120909-rotated-e1673439390104-225x300.jpg 225w\" sizes=\"auto, (max-width: 336px) 100vw, 336px\" \/><\/figure>\n<p> <\/p>\n<figure class=\"wp-block-image size-large\"><img loading=\"lazy\" decoding=\"async\" width=\"336\" height=\"448\" class=\"wp-image-5307\" src=\"http:\/\/wordpress.nibis.de\/cfgs\/files\/IMG_20221124_120923-rotated-e1673439434805.jpg\" alt=\"\" srcset=\"https:\/\/wordpress.nibis.de\/cfgs\/files\/IMG_20221124_120923-rotated-e1673439434805.jpg 336w, https:\/\/wordpress.nibis.de\/cfgs\/files\/IMG_20221124_120923-rotated-e1673439434805-225x300.jpg 225w\" sizes=\"auto, (max-width: 336px) 100vw, 336px\" \/><\/figure>\n<p><\/p>\n<p>\u00a0<\/p>\n\n\n\n<figure class=\"wp-block-gallery has-nested-images columns-default is-cropped is-style-tw-img-frame wp-block-gallery-1 is-layout-flex wp-block-gallery-is-layout-flex\"><\/figure>\n","protected":false},"excerpt":{"rendered":"","protected":false},"author":277,"featured_media":0,"parent":0,"menu_order":0,"comment_status":"closed","ping_status":"closed","template":"","meta":{"footnotes":""},"class_list":["post-6200","page","type-page","status-publish","hentry"],"_links":{"self":[{"href":"https:\/\/wordpress.nibis.de\/cfgs\/wp-json\/wp\/v2\/pages\/6200","targetHints":{"allow":["GET"]}}],"collection":[{"href":"https:\/\/wordpress.nibis.de\/cfgs\/wp-json\/wp\/v2\/pages"}],"about":[{"href":"https:\/\/wordpress.nibis.de\/cfgs\/wp-json\/wp\/v2\/types\/page"}],"author":[{"embeddable":true,"href":"https:\/\/wordpress.nibis.de\/cfgs\/wp-json\/wp\/v2\/users\/277"}],"replies":[{"embeddable":true,"href":"https:\/\/wordpress.nibis.de\/cfgs\/wp-json\/wp\/v2\/comments?post=6200"}],"version-history":[{"count":2,"href":"https:\/\/wordpress.nibis.de\/cfgs\/wp-json\/wp\/v2\/pages\/6200\/revisions"}],"predecessor-version":[{"id":6205,"href":"https:\/\/wordpress.nibis.de\/cfgs\/wp-json\/wp\/v2\/pages\/6200\/revisions\/6205"}],"wp:attachment":[{"href":"https:\/\/wordpress.nibis.de\/cfgs\/wp-json\/wp\/v2\/media?parent=6200"}],"curies":[{"name":"wp","href":"https:\/\/api.w.org\/{rel}","templated":true}]}}