{"id":67,"date":"2020-03-05T14:07:55","date_gmt":"2020-03-05T13:07:55","guid":{"rendered":"http:\/\/cfgs.jtmey.de\/?page_id=67"},"modified":"2021-03-08T08:55:20","modified_gmt":"2021-03-08T07:55:20","slug":"unsere-oberschule","status":"publish","type":"page","link":"https:\/\/wordpress.nibis.de\/cfgs\/unsere-oberschule\/","title":{"rendered":"Unsere Oberschule"},"content":{"rendered":"\n<h3 class=\"wp-block-heading\">Unsere Oberschule mit Gymnasialzweig hat sich zur erfolgreichen und sehr beliebten Schulform entwickelt.<\/h3>\n\n\n\n<p>Die Oberschule ist in Niedersachsen die j\u00fcngste und nach den Gymnasien die Schulform, die am weitesten verbreitet ist. <a rel=\"noreferrer noopener\" href=\"https:\/\/wordpress.nibis.de\/cfgs\/files\/Flyer-2018.pdf\" target=\"_blank\">Unsere Oberschule mit Gymnasialzweig<\/a> erfreut sich gro\u00dfer Beliebtheit und Akzeptanz als &#8222;Die Schule in der Region, f\u00fcr die Region &#8211; f\u00fcr alle Kinder!&#8220;. <\/p>\n\n\n\n<p>Unser p\u00e4dagogisches Engagement wird durch zahlreiche \u00fcberregionale Auszeichnungen gew\u00fcrdigt:<\/p>\n\n\n\n<div class=\"wp-block-group\"><div class=\"wp-block-group__inner-container is-layout-flow wp-block-group-is-layout-flow\">\n<div class=\"wp-block-image\"><figure class=\"aligncenter\"><a href=\"https:\/\/www.verbraucherbildung.de\/verbraucherschule\" target=\"_blank\" rel=\"noopener noreferrer\"><img decoding=\"async\" src=\"https:\/\/wordpress.nibis.de\/cfgs\/files\/Logo-Verbraucherschule-Gold-2019-2021_RGB-3-300x223.png\" alt=\"\" \/><\/a><\/figure><\/div>\n\n\n\n<div class=\"wp-block-image is-style-default\"><figure class=\"aligncenter\"><a href=\"https:\/\/wordpress.nibis.de\/cfgs\/wir-sind-zweitbeste-schule-niedersachsens\/\" target=\"_blank\" rel=\"noopener noreferrer\"><img decoding=\"async\" src=\"https:\/\/wordpress.nibis.de\/cfgs\/files\/logo_starkeschule_rgb1-4-300x290.jpg\" alt=\"\" \/><\/a><\/figure><\/div>\n\n\n\n<div class=\"wp-block-image\"><figure class=\"aligncenter\"><a href=\"https:\/\/mint-schulen.de\/niedersachsen\/\" target=\"_blank\" rel=\"noopener noreferrer\"><img decoding=\"async\" src=\"https:\/\/wordpress.nibis.de\/cfgs\/files\/Logo_Mint-Schule-3-300x82.jpg\" alt=\"\" \/><\/a><\/figure><\/div>\n\n\n\n<div class=\"wp-block-image\"><figure class=\"aligncenter\"><a href=\"https:\/\/wordpress.nibis.de\/cfgs\/innovationspreis-2014-geht-an-die-carl-friedrich-gauss-schule\/\" target=\"_blank\" rel=\"noopener noreferrer\"><img decoding=\"async\" src=\"http:\/\/wordpress.nibis.de\/cfgs\/files\/sonderpreis-bildung-200.jpg\" alt=\"\" \/><\/a><\/figure><\/div>\n<\/div><\/div>\n\n\n\n<p><\/p>\n\n\n\n<div class=\"wp-block-image\"><figure class=\"aligncenter size-large\"><img loading=\"lazy\" decoding=\"async\" width=\"180\" height=\"61\" src=\"http:\/\/wordpress.nibis.de\/cfgs\/files\/SOR-Logo-2.jpg\" alt=\"\" class=\"wp-image-1183\" \/><\/figure><\/div>\n\n\n\n<p>Zus\u00e4tzliche Informationen zu unserer Oberschule finden Sie auf unserem Flyer:<\/p>\n\n\n\n<div class=\"wp-block-image\"><figure class=\"aligncenter\"><a href=\"https:\/\/wordpress.nibis.de\/cfgs\/files\/Flyer-2018.pdf\" target=\"_blank\" rel=\"https:\/\/wordpress.nibis.de\/cfgs\/files\/Flyer-2018.pdf noopener noreferrer\"><img loading=\"lazy\" decoding=\"async\" width=\"222\" height=\"480\" src=\"https:\/\/wordpress.nibis.de\/cfgs\/files\/flyer-2020-222x480.png\" alt=\"\" class=\"wp-image-2562\" srcset=\"https:\/\/wordpress.nibis.de\/cfgs\/files\/flyer-2020-222x480.png 222w, https:\/\/wordpress.nibis.de\/cfgs\/files\/flyer-2020-139x300.png 139w, https:\/\/wordpress.nibis.de\/cfgs\/files\/flyer-2020.png 353w\" sizes=\"auto, (max-width: 222px) 100vw, 222px\" \/><\/a><\/figure><\/div>\n\n\n\n<p>Allgemeine Informationen zur Oberschule in Niedersachsen finden Sie auf den Seiten des <a href=\"https:\/\/www.mk.niedersachsen.de\/startseite\/schule\/unsere_schulen\/allgemein_bildende_schulen\/oberschule\/oberschule-91352.html\" target=\"_blank\" rel=\"noreferrer noopener\">Nieders\u00e4chsischen Kultusministeriums<\/a>.<\/p>\n","protected":false},"excerpt":{"rendered":"<p>Unsere Oberschule mit Gymnasialzweig hat sich zur erfolgreichen und sehr beliebten Schulform entwickelt. Die Oberschule ist in Niedersachsen die j\u00fcngste und nach den Gymnasien die Schulform, die am weitesten verbreitet<\/p>\n","protected":false},"author":9193717,"featured_media":0,"parent":0,"menu_order":0,"comment_status":"closed","ping_status":"closed","template":"","meta":{"footnotes":""},"class_list":["post-67","page","type-page","status-publish","hentry"],"_links":{"self":[{"href":"https:\/\/wordpress.nibis.de\/cfgs\/wp-json\/wp\/v2\/pages\/67","targetHints":{"allow":["GET"]}}],"collection":[{"href":"https:\/\/wordpress.nibis.de\/cfgs\/wp-json\/wp\/v2\/pages"}],"about":[{"href":"https:\/\/wordpress.nibis.de\/cfgs\/wp-json\/wp\/v2\/types\/page"}],"author":[{"embeddable":true,"href":"https:\/\/wordpress.nibis.de\/cfgs\/wp-json\/wp\/v2\/users\/9193717"}],"replies":[{"embeddable":true,"href":"https:\/\/wordpress.nibis.de\/cfgs\/wp-json\/wp\/v2\/comments?post=67"}],"version-history":[{"count":36,"href":"https:\/\/wordpress.nibis.de\/cfgs\/wp-json\/wp\/v2\/pages\/67\/revisions"}],"predecessor-version":[{"id":3731,"href":"https:\/\/wordpress.nibis.de\/cfgs\/wp-json\/wp\/v2\/pages\/67\/revisions\/3731"}],"wp:attachment":[{"href":"https:\/\/wordpress.nibis.de\/cfgs\/wp-json\/wp\/v2\/media?parent=67"}],"curies":[{"name":"wp","href":"https:\/\/api.w.org\/{rel}","templated":true}]}}