{"id":73,"date":"2020-03-05T14:09:35","date_gmt":"2020-03-05T14:09:35","guid":{"rendered":"http:\/\/cfgs.jtmey.de\/?page_id=73"},"modified":"2021-02-16T12:34:49","modified_gmt":"2021-02-16T11:34:49","slug":"zukunftstag","status":"publish","type":"page","link":"https:\/\/wordpress.nibis.de\/cfgs\/zukunftstag\/","title":{"rendered":"Zukunftstag"},"content":{"rendered":"\n<p>Der Zukunftstag, der sogenannte Girls&#8216; Day oder Boy&#8217;s Day, ist ein bundesweiter Aktionstag, der einmal im Jahr im M\u00e4rz oder April stattfindet. Dieser Tag soll dazu beitragen, geschlechtsspezifisches Berufswahlverhalten aufzubrechen, indem Jungen und M\u00e4dchen eine Vielzahl von Berufen nahe gebracht werden, die sie bei ihrer Berufswahl eher selten in Betracht ziehen w\u00fcrden.<\/p>\n\n\n\n<p>Die Sch\u00fclerschaft der Jahrg\u00e4nge 5-9 aller Schulzweige nehmen daran teil. M\u00e4dchen sollen einen Einblick in technische, naturwissenschaftliche oder handwerkliche und Jungen in soziale, p\u00e4dagogische oder pflegerische anerkannte Ausbildungsberufe erhalten. Viele Produktions- und Dienstleistungsbetriebe, verschiedene Praxiseinrichtungen, Institutionen, Beh\u00f6rden und \u00f6ffentliche Verwaltungsdienststellen bieten Pl\u00e4tze an und organisieren teilweise auch ein besonderes an die Jugendlichen gerichtetes Angebot, um Einblicke in die gew\u00e4hlten Berufe zu erm\u00f6glichen. Eine fr\u00fchzeitige Suche nach einem Platz in den oben genannten Betrieben geh\u00f6rt zu den wichtigsten Voraussetzungen, um einen ausgew\u00e4hlten Beruf an diesem Tag kennenzulernen. Folgende Internetseiten k\u00f6nnen dabei unterst\u00fctzen: <a rel=\"noreferrer noopener\" href=\"http:\/\/www.girls-day.de\" target=\"_blank\">Girls\u00b4Day<\/a> und <a rel=\"noreferrer noopener\" href=\"http:\/\/www.boys-day.de\" target=\"_blank\">Boys\u00b4Day<\/a>.<\/p>\n\n\n\n<p>F\u00fcr die Jugendlichen des 8. und 9. Jahrganges, die den Zukunftstag nicht in einem Betrieb verbringen wollen, bieten wir in Zusammenarbeit mit den Berufsbildenden Schulen in G\u00f6ttingen einen \u201eSchnuppertag\u201c an. Die Organisation erfolgt \u00fcber uns als Schule.<\/p>\n","protected":false},"excerpt":{"rendered":"<p>Der Zukunftstag, der sogenannte Girls&#8216; Day oder Boy&#8217;s Day, ist ein bundesweiter Aktionstag, der einmal im Jahr im M\u00e4rz oder April stattfindet. Dieser Tag soll dazu beitragen, geschlechtsspezifisches Berufswahlverhalten aufzubrechen,<\/p>\n","protected":false},"author":9193449,"featured_media":0,"parent":0,"menu_order":0,"comment_status":"closed","ping_status":"closed","template":"","meta":{"footnotes":""},"class_list":["post-73","page","type-page","status-publish","hentry"],"_links":{"self":[{"href":"https:\/\/wordpress.nibis.de\/cfgs\/wp-json\/wp\/v2\/pages\/73","targetHints":{"allow":["GET"]}}],"collection":[{"href":"https:\/\/wordpress.nibis.de\/cfgs\/wp-json\/wp\/v2\/pages"}],"about":[{"href":"https:\/\/wordpress.nibis.de\/cfgs\/wp-json\/wp\/v2\/types\/page"}],"author":[{"embeddable":true,"href":"https:\/\/wordpress.nibis.de\/cfgs\/wp-json\/wp\/v2\/users\/9193449"}],"replies":[{"embeddable":true,"href":"https:\/\/wordpress.nibis.de\/cfgs\/wp-json\/wp\/v2\/comments?post=73"}],"version-history":[{"count":3,"href":"https:\/\/wordpress.nibis.de\/cfgs\/wp-json\/wp\/v2\/pages\/73\/revisions"}],"predecessor-version":[{"id":3359,"href":"https:\/\/wordpress.nibis.de\/cfgs\/wp-json\/wp\/v2\/pages\/73\/revisions\/3359"}],"wp:attachment":[{"href":"https:\/\/wordpress.nibis.de\/cfgs\/wp-json\/wp\/v2\/media?parent=73"}],"curies":[{"name":"wp","href":"https:\/\/api.w.org\/{rel}","templated":true}]}}