{"id":736,"date":"2020-05-27T15:59:10","date_gmt":"2020-05-27T15:59:10","guid":{"rendered":"http:\/\/cfgs-c.jtmey.de\/?page_id=736"},"modified":"2021-01-21T09:07:03","modified_gmt":"2021-01-21T08:07:03","slug":"inklusion","status":"publish","type":"page","link":"https:\/\/wordpress.nibis.de\/cfgs\/inklusion\/","title":{"rendered":"Inklusion"},"content":{"rendered":"\n<p>Inklusion bedeutet, dass jeder Mensch ganz nat\u00fcrlich dazugeh\u00f6rt. Und wenn alle Menschen dabei sein k\u00f6nnen, ist es normal, verschieden zu sein. In der Schule bedeutet das, dass Kinder mit und ohne Beeintr\u00e4chtigung zusammen lernen.<\/p>\n\n\n\n<p>Das Kollegium der Carl-Friedrich-Gau\u00df-Schule arbeitet nach dem Leitprinzip &#8222;Die Schule in der Region, f\u00fcr die Region &#8211; f\u00fcr alle Kinder&#8220;. Darum sorgen auch alle Lehrkr\u00e4fte gemeinsam daf\u00fcr, dass Kinder mit einem sonderp\u00e4dagogischen Unterst\u00fctzungsbedarf, gem\u00e4\u00df der <a href=\"https:\/\/www.behindertenrechtskonvention.info\/\" target=\"_blank\" rel=\"noreferrer noopener\">UN-Konvention \u00fcber die Rechte von Menschen mit Behinderungen<\/a>, gleichberechtigt am Unterricht unserer allgemeinbildenden Schule teilhaben k\u00f6nnen. Dabei werden die individuellen Bed\u00fcrfnisse der Kinder mit Unterst\u00fctzungsbedarf besonders betrachtet \u2013 denn gleichberechtigt hei\u00dft nicht gleich. <\/p>\n\n\n\n<p>Die Grundlage des gemeinsamen Unterrichts bilden die Vorgaben der schulinternen Arbeitspl\u00e4ne und der Kerncurricula der allgemeinbildenden Schule. Je nach Unterst\u00fctzungsbedarf kann der Unterricht zielgleich oder zieldifferent erfolgen. <\/p>\n\n\n\n<p>Bei der gro\u00dfen Aufgabe der Inklusion wird unser Kollegium von einer ausgebildeten F\u00f6rderschullehrkraft unterst\u00fctzt und beraten.<\/p>\n\n\n\n<div class=\"wp-block-buttons aligncenter is-layout-flex wp-block-buttons-is-layout-flex\">\n<div class=\"wp-block-button is-style-fill\"><a class=\"wp-block-button__link has-text-color has-black-color has-background has-light-gray-background-color\" href=\"http:\/\/wordpress.nibis.de\/cfgs\/?page_id=742\"><span class=\"has-inline-color has-black-color\">Sonderp\u00e4dagogischer<br>Unterst\u00fctzungsbedarf<br>Emotionale und<\/span><br><span class=\"has-inline-color has-black-color\">Soziale Entwicklung<\/span><\/a><\/div>\n\n\n\n<div class=\"wp-block-button is-style-fill\"><a class=\"wp-block-button__link has-text-color has-black-color has-background has-light-gray-background-color\" href=\"http:\/\/wordpress.nibis.de\/cfgs\/?page_id=2185\"><span class=\"has-inline-color has-black-color\">Sonderp\u00e4dagogischer<br>Unterst\u00fctzungsbedarf<br><\/span><br><span class=\"has-inline-color has-black-color\">Lernen<\/span><\/a><\/div>\n\n\n\n<div class=\"wp-block-button is-style-fill\"><a class=\"wp-block-button__link has-background has-light-gray-background-color\" href=\"http:\/\/wordpress.nibis.de\/cfgs\/?page_id=2189\"><span class=\"has-inline-color has-black-color\">Sonderp\u00e4dagogischer<br>Unterst\u00fctzungsbedarf<br><br>Geistige Entwicklung<\/span><\/a><\/div>\n\n\n\n<div class=\"wp-block-button is-style-fill\"><a class=\"wp-block-button__link has-text-color has-black-color has-background has-light-gray-background-color\" href=\"http:\/\/wordpress.nibis.de\/cfgs\/?page_id=2198\"><span class=\"has-inline-color has-black-color\">Sonderp\u00e4dagogischer<br>Unterst\u00fctzungsbedarf<br><br>H\u00f6ren<\/span><\/a><\/div>\n\n\n\n<div class=\"wp-block-button is-style-fill\"><a class=\"wp-block-button__link has-text-color has-black-color has-background has-light-gray-background-color\" href=\"http:\/\/wordpress.nibis.de\/cfgs\/?page_id=2202\"><span class=\"has-inline-color has-black-color\">Sonderp\u00e4dagogischer<br>Unterst\u00fctzungsbedarf<br><br>Sehen<\/span><\/a><\/div>\n<\/div>\n","protected":false},"excerpt":{"rendered":"<p>Inklusion bedeutet, dass jeder Mensch ganz nat\u00fcrlich dazugeh\u00f6rt. Und wenn alle Menschen dabei sein k\u00f6nnen, ist es normal, verschieden zu sein. In der Schule bedeutet das, dass Kinder mit und<\/p>\n","protected":false},"author":9193717,"featured_media":0,"parent":0,"menu_order":0,"comment_status":"closed","ping_status":"closed","template":"","meta":{"footnotes":""},"class_list":["post-736","page","type-page","status-publish","hentry"],"_links":{"self":[{"href":"https:\/\/wordpress.nibis.de\/cfgs\/wp-json\/wp\/v2\/pages\/736","targetHints":{"allow":["GET"]}}],"collection":[{"href":"https:\/\/wordpress.nibis.de\/cfgs\/wp-json\/wp\/v2\/pages"}],"about":[{"href":"https:\/\/wordpress.nibis.de\/cfgs\/wp-json\/wp\/v2\/types\/page"}],"author":[{"embeddable":true,"href":"https:\/\/wordpress.nibis.de\/cfgs\/wp-json\/wp\/v2\/users\/9193717"}],"replies":[{"embeddable":true,"href":"https:\/\/wordpress.nibis.de\/cfgs\/wp-json\/wp\/v2\/comments?post=736"}],"version-history":[{"count":28,"href":"https:\/\/wordpress.nibis.de\/cfgs\/wp-json\/wp\/v2\/pages\/736\/revisions"}],"predecessor-version":[{"id":2816,"href":"https:\/\/wordpress.nibis.de\/cfgs\/wp-json\/wp\/v2\/pages\/736\/revisions\/2816"}],"wp:attachment":[{"href":"https:\/\/wordpress.nibis.de\/cfgs\/wp-json\/wp\/v2\/media?parent=736"}],"curies":[{"name":"wp","href":"https:\/\/api.w.org\/{rel}","templated":true}]}}