{"id":742,"date":"2020-05-27T16:13:10","date_gmt":"2020-05-27T16:13:10","guid":{"rendered":"http:\/\/cfgs-c.jtmey.de\/?page_id=742"},"modified":"2021-01-21T09:07:34","modified_gmt":"2021-01-21T08:07:34","slug":"sonderpaedagogischer-unterstuetzungsbedarf-emotionale-und-soziale-entwicklung","status":"publish","type":"page","link":"https:\/\/wordpress.nibis.de\/cfgs\/sonderpaedagogischer-unterstuetzungsbedarf-emotionale-und-soziale-entwicklung\/","title":{"rendered":"Sonderp\u00e4dagogischer Unterst\u00fctzungsbedarf Emotionale und Soziale Entwicklung"},"content":{"rendered":"\n<p>Sch\u00fclerinnen und Sch\u00fcler mit einem festgestellten Unterst\u00fctzungsbedarf in der emotionalen und sozialen Entwicklung werden zielgleich entsprechend des Kerncurriculums der besuchten Schulform unterrichtet und k\u00f6nnen an der Carl-Friedrich-Gau\u00df Schule die Klassen im Hauptschul-, Realschul- oder dem Gymnasialzweig besuchen. <\/p>\n\n\n\n<p>Unsere Lernenden mit dem genannten Unterst\u00fctzungsbedarf werden individuell und parallel zum Fachunterricht gef\u00f6rdert. F\u00fcr die Vorbereitung, Durchf\u00fchrung und Evaluierung dieser F\u00f6rderung ist ein ganzes Team verantwortlich. Dieses Team besteht aus der Didaktischen Leitung, mehreren engagierten Regelschullehrkr\u00e4ften, unserer F\u00f6rderschullehrkraft und den Schulsozialarbeitern. In diesem Team werden einmal w\u00f6chentlich F\u00f6rderma\u00dfnahmen geplant, evaluiert und angepasst. F\u00fcr die F\u00f6rderung jedes einzelnen Sch\u00fclers ist jeweils eine Regelschullehrkraft verantwortlich, die im Unterricht hospitiert, Gespr\u00e4che mit dem Sch\u00fcler und dessen Erziehungsberechtigten, sowie den unterrichtenden Lehrkr\u00e4ften f\u00fchrt sowie F\u00f6rderma\u00dfnahmen formuliert, durchf\u00fchrt und evaluiert. Im Interesse der Resilienz wird dabei darauf geachtet, dass die Regelschullehrkraft dauerhaft als feste Bezugsperson f\u00fcr die Sch\u00fclerinnen und Sch\u00fcler gilt. Ziel ist die bestm\u00f6gliche soziale Eingleiderung in den Lern- und Lebensraum Schule.<\/p>\n","protected":false},"excerpt":{"rendered":"<p>Sch\u00fclerinnen und Sch\u00fcler mit einem festgestellten Unterst\u00fctzungsbedarf in der emotionalen und sozialen Entwicklung werden zielgleich entsprechend des Kerncurriculums der besuchten Schulform unterrichtet und k\u00f6nnen an der Carl-Friedrich-Gau\u00df Schule die Klassen<\/p>\n","protected":false},"author":9193717,"featured_media":0,"parent":0,"menu_order":0,"comment_status":"closed","ping_status":"closed","template":"","meta":{"footnotes":""},"class_list":["post-742","page","type-page","status-publish","hentry"],"_links":{"self":[{"href":"https:\/\/wordpress.nibis.de\/cfgs\/wp-json\/wp\/v2\/pages\/742","targetHints":{"allow":["GET"]}}],"collection":[{"href":"https:\/\/wordpress.nibis.de\/cfgs\/wp-json\/wp\/v2\/pages"}],"about":[{"href":"https:\/\/wordpress.nibis.de\/cfgs\/wp-json\/wp\/v2\/types\/page"}],"author":[{"embeddable":true,"href":"https:\/\/wordpress.nibis.de\/cfgs\/wp-json\/wp\/v2\/users\/9193717"}],"replies":[{"embeddable":true,"href":"https:\/\/wordpress.nibis.de\/cfgs\/wp-json\/wp\/v2\/comments?post=742"}],"version-history":[{"count":4,"href":"https:\/\/wordpress.nibis.de\/cfgs\/wp-json\/wp\/v2\/pages\/742\/revisions"}],"predecessor-version":[{"id":2818,"href":"https:\/\/wordpress.nibis.de\/cfgs\/wp-json\/wp\/v2\/pages\/742\/revisions\/2818"}],"wp:attachment":[{"href":"https:\/\/wordpress.nibis.de\/cfgs\/wp-json\/wp\/v2\/media?parent=742"}],"curies":[{"name":"wp","href":"https:\/\/api.w.org\/{rel}","templated":true}]}}