{"id":793,"date":"2020-06-02T13:19:31","date_gmt":"2020-06-02T11:19:31","guid":{"rendered":"http:\/\/cfgs-c.jtmey.de\/?page_id=793"},"modified":"2021-01-17T18:58:16","modified_gmt":"2021-01-17T17:58:16","slug":"einschulungsfeier","status":"publish","type":"page","link":"https:\/\/wordpress.nibis.de\/cfgs\/einschulungsfeier\/","title":{"rendered":"Einschulungsfeier"},"content":{"rendered":"\n<p>Die Einschulung der neuen F\u00fcnftkl\u00e4ssler findet in einem feierlichen Rahmen am Freitag nach Beginn des neuen Schuljahres in unserem gro\u00dfen Forum statt.  In der darauf folgenden Woche f\u00fchren alle f\u00fcnften Klassen eine Einf\u00fchrungswoche im Klassenverband durch: Ankommen, einander kennenlernen, die neue Schule und ihre Umgebung entdecken und das Erlernen notwendiger Arbeitstechnicken wie zum Beispiel Mappenf\u00fchrung  stehen hier auf dem Programm. Im Anschluss an die Einf\u00fchrungswoche findet traditionell die gemeinsame Wanderung des 5. Jahrgangs zur &#8222;<a rel=\"noreferrer noopener\" href=\"http:\/\/www.zeltlager-stolle.de\/\" target=\"_blank\">Stolle<\/a>&#8220; statt. <\/p>\n\n\n\n<p><\/p>\n","protected":false},"excerpt":{"rendered":"<p>Die Einschulung der neuen F\u00fcnftkl\u00e4ssler findet in einem feierlichen Rahmen am Freitag nach Beginn des neuen Schuljahres in unserem gro\u00dfen Forum statt. In der darauf folgenden Woche f\u00fchren alle f\u00fcnften<\/p>\n","protected":false},"author":277,"featured_media":0,"parent":0,"menu_order":0,"comment_status":"closed","ping_status":"closed","template":"","meta":{"footnotes":""},"class_list":["post-793","page","type-page","status-publish","hentry"],"_links":{"self":[{"href":"https:\/\/wordpress.nibis.de\/cfgs\/wp-json\/wp\/v2\/pages\/793","targetHints":{"allow":["GET"]}}],"collection":[{"href":"https:\/\/wordpress.nibis.de\/cfgs\/wp-json\/wp\/v2\/pages"}],"about":[{"href":"https:\/\/wordpress.nibis.de\/cfgs\/wp-json\/wp\/v2\/types\/page"}],"author":[{"embeddable":true,"href":"https:\/\/wordpress.nibis.de\/cfgs\/wp-json\/wp\/v2\/users\/277"}],"replies":[{"embeddable":true,"href":"https:\/\/wordpress.nibis.de\/cfgs\/wp-json\/wp\/v2\/comments?post=793"}],"version-history":[{"count":9,"href":"https:\/\/wordpress.nibis.de\/cfgs\/wp-json\/wp\/v2\/pages\/793\/revisions"}],"predecessor-version":[{"id":2534,"href":"https:\/\/wordpress.nibis.de\/cfgs\/wp-json\/wp\/v2\/pages\/793\/revisions\/2534"}],"wp:attachment":[{"href":"https:\/\/wordpress.nibis.de\/cfgs\/wp-json\/wp\/v2\/media?parent=793"}],"curies":[{"name":"wp","href":"https:\/\/api.w.org\/{rel}","templated":true}]}}