{"id":826,"date":"2020-06-03T15:22:24","date_gmt":"2020-06-03T15:22:24","guid":{"rendered":"http:\/\/cfgs-c.jtmey.de\/?page_id=826"},"modified":"2025-03-25T08:41:09","modified_gmt":"2025-03-25T07:41:09","slug":"schuelervertretung","status":"publish","type":"page","link":"https:\/\/wordpress.nibis.de\/cfgs\/schuelervertretung\/","title":{"rendered":"Sch\u00fclervertretung"},"content":{"rendered":"\n<figure class=\"wp-block-table\"><table><tbody><tr><td class=\"has-text-align-center\" data-align=\"center\"><img decoding=\"async\" src=\"http:\/\/wordpress.nibis.de\/cfgs\/files\/01-gauss-button-Kopie.jpg\" style=\"width: 150px\"><\/td><td class=\"has-text-align-left\" data-align=\"left\"><br><strong><span class=\"has-inline-color has-primary-color\">Amelie Aschoff<\/span><\/strong><br><strong><span class=\"has-inline-color has-primary-color\">Hanna de la Chaux<\/span><\/strong><br><strong><span class=\"has-inline-color has-primary-color\">Sarah Littau<\/span><\/strong><br>Gideon Said Kouraogou<br><br><\/td><td>E-Mail: &#115;&#99;&#x68;&#x75;&#101;&#108;&#x65;&#x72;&#118;&#101;&#x72;&#x74;&#114;&#101;&#x74;&#x75;&#110;&#103;&#x40;&#x63;&#102;&#103;&#x73;&#x2e;&#100;&#101;<\/td><\/tr><\/tbody><\/table><\/figure>\n\n\n\n<p>Die Sch\u00fclervertretung ist ein Gremium, durch das unsere Sch\u00fclerschaft unsere Schule mitgestaltet. Die gew\u00e4hlten Klassensprecher*innen und deren Vertreter*innen bilden den Sch\u00fclerrat. Der Sch\u00fclerrat w\u00e4hlt alle zwei Jahre ein Schulsprecherteam (auch Sch\u00fclervertretung oder SV genannt). Das Team besteht mindestens aus drei Sch\u00fcler*innen und vertritt die Interessen der Sch\u00fclerschaft gegen\u00fcber der Schule.<\/p>\n\n\n\n<p>Die SV sichert die regelm\u00e4\u00dfige und aktive Teilnahme von Sch\u00fclervertreter*innen in den schulischen Gremien. Sie w\u00e4hlt Vertreter*innen f\u00fcr Konferenzen, Schulvorstand und Arbeitsgruppen. Die Konferenzteilnehmer*innen erstatten Bericht im Sch\u00fclerrat oder SV-Team und bereiten eigene Antr\u00e4ge und Vorschl\u00e4ge f\u00fcr Konferenzen, Schulvorstand und Arbeitsgruppen im Sch\u00fclerrat oder SV-Team vor.<\/p>\n\n\n\n<p>Die Aufgaben der SV sind sehr vielf\u00e4ltig. In erster Linie stellt die SV die Kommunikation zwischen dem SV-Team, den Sch\u00fcler*innen, dem Kollegium und der Schulleitung sicher. Aber auch Projekte wie beispielsweise <a href=\"https:\/\/wordpress.nibis.de\/cfgs\/schule-ohne-rassismus-schule-mit-courage\/\">Schule ohne Rassismus &#8211; Schule mit Courage<\/a> sind auf Initiative der SV an unserer Schule etabliert worden.<\/p>\n\n\n\n<p>Unterst\u00fctzt wird die SV durch ihre Beratungslehrkr\u00e4fte  <a href=\"https:\/\/wordpress.nibis.de\/cfgs\/kollegium\/\">Herrn Zaibi und Frau Klapp<\/a>, die die SV  betreuen.<\/p>\n","protected":false},"excerpt":{"rendered":"<p>Amelie AschoffHanna de la ChauxSarah LittauGideon Said Kouraogou E-Mail: &#x73;&#x63;&#x68;&#x75;&#101;&#108;&#101;&#114;ver&#x74;&#x72;&#x65;&#x74;&#x75;&#110;&#103;&#64;cfg&#x73;&#x2e;&#x64;&#x65; Die Sch\u00fclervertretung ist ein Gremium, durch das unsere Sch\u00fclerschaft unsere Schule mitgestaltet. Die gew\u00e4hlten Klassensprecher*innen und deren Vertreter*innen bilden den<\/p>\n","protected":false},"author":9193449,"featured_media":0,"parent":0,"menu_order":0,"comment_status":"closed","ping_status":"closed","template":"","meta":{"footnotes":""},"class_list":["post-826","page","type-page","status-publish","hentry"],"_links":{"self":[{"href":"https:\/\/wordpress.nibis.de\/cfgs\/wp-json\/wp\/v2\/pages\/826","targetHints":{"allow":["GET"]}}],"collection":[{"href":"https:\/\/wordpress.nibis.de\/cfgs\/wp-json\/wp\/v2\/pages"}],"about":[{"href":"https:\/\/wordpress.nibis.de\/cfgs\/wp-json\/wp\/v2\/types\/page"}],"author":[{"embeddable":true,"href":"https:\/\/wordpress.nibis.de\/cfgs\/wp-json\/wp\/v2\/users\/9193449"}],"replies":[{"embeddable":true,"href":"https:\/\/wordpress.nibis.de\/cfgs\/wp-json\/wp\/v2\/comments?post=826"}],"version-history":[{"count":10,"href":"https:\/\/wordpress.nibis.de\/cfgs\/wp-json\/wp\/v2\/pages\/826\/revisions"}],"predecessor-version":[{"id":6821,"href":"https:\/\/wordpress.nibis.de\/cfgs\/wp-json\/wp\/v2\/pages\/826\/revisions\/6821"}],"wp:attachment":[{"href":"https:\/\/wordpress.nibis.de\/cfgs\/wp-json\/wp\/v2\/media?parent=826"}],"curies":[{"name":"wp","href":"https:\/\/api.w.org\/{rel}","templated":true}]}}