{"id":848,"date":"2020-06-18T15:26:44","date_gmt":"2020-06-18T15:26:44","guid":{"rendered":"http:\/\/cfgs-c.jtmey.de\/?page_id=848"},"modified":"2021-01-14T11:54:42","modified_gmt":"2021-01-14T10:54:42","slug":"informatik","status":"publish","type":"page","link":"https:\/\/wordpress.nibis.de\/cfgs\/informatik\/","title":{"rendered":"Informatik"},"content":{"rendered":"\n<p>\u2026das ist doch etwas f\u00fcr die Nerds!? Aber das ist vergangen. Informatik ist der sichere Umgang mit den Ger\u00e4ten des allt\u00e4glichen Lebens. Nicht nur der Computer oder Laptop, auch viele andere Ger\u00e4te in unserem Umfeld haben damit zu tun. Seien es Ampeln, die \u00fcber eine Kontaktschleife im Boden geschaltet werden, die K\u00fcchenger\u00e4te, die mit einem Touch-Display gesteuert werden oder schlichtweg das Handy. All diese Ger\u00e4te bauen auf 0 und 1 auf und m\u00fcssen dazu so programmiert werden, dass eine Bedienung verstanden wird. Und genau das ist kein Hexenwerk!<\/p>\n\n\n\n<p>In einem ab der 6. Klasse w\u00e4hlbaren <a href=\"https:\/\/wordpress.nibis.de\/cfgs\/wahlpflichtkurse\/\">Wahlpflichtkurs<\/a> geht es im Kern um folgende Inhalte:<\/p>\n\n\n\n<ul class=\"wp-block-list\"><li>Das Anwenden des Office-Pakets soll erlernt werden, damit ein ungehemmter Einsatz m\u00f6glich und eine Vorbereitung auf viele Berufe gegeben wird. Zu dem Office-Paket geh\u00f6ren zum Beispiel Word, PowerPoint und Excel von \u201eMicrosoft\u201c oder anderen Anbietern wie \u201eLibre Office\u201c.<\/li><li>Nat\u00fcrlich nehmen auch das Verhalten und der Umgang mit dem Internet eine bedeutende Rolle ein. Hier werden in Verbindung mit allen F\u00e4chern das Durchf\u00fchren von Recherchen, Erstellen von Pr\u00e4sentationen und das Vorstellen der Ergebnisse unter Ber\u00fccksichtigung eines kompetenten Umgangs geschult. Der Aspekt Sicherheit nimmt dabei einen immer gr\u00f6\u00dferen Teil in Anspruch.<\/li><li>In Informatik setzen wir uns mit dem Erstellen von logischen Programmen auseinander und versuchen uns spielerisch mit Programmen wie Scratch oder Kara dieser Denkweise anzun\u00e4hern. Auch das Programmieren von Controllern wie Arduino oder Caliope kann dazu genutzt werden.<\/li><\/ul>\n","protected":false},"excerpt":{"rendered":"<p>\u2026das ist doch etwas f\u00fcr die Nerds!? Aber das ist vergangen. Informatik ist der sichere Umgang mit den Ger\u00e4ten des allt\u00e4glichen Lebens. Nicht nur der Computer oder Laptop, auch viele<\/p>\n","protected":false},"author":9193666,"featured_media":0,"parent":0,"menu_order":0,"comment_status":"closed","ping_status":"closed","template":"","meta":{"footnotes":""},"class_list":["post-848","page","type-page","status-publish","hentry"],"_links":{"self":[{"href":"https:\/\/wordpress.nibis.de\/cfgs\/wp-json\/wp\/v2\/pages\/848","targetHints":{"allow":["GET"]}}],"collection":[{"href":"https:\/\/wordpress.nibis.de\/cfgs\/wp-json\/wp\/v2\/pages"}],"about":[{"href":"https:\/\/wordpress.nibis.de\/cfgs\/wp-json\/wp\/v2\/types\/page"}],"author":[{"embeddable":true,"href":"https:\/\/wordpress.nibis.de\/cfgs\/wp-json\/wp\/v2\/users\/9193666"}],"replies":[{"embeddable":true,"href":"https:\/\/wordpress.nibis.de\/cfgs\/wp-json\/wp\/v2\/comments?post=848"}],"version-history":[{"count":7,"href":"https:\/\/wordpress.nibis.de\/cfgs\/wp-json\/wp\/v2\/pages\/848\/revisions"}],"predecessor-version":[{"id":2307,"href":"https:\/\/wordpress.nibis.de\/cfgs\/wp-json\/wp\/v2\/pages\/848\/revisions\/2307"}],"wp:attachment":[{"href":"https:\/\/wordpress.nibis.de\/cfgs\/wp-json\/wp\/v2\/media?parent=848"}],"curies":[{"name":"wp","href":"https:\/\/api.w.org\/{rel}","templated":true}]}}