{"id":880,"date":"2020-06-18T16:02:44","date_gmt":"2020-06-18T16:02:44","guid":{"rendered":"http:\/\/cfgs-c.jtmey.de\/?page_id=880"},"modified":"2021-01-20T10:42:54","modified_gmt":"2021-01-20T09:42:54","slug":"kunst","status":"publish","type":"page","link":"https:\/\/wordpress.nibis.de\/cfgs\/kunst\/","title":{"rendered":"Kunst"},"content":{"rendered":"\n<p>Der Pflichtunterricht im Fach Kunst findet \u00fcberwiegend epochal (zweist\u00fcndig und im halbj\u00e4hrlichen Wechsel mit dem Fach Musik) statt. In den h\u00f6heren Jahrg\u00e4ngen des Haupt- und Realschulzweiges gibt es zus\u00e4tzlich <a href=\"https:\/\/wordpress.nibis.de\/cfgs\/wahlpflichtkurse\/\">Wahlpflichtkurse<\/a>.<\/p>\n\n\n\n<p>Das Fach Kunst hat als einziges Schulfach das BILD als zentralen Gegenstand. Damit sind sowohl <em>Prozesse<\/em> als auch die <em>Ergebnisse<\/em> bildnerischen Gestaltens gemeint. Zentrale Aufgabe ist es, das Ausdrucks- und Wahrnehmungsverm\u00f6gen unserer Sch\u00fclerschaft anzuregen, zu entwickeln, zu erweitern und \u00e4sthetisches Denken und Handeln auszubilden.<\/p>\n\n\n\n<p>In unserem Kunstunterricht werden daher Bilder <em>gestaltet und betrachtet, erlebt, untersucht und gedeutet. <\/em>Die Lust am selbstbestimmten k\u00fcnstlerischem Tun zu f\u00f6rdern, \u00e4sthetischen Gestaltungswillen zu wecken, das sind Ziele dieses Schulfaches.<\/p>\n\n\n\n<p>Durch die eigene gestalterische Praxis (malen, zeichnen, modellieren, bauen, basteln, gestalten mit unterschiedlichsten Materialien) k\u00f6nnen kreatives Potential entfaltet, m\u00f6gliche Begabungen erkannt und somit eine eigene k\u00fcnstlerische Identit\u00e4t gefunden sowie die eigene Pers\u00f6nlichkeitsbildung unterst\u00fctzt werden.<\/p>\n\n\n\n<p class=\"has-text-align-center\"><strong>K<\/strong>reativ<br><strong>U<\/strong>ngew\u00f6hnlich<br><strong>N<\/strong>eugierig<br><strong><strong>S<\/strong><\/strong>ichtbar<br><strong>T<\/strong>alent(frei)<\/p>\n\n\n\n<p>Damit die Kunstwerke unserer Sch\u00fclerschaft auch \u00fcber den Kunstunterricht hinaus W\u00fcrdigung erfahren, stellen wir diese regelm\u00e4\u00dfig im Schulgeb\u00e4ude sowie auch an <a href=\"https:\/\/wordpress.nibis.de\/cfgs\/kunst-trifft-technik\/\">besonderen Orten<\/a> au\u00dferhalb der Schule aus. Dar\u00fcber hinaus nehmen wir an Wettbewerben und nationalen Kunstfestivals teil.<\/p>\n","protected":false},"excerpt":{"rendered":"<p>Der Pflichtunterricht im Fach Kunst findet \u00fcberwiegend epochal (zweist\u00fcndig und im halbj\u00e4hrlichen Wechsel mit dem Fach Musik) statt. In den h\u00f6heren Jahrg\u00e4ngen des Haupt- und Realschulzweiges gibt es zus\u00e4tzlich Wahlpflichtkurse.<\/p>\n","protected":false},"author":9193449,"featured_media":0,"parent":0,"menu_order":0,"comment_status":"closed","ping_status":"closed","template":"","meta":{"footnotes":""},"class_list":["post-880","page","type-page","status-publish","hentry"],"_links":{"self":[{"href":"https:\/\/wordpress.nibis.de\/cfgs\/wp-json\/wp\/v2\/pages\/880","targetHints":{"allow":["GET"]}}],"collection":[{"href":"https:\/\/wordpress.nibis.de\/cfgs\/wp-json\/wp\/v2\/pages"}],"about":[{"href":"https:\/\/wordpress.nibis.de\/cfgs\/wp-json\/wp\/v2\/types\/page"}],"author":[{"embeddable":true,"href":"https:\/\/wordpress.nibis.de\/cfgs\/wp-json\/wp\/v2\/users\/9193449"}],"replies":[{"embeddable":true,"href":"https:\/\/wordpress.nibis.de\/cfgs\/wp-json\/wp\/v2\/comments?post=880"}],"version-history":[{"count":8,"href":"https:\/\/wordpress.nibis.de\/cfgs\/wp-json\/wp\/v2\/pages\/880\/revisions"}],"predecessor-version":[{"id":2719,"href":"https:\/\/wordpress.nibis.de\/cfgs\/wp-json\/wp\/v2\/pages\/880\/revisions\/2719"}],"wp:attachment":[{"href":"https:\/\/wordpress.nibis.de\/cfgs\/wp-json\/wp\/v2\/media?parent=880"}],"curies":[{"name":"wp","href":"https:\/\/api.w.org\/{rel}","templated":true}]}}