{"id":882,"date":"2020-06-18T16:03:19","date_gmt":"2020-06-18T16:03:19","guid":{"rendered":"http:\/\/cfgs-c.jtmey.de\/?page_id=882"},"modified":"2023-04-13T08:10:52","modified_gmt":"2023-04-13T06:10:52","slug":"musik","status":"publish","type":"page","link":"https:\/\/wordpress.nibis.de\/cfgs\/musik\/","title":{"rendered":"Musik"},"content":{"rendered":"\n<p>Der Pflichtunterricht im Fach Musik findet \u00fcberwiegend epochal (zweist\u00fcndig und im halbj\u00e4hrlichen Wechsel mit dem Fach Kunst) statt. In den h\u00f6heren Jahrg\u00e4ngen des Haupt- und Realschulzweiges gibt es zus\u00e4tzlich <a href=\"https:\/\/wordpress.nibis.de\/cfgs\/wahlpflichtkurse\/\">Wahlpflichtkurse<\/a>.<\/p>\n\n\n\n<p>Musikbegeisterte Jugendliche haben weiterhin die M\u00f6glichkeit, an einer unserer folgenden Arbeitsgemeinschaften teilzunehmen:<\/p>\n\n\n\n<p><strong><a href=\"https:\/\/wordpress.nibis.de\/cfgs\/blaeserklasse-orchester\/\">Bl\u00e4serklasse\/Schulorchester<\/a> <\/strong>(Leitung: Herr K\u00f6nig und Frau Weber)<\/p>\n\n\n\n<ul class=\"wp-block-list\"><li>Keine musikalischen Vorkenntnisse erforderlich<\/li><li>Verbindliche Anmeldung f\u00fcr mindestens zwei Jahre ist notwendig<\/li><li>Teilnahme an der Musikstudienfahrt ist w\u00fcnschenswert<\/li><li>Kostenpflichtiger Instrumentalunterricht in Kleingruppen ist enthalten<\/li><\/ul>\n\n\n\n<p><strong><a href=\"https:\/\/wordpress.nibis.de\/cfgs\/arbeitsgemeinschaften\/\">Schulband<\/a> <\/strong>(Leitung: Herr Parth)<\/p>\n\n\n\n<ul class=\"wp-block-list\"><li>Vorkenntnisse auf einem Bandinstrument sind w\u00fcnschenswert<\/li><li>Einwahl per AG-Wahl immer f\u00fcr ein ganzes Schuljahr<\/li><li>Teilnahme an der Musikstudienfahrt ist w\u00fcnschenswert<\/li><\/ul>\n\n\n\n<p><strong><a href=\"https:\/\/wordpress.nibis.de\/cfgs\/arbeitsgemeinschaften\/\">Tanz-AG<\/a> <\/strong>(Leitung: Frau Otte)<\/p>\n\n\n\n<ul class=\"wp-block-list\"><li>Keine musikalischen Vorkenntnisse erforderlich<\/li><li>Einwahl per AG-Wahl immer f\u00fcr ein ganzes Schuljahr<\/li><li>Keine Teilnahme an der Musikstudienfahrt vorgesehen<\/li><\/ul>\n\n\n\n<p>Seit dem Schuljahr 2017\/18 findet in jedem Schuljahr eine <a href=\"https:\/\/wordpress.nibis.de\/cfgs\/musikstudienfahrt\/\">Musikstudienfahrt<\/a> statt. Hier haben die Kinder der Bl\u00e4serklasse\/des Orchesters, der Schulband und des Schulchores vier Tage lang Zeit, den normalen Schulalltag auszublenden, sich ausschlie\u00dflich auf die Musik zu konzentrieren und unser gemeinsames <a href=\"https:\/\/wordpress.nibis.de\/cfgs\/weihnachtskonzert\/\">Weihnachtskonzert<\/a><strong> <\/strong>und den <a href=\"https:\/\/wordpress.nibis.de\/cfgs\/tag-der-offenen-tuer\/\">Tag der offenen T\u00fcr<\/a><strong> <\/strong>musikalisch vorzubereiten.<\/p>\n\n\n\n<figure class=\"wp-block-embed is-type-video is-provider-youtube wp-block-embed-youtube wp-embed-aspect-16-9 wp-has-aspect-ratio\"><div class=\"wp-block-embed__wrapper\">\n<iframe loading=\"lazy\"  id=\"_ytid_97553\"  width=\"840\" height=\"473\"  data-origwidth=\"840\" data-origheight=\"473\" src=\"https:\/\/www.youtube.com\/embed\/XUJp63lzrM8?enablejsapi=1&#038;autoplay=0&#038;cc_load_policy=0&#038;cc_lang_pref=&#038;iv_load_policy=1&#038;loop=0&#038;rel=1&#038;fs=1&#038;playsinline=0&#038;autohide=2&#038;theme=dark&#038;color=red&#038;controls=1&#038;disablekb=0&#038;\" class=\"__youtube_prefs__  epyt-is-override  no-lazyload\" title=\"YouTube player\"  allow=\"fullscreen; accelerometer; autoplay; clipboard-write; encrypted-media; gyroscope; picture-in-picture; web-share\" referrerpolicy=\"strict-origin-when-cross-origin\" allowfullscreen data-no-lazy=\"1\" data-skipgform_ajax_framebjll=\"\"><\/iframe>\n<\/div><\/figure>\n","protected":false},"excerpt":{"rendered":"<p>Der Pflichtunterricht im Fach Musik findet \u00fcberwiegend epochal (zweist\u00fcndig und im halbj\u00e4hrlichen Wechsel mit dem Fach Kunst) statt. In den h\u00f6heren Jahrg\u00e4ngen des Haupt- und Realschulzweiges gibt es zus\u00e4tzlich Wahlpflichtkurse.<\/p>\n","protected":false},"author":9193449,"featured_media":0,"parent":0,"menu_order":0,"comment_status":"closed","ping_status":"closed","template":"","meta":{"footnotes":""},"class_list":["post-882","page","type-page","status-publish","hentry"],"_links":{"self":[{"href":"https:\/\/wordpress.nibis.de\/cfgs\/wp-json\/wp\/v2\/pages\/882","targetHints":{"allow":["GET"]}}],"collection":[{"href":"https:\/\/wordpress.nibis.de\/cfgs\/wp-json\/wp\/v2\/pages"}],"about":[{"href":"https:\/\/wordpress.nibis.de\/cfgs\/wp-json\/wp\/v2\/types\/page"}],"author":[{"embeddable":true,"href":"https:\/\/wordpress.nibis.de\/cfgs\/wp-json\/wp\/v2\/users\/9193449"}],"replies":[{"embeddable":true,"href":"https:\/\/wordpress.nibis.de\/cfgs\/wp-json\/wp\/v2\/comments?post=882"}],"version-history":[{"count":7,"href":"https:\/\/wordpress.nibis.de\/cfgs\/wp-json\/wp\/v2\/pages\/882\/revisions"}],"predecessor-version":[{"id":5487,"href":"https:\/\/wordpress.nibis.de\/cfgs\/wp-json\/wp\/v2\/pages\/882\/revisions\/5487"}],"wp:attachment":[{"href":"https:\/\/wordpress.nibis.de\/cfgs\/wp-json\/wp\/v2\/media?parent=882"}],"curies":[{"name":"wp","href":"https:\/\/api.w.org\/{rel}","templated":true}]}}