{"id":97,"date":"2020-03-05T14:20:02","date_gmt":"2020-03-05T14:20:02","guid":{"rendered":"http:\/\/cfgs.jtmey.de\/?page_id=97"},"modified":"2021-03-17T10:13:17","modified_gmt":"2021-03-17T09:13:17","slug":"sekreteriat","status":"publish","type":"page","link":"https:\/\/wordpress.nibis.de\/cfgs\/sekreteriat\/","title":{"rendered":"Sekretariat"},"content":{"rendered":"\n<figure class=\"wp-block-table\"><table><tbody><tr><td><img decoding=\"async\" src=\"http:\/\/wordpress.nibis.de\/cfgs\/files\/01-gauss-button-Kopie.jpg\" style=\"width: 150px\"><\/td><td><span class=\"has-inline-color has-primary-color\"><strong>Ingrid Linne<\/strong><\/span><\/td><td>E-Mail: in&#102;&#111;&#64;&#x63;&#x66;&#x67;&#x73;&#46;d&#101;<br>B\u00f6nneker Str. 10<br>37133 Friedland OT Gro\u00df Schneen<br>Tel.: 05504 &#8211; 80552-0<br>Fax: 05504 &#8211; 80552-14<\/td><\/tr><tr><td><img decoding=\"async\" src=\"http:\/\/wordpress.nibis.de\/cfgs\/files\/01-gauss-button-Kopie.jpg\" alt=\"\" style=\"width: 150px\"><\/td><td><strong><span class=\"has-inline-color has-primary-color\">Nicole W\u00fcrfel<\/span><\/strong><\/td><td>E-Mail: in&#102;&#111;&#x40;&#x63;&#x66;&#x67;s&#46;&#100;&#101;<br>B\u00f6nneker Str. 10<br>37133 Friedland OT Gro\u00df Schneen<br>Tel.: 05504 &#8211; 80552-0<br>Fax: 05504 &#8211; 80552-14<\/td><\/tr><\/tbody><\/table><\/figure>\n\n\n\n<p><strong>Anrufbeantworter zur Meldung erkrankter Sch\u00fclerinnen und Sch\u00fcler: <\/strong><\/p>\n\n\n\n<p style=\"font-size:18px\"><strong>Telefon: 05504 &#8211; 80552-10<\/strong><br><br><\/p>\n\n\n\n<p><\/p>\n\n\n\n<p><\/p>\n\n\n\n<p><\/p>\n\n\n\n<p><\/p>\n","protected":false},"excerpt":{"rendered":"<p>Ingrid Linne E-Mail: info&#64;c&#102;&#103;&#115;&#46;&#100;&#101;B\u00f6nneker Str. 1037133 Friedland OT Gro\u00df SchneenTel.: 05504 &#8211; 80552-0Fax: 05504 &#8211; 80552-14 Nicole W\u00fcrfel E-Mail: info&#64;cfgs&#46;deB\u00f6nneker Str. 1037133 Friedland OT Gro\u00df SchneenTel.: 05504 &#8211; 80552-0Fax: 05504<\/p>\n","protected":false},"author":277,"featured_media":0,"parent":0,"menu_order":0,"comment_status":"closed","ping_status":"closed","template":"","meta":{"footnotes":""},"class_list":["post-97","page","type-page","status-publish","hentry"],"_links":{"self":[{"href":"https:\/\/wordpress.nibis.de\/cfgs\/wp-json\/wp\/v2\/pages\/97","targetHints":{"allow":["GET"]}}],"collection":[{"href":"https:\/\/wordpress.nibis.de\/cfgs\/wp-json\/wp\/v2\/pages"}],"about":[{"href":"https:\/\/wordpress.nibis.de\/cfgs\/wp-json\/wp\/v2\/types\/page"}],"author":[{"embeddable":true,"href":"https:\/\/wordpress.nibis.de\/cfgs\/wp-json\/wp\/v2\/users\/277"}],"replies":[{"embeddable":true,"href":"https:\/\/wordpress.nibis.de\/cfgs\/wp-json\/wp\/v2\/comments?post=97"}],"version-history":[{"count":14,"href":"https:\/\/wordpress.nibis.de\/cfgs\/wp-json\/wp\/v2\/pages\/97\/revisions"}],"predecessor-version":[{"id":3840,"href":"https:\/\/wordpress.nibis.de\/cfgs\/wp-json\/wp\/v2\/pages\/97\/revisions\/3840"}],"wp:attachment":[{"href":"https:\/\/wordpress.nibis.de\/cfgs\/wp-json\/wp\/v2\/media?parent=97"}],"curies":[{"name":"wp","href":"https:\/\/api.w.org\/{rel}","templated":true}]}}