{"id":111,"date":"2016-02-24T15:41:06","date_gmt":"2016-02-24T14:41:06","guid":{"rendered":"http:\/\/wordpress.nibis.de\/cosli\/?page_id=111"},"modified":"2025-07-09T12:43:03","modified_gmt":"2025-07-09T10:43:03","slug":"vorstand","status":"publish","type":"page","link":"https:\/\/wordpress.nibis.de\/cosli\/vorstand\/","title":{"rendered":"Vorstand"},"content":{"rendered":"<p><span style=\"font-family: arial,helvetica,sans-serif;font-size: 14pt\">Dem Vorstand geh\u00f6ren stimmberechtigt an:<\/span><\/p>\n<p><span style=\"font-family: arial,helvetica,sans-serif;font-size: 14pt\">1. die Vorsitzende: Frau W\u00fcbbels<br \/>\n<\/span><\/p>\n<p><span style=\"font-family: arial,helvetica,sans-serif;font-size: 14pt\">2. die Stellvertretende Vorsitzende: Frau Hannemann<\/span><\/p>\n<p><span style=\"font-family: arial,helvetica,sans-serif;font-size: 14pt\">3. die Schriftf\u00fchrerin: Frau Wichmann<br \/>\n<\/span><\/p>\n<p><span style=\"font-family: arial,helvetica,sans-serif;font-size: 14pt\"> 4. die Schatzmeisterin: Frau Overberg<\/span><\/p>\n<p><span style=\"font-family: arial,helvetica,sans-serif;font-size: 14pt\">5. Beisitzerinnen: Frau Borchers, Herr B\u00f6cker <\/span><\/p>\n<p><span style=\"font-family: arial,helvetica,sans-serif;font-size: 14pt\">6. der Kassenpr\u00fcfer: Herr Str\u00f6er<br \/>\n<\/span><\/p>\n","protected":false},"excerpt":{"rendered":"<p>Dem Vorstand geh\u00f6ren stimmberechtigt an: 1. die Vorsitzende: Frau W\u00fcbbels 2. die Stellvertretende Vorsitzende: Frau Hannemann 3. die Schriftf\u00fchrerin: Frau Wichmann 4. die Schatzmeisterin: Frau Overberg 5. Beisitzerinnen: Frau Borchers, Herr B\u00f6cker 6. der Kassenpr\u00fcfer: Herr Str\u00f6er<\/p>\n","protected":false},"author":910,"featured_media":0,"parent":0,"menu_order":0,"comment_status":"closed","ping_status":"closed","template":"","meta":{"footnotes":""},"class_list":["post-111","page","type-page","status-publish","hentry"],"_links":{"self":[{"href":"https:\/\/wordpress.nibis.de\/cosli\/wp-json\/wp\/v2\/pages\/111","targetHints":{"allow":["GET"]}}],"collection":[{"href":"https:\/\/wordpress.nibis.de\/cosli\/wp-json\/wp\/v2\/pages"}],"about":[{"href":"https:\/\/wordpress.nibis.de\/cosli\/wp-json\/wp\/v2\/types\/page"}],"author":[{"embeddable":true,"href":"https:\/\/wordpress.nibis.de\/cosli\/wp-json\/wp\/v2\/users\/910"}],"replies":[{"embeddable":true,"href":"https:\/\/wordpress.nibis.de\/cosli\/wp-json\/wp\/v2\/comments?post=111"}],"version-history":[{"count":8,"href":"https:\/\/wordpress.nibis.de\/cosli\/wp-json\/wp\/v2\/pages\/111\/revisions"}],"predecessor-version":[{"id":1225,"href":"https:\/\/wordpress.nibis.de\/cosli\/wp-json\/wp\/v2\/pages\/111\/revisions\/1225"}],"wp:attachment":[{"href":"https:\/\/wordpress.nibis.de\/cosli\/wp-json\/wp\/v2\/media?parent=111"}],"curies":[{"name":"wp","href":"https:\/\/api.w.org\/{rel}","templated":true}]}}