{"id":18,"date":"2016-02-24T14:07:26","date_gmt":"2016-02-24T13:07:26","guid":{"rendered":"http:\/\/wordpress.nibis.de\/cosli\/?page_id=18"},"modified":"2024-09-26T11:29:09","modified_gmt":"2024-09-26T09:29:09","slug":"kollegium-2","status":"publish","type":"page","link":"https:\/\/wordpress.nibis.de\/cosli\/kollegium-2\/","title":{"rendered":"Kollegium"},"content":{"rendered":"<div class=\"csc-header csc-header-n1\">\n<p><!-- Text: [begin] --><span style=\"font-family: arial,helvetica,sans-serif;font-size: 14pt\">Unser Kollegium setzt sich aus Lehrerinnen und Lehrern mit besonderen Qualifikationen in den F\u00f6rderbereichen Sprache, H\u00f6ren, Sehen, Lernen, geistige Entwicklung, k\u00f6rperliche und motorische Entwicklung und sozial-emotionale Entwicklung zusammen.<\/span><\/p>\n<\/div>\n<p class=\"bodytext\"><span style=\"font-family: arial,helvetica,sans-serif;font-size: 14pt\">Unsere Sekret\u00e4rin\u00a0und unser Hausmeister\u00a0unterst\u00fctzen uns in unserem Bem\u00fchen, einen gut organisierten und m\u00f6glichst reibungslosen Schulalltag zu gestalten.<\/span><\/p>\n<p class=\"bodytext\"><span style=\"font-family: arial,helvetica,sans-serif;font-size: 14pt\">Schulleitung<br \/>\n<\/span>\n<table id=\"tablepress-3\" class=\"tablepress tablepress-id-3\">\n<tbody>\n<tr class=\"row-1\">\n\t<td class=\"column-1\"><\/td><td class=\"column-2\"><\/td>\n<\/tr>\n<tr class=\"row-2\">\n\t<td class=\"column-1\"><strong>Regina Hannemann<\/strong><br \/>\nSchulleiterin<\/td><td class=\"column-2\"><strong>Bettina Wichmann<\/strong><br \/>\nStellvertretende Schulleitung<\/td>\n<\/tr>\n<\/tbody>\n<\/table>\n<!-- #tablepress-3 from cache --><\/p>\n<p class=\"bodytext\"><span style=\"font-family: arial,helvetica,sans-serif;font-size: 14pt\">Kollegium <\/span><br \/>\n\n<table id=\"tablepress-1\" class=\"tablepress tablepress-id-1\">\n<tbody>\n<tr class=\"row-1\">\n\t<td class=\"column-1\"><\/td><td class=\"column-2\"><\/td><td class=\"column-3\"><\/td>\n<\/tr>\n<tr class=\"row-2\">\n\t<td class=\"column-1\"><strong>Katharina Blanke<\/strong><br \/>\nF\u00f6rderschullehrerin<\/td><td class=\"column-2\"><strong>Ortrud B\u00f6gel<\/strong> <br \/>\nF\u00f6rderschullehrerin<\/td><td class=\"column-3\"><strong>Alexandra Gamroth<\/strong><br \/>\nF\u00f6rderschullehrerin<\/td>\n<\/tr>\n<tr class=\"row-3\">\n\t<td class=\"column-1\"><\/td><td class=\"column-2\"><\/td><td class=\"column-3\"><\/td>\n<\/tr>\n<tr class=\"row-4\">\n\t<td class=\"column-1\"><strong>Annika Gravel<\/strong><br \/>\nF\u00f6rderschullehrerin<\/td><td class=\"column-2\"><strong>Michaela Hannusch<\/strong><br \/>\nF\u00f6rderschullehrerin<\/td><td class=\"column-3\"><strong>Christina Herbst<\/strong><br \/>\nF\u00f6rderschullehrerin<\/td>\n<\/tr>\n<tr class=\"row-5\">\n\t<td class=\"column-1\"><\/td><td class=\"column-2\"><\/td><td class=\"column-3\"><\/td>\n<\/tr>\n<tr class=\"row-6\">\n\t<td class=\"column-1\"><strong>Sarah Hoffrogge<\/strong><br \/>\nF\u00f6rderschullehrerin<\/td><td class=\"column-2\"><strong>Ulrike Schaub<\/strong><br \/>\nF\u00f6rderschullehrerin<\/td><td class=\"column-3\"><strong>Marcel Witzleben<\/strong><br \/>\nF\u00f6rderschullehrer<\/td>\n<\/tr>\n<tr class=\"row-7\">\n\t<td class=\"column-1\"><\/td><td class=\"column-2\"><\/td><td class=\"column-3\"><\/td>\n<\/tr>\n<tr class=\"row-8\">\n\t<td class=\"column-1\"><\/td><td class=\"column-2\"><\/td><td class=\"column-3\"><\/td>\n<\/tr>\n<tr class=\"row-9\">\n\t<td class=\"column-1\"><\/td><td class=\"column-2\"><\/td><td class=\"column-3\"><\/td>\n<\/tr>\n<tr class=\"row-10\">\n\t<td class=\"column-1\"><\/td><td class=\"column-2\"><\/td><td class=\"column-3\"><\/td>\n<\/tr>\n<\/tbody>\n<\/table>\n<!-- #tablepress-1 from cache --><\/p>\n<p class=\"bodytext\"><span style=\"font-family: arial,helvetica,sans-serif;font-size: 14pt\">Assistenz<br \/>\n\n<table id=\"tablepress-4\" class=\"tablepress tablepress-id-4\">\n<tbody>\n<tr class=\"row-1\">\n\t<td class=\"column-1\"><\/td><td class=\"column-2\"><\/td>\n<\/tr>\n<tr class=\"row-2\">\n\t<td class=\"column-1\"><strong>Melanie Overberg<\/strong><br \/>\nSchulsekret\u00e4rin<\/td><td class=\"column-2\"><strong>Stefan N\u00fcsse<\/strong><br \/>\nHausmeister<\/td>\n<\/tr>\n<\/tbody>\n<\/table>\n<!-- #tablepress-4 from cache --><br \/>\n<\/span><\/p>\n","protected":false},"excerpt":{"rendered":"<p>Unser Kollegium setzt sich aus Lehrerinnen und Lehrern mit besonderen Qualifikationen in den F\u00f6rderbereichen Sprache, H\u00f6ren, Sehen, Lernen, geistige Entwicklung, k\u00f6rperliche und motorische Entwicklung und sozial-emotionale Entwicklung zusammen. Unsere Sekret\u00e4rin\u00a0und unser Hausmeister\u00a0unterst\u00fctzen uns in unserem Bem\u00fchen, einen gut organisierten und m\u00f6glichst reibungslosen Schulalltag zu gestalten. Schulleitung Kollegium Assistenz<\/p>\n","protected":false},"author":910,"featured_media":0,"parent":0,"menu_order":0,"comment_status":"closed","ping_status":"closed","template":"","meta":{"footnotes":""},"class_list":["post-18","page","type-page","status-publish","hentry"],"_links":{"self":[{"href":"https:\/\/wordpress.nibis.de\/cosli\/wp-json\/wp\/v2\/pages\/18","targetHints":{"allow":["GET"]}}],"collection":[{"href":"https:\/\/wordpress.nibis.de\/cosli\/wp-json\/wp\/v2\/pages"}],"about":[{"href":"https:\/\/wordpress.nibis.de\/cosli\/wp-json\/wp\/v2\/types\/page"}],"author":[{"embeddable":true,"href":"https:\/\/wordpress.nibis.de\/cosli\/wp-json\/wp\/v2\/users\/910"}],"replies":[{"embeddable":true,"href":"https:\/\/wordpress.nibis.de\/cosli\/wp-json\/wp\/v2\/comments?post=18"}],"version-history":[{"count":24,"href":"https:\/\/wordpress.nibis.de\/cosli\/wp-json\/wp\/v2\/pages\/18\/revisions"}],"predecessor-version":[{"id":1180,"href":"https:\/\/wordpress.nibis.de\/cosli\/wp-json\/wp\/v2\/pages\/18\/revisions\/1180"}],"wp:attachment":[{"href":"https:\/\/wordpress.nibis.de\/cosli\/wp-json\/wp\/v2\/media?parent=18"}],"curies":[{"name":"wp","href":"https:\/\/api.w.org\/{rel}","templated":true}]}}