{"id":213,"date":"2016-02-25T14:18:05","date_gmt":"2016-02-25T13:18:05","guid":{"rendered":"http:\/\/wordpress.nibis.de\/cosli\/?page_id=213"},"modified":"2026-02-05T08:49:31","modified_gmt":"2026-02-05T07:49:31","slug":"startseite","status":"publish","type":"page","link":"https:\/\/wordpress.nibis.de\/cosli\/","title":{"rendered":""},"content":{"rendered":"<p style=\"text-align: center\"><span style=\"color: #3366ff;font-family: comic sans ms,sans-serif;font-size: 24pt\">Herzlich Willkommen auf unserer Webseite!<\/span><\/p>\n\n\n<p><span style=\"color:#000000\" class=\"tadv-color\"><strong><span style=\"color:#000000\" class=\"tadv-color\"><\/span><\/strong><\/span><\/p>\n\n\n<div class=\"wp-block-image\">\n<figure class=\"aligncenter size-full\"><img loading=\"lazy\" decoding=\"async\" width=\"800\" height=\"600\" src=\"https:\/\/wordpress.nibis.de\/cosli\/files\/2025\/08\/Homepage-Foto.jpg\" alt=\"\" class=\"wp-image-1228\" srcset=\"https:\/\/wordpress.nibis.de\/cosli\/files\/2025\/08\/Homepage-Foto.jpg 800w, https:\/\/wordpress.nibis.de\/cosli\/files\/2025\/08\/Homepage-Foto-300x225.jpg 300w\" sizes=\"auto, (max-width: 800px) 100vw, 800px\" \/><\/figure>\n<\/div>\n\n\n<p class=\"has-text-align-center\"><\/p>\n\n\n\n<figure id=\"attachment_1237\" aria-describedby=\"caption-attachment-1237\" style=\"width: 344px\" class=\"wp-caption aligncenter\"><img loading=\"lazy\" decoding=\"async\" class=\"wp-image-1237\" src=\"https:\/\/wordpress.nibis.de\/cosli\/files\/2025\/09\/Spende-Dorfapp-225x300.jpeg\" alt=\"\" width=\"344\" height=\"458\" srcset=\"https:\/\/wordpress.nibis.de\/cosli\/files\/2025\/09\/Spende-Dorfapp-225x300.jpeg 225w, https:\/\/wordpress.nibis.de\/cosli\/files\/2025\/09\/Spende-Dorfapp-450x600.jpeg 450w, https:\/\/wordpress.nibis.de\/cosli\/files\/2025\/09\/Spende-Dorfapp-1152x1536.jpeg 1152w, https:\/\/wordpress.nibis.de\/cosli\/files\/2025\/09\/Spende-Dorfapp.jpeg 1536w\" sizes=\"auto, (max-width: 344px) 100vw, 344px\" \/><figcaption id=\"caption-attachment-1237\" class=\"wp-caption-text\">v.l.n.r: G. Teschke, Leselernhelferin; R. Hannemann, Schulleiterin; C. W\u00fcbbels, Vorsitzende F\u00f6rderverein; B. Wichmann, Konrektorin; M. Teschke, Ortsb\u00fcrgermeister<\/figcaption><\/figure>\n\n\n\n<hr class=\"wp-block-separator has-alpha-channel-opacity\" \/>\n\n\n\n<figure class=\"wp-block-gallery has-nested-images columns-default is-cropped wp-block-gallery-1 is-layout-flex wp-block-gallery-is-layout-flex\">\n<figure class=\"wp-block-image size-large\"><img loading=\"lazy\" decoding=\"async\" width=\"771\" height=\"600\" data-id=\"1448\" src=\"https:\/\/wordpress.nibis.de\/cosli\/files\/2026\/02\/Screenshot-2026-02-05-084904-771x600.png\" alt=\"\" class=\"wp-image-1448\" srcset=\"https:\/\/wordpress.nibis.de\/cosli\/files\/2026\/02\/Screenshot-2026-02-05-084904-771x600.png 771w, https:\/\/wordpress.nibis.de\/cosli\/files\/2026\/02\/Screenshot-2026-02-05-084904-300x233.png 300w, https:\/\/wordpress.nibis.de\/cosli\/files\/2026\/02\/Screenshot-2026-02-05-084904-100x78.png 100w, https:\/\/wordpress.nibis.de\/cosli\/files\/2026\/02\/Screenshot-2026-02-05-084904.png 900w\" sizes=\"auto, (max-width: 771px) 100vw, 771px\" \/><\/figure>\n<\/figure>\n\n\n\n<p class=\"has-text-align-center\">&#8212;&#8212;&#8212;&#8212;&#8212;&#8212;&#8212;&#8212;&#8212;&#8212;&#8212;&#8212;&#8212;&#8212;&#8212;&#8212;&#8212;&#8212;&#8212;&#8212;&#8212;&#8212;&#8212;&#8212;&#8212;&#8212;&#8212;&#8212;&#8212;&#8212;&#8212;&#8212;&#8212;&#8212;&#8212;&#8212;&#8212;<\/p>\n\n\n\n<p class=\"has-text-align-left\"><span style=\"text-decoration: underline\" class=\"underline\"><strong>Sie m\u00f6chten ein Praktikum an unserer Schule absolvieren?<\/strong><\/span><\/p>\n\n\n\n<p>Bitte richten Sie Ihre Bewerbung mit <strong>einem Anschreiben, einem tabellarischen Lebenslauf und dem letzten Zeugnis<\/strong> an die Carl-Orff-Schule, F\u00f6rderschule H\u00f6ren und Sprache, Duisenburger Stra\u00dfe. 24,  49811 Lingen (Ems) <span style=\"text-decoration: underline\" class=\"underline\">oder<\/span> per Mail an <span style=\"color:#0693e3\" class=\"tadv-color\"><span style=\"text-decoration: underline\" class=\"underline\">&#x69;&#110;&#x66;&#x6f;&#64;&#x63;&#111;s&#x6c;&#105;&#46;&#x6e;&#101;&#x74;<\/span><\/span>.<\/p>\n\n\n\n<p>Ansprechpartnerin ist Frau Herbst.<\/p>\n\n\n\n<p><\/p>\n\n\n\n<p><\/p>\n\n\n\n<p>&nbsp;&nbsp;&nbsp;&nbsp;&nbsp;&nbsp;&nbsp;&nbsp;&nbsp;&nbsp;&nbsp;&nbsp;&nbsp;&nbsp;&nbsp;&nbsp;&nbsp;&nbsp;&nbsp;&nbsp;&nbsp;&nbsp;<\/p>\n\n\n\n<p><\/p>\n\n\n\n<p><\/p>\n\n\n\n<p><\/p>\n\n\n\n<p><\/p>\n\n\n\n<p><\/p>\n\n\n\n<p><\/p>\n\n\n\n<p><\/p>\n\n\n\n<p><\/p>\n\n\n\n<p><\/p>\n\n\n\n<p><\/p>\n\n\n\n<p><\/p>\n\n\n\n<p><\/p>\n\n\n\n<p><\/p>\n\n\n\n<p><\/p>\n\n\n\n<p><\/p>\n\n\n\n<p><\/p>\n\n\n\n<p><\/p>\n\n\n\n<p><\/p>\n\n\n\n<p><\/p>\n\n\n\n<figure class=\"wp-block-gallery has-nested-images columns-default is-cropped wp-block-gallery-2 is-layout-flex wp-block-gallery-is-layout-flex\"><\/figure>\n\n\n\n<p><\/p>\n\n\n\n<p><\/p>\n\n\n\n<p><\/p>\n\n\n\n<p><\/p>\n\n\n\n<p><\/p>\n\n\n\n<p><\/p>\n\n\n\n<p><\/p>\n\n\n\n<p><\/p>\n\n\n\n<p><strong><span class=\"has-inline-color has-vivid-red-color\"> <\/span><\/strong><\/p>\n\n\n\n<p><\/p>\n\n\n\n<p><\/p>\n\n\n\n<p><\/p>\n\n\n\n<p class=\"has-text-align-left\"><\/p>\n\n\n\n<p><\/p>\n\n\n\n<p><\/p>\n","protected":false},"excerpt":{"rendered":"<p>Herzlich Willkommen auf unserer Webseite! &#8212;&#8212;&#8212;&#8212;&#8212;&#8212;&#8212;&#8212;&#8212;&#8212;&#8212;&#8212;&#8212;&#8212;&#8212;&#8212;&#8212;&#8212;&#8212;&#8212;&#8212;&#8212;&#8212;&#8212;&#8212;&#8212;&#8212;&#8212;&#8212;&#8212;&#8212;&#8212;&#8212;&#8212;&#8212;&#8212;&#8212; Sie m\u00f6chten ein Praktikum an unserer Schule absolvieren? Bitte richten Sie Ihre Bewerbung mit einem Anschreiben, einem tabellarischen Lebenslauf und dem letzten Zeugnis an die Carl-Orff-Schule, F\u00f6rderschule H\u00f6ren und Sprache, Duisenburger Stra\u00dfe. 24, 49811 Lingen (Ems) oder per Mail an &#x69;&#110;f&#x6f;&#x40;&#99;o&#x73;&#108;i&#x2e;&#x6e;&#101;t. Ansprechpartnerin ist Frau Herbst. &nbsp;&nbsp;&nbsp;&nbsp;&nbsp;&nbsp;&nbsp;&nbsp;&nbsp;&nbsp;&nbsp;&nbsp;&nbsp;&nbsp;&nbsp;&nbsp;&nbsp;&nbsp;&nbsp;&nbsp;&nbsp;&nbsp;<\/p>\n","protected":false},"author":910,"featured_media":0,"parent":0,"menu_order":0,"comment_status":"closed","ping_status":"closed","template":"","meta":{"footnotes":""},"class_list":["post-213","page","type-page","status-publish","hentry"],"_links":{"self":[{"href":"https:\/\/wordpress.nibis.de\/cosli\/wp-json\/wp\/v2\/pages\/213","targetHints":{"allow":["GET"]}}],"collection":[{"href":"https:\/\/wordpress.nibis.de\/cosli\/wp-json\/wp\/v2\/pages"}],"about":[{"href":"https:\/\/wordpress.nibis.de\/cosli\/wp-json\/wp\/v2\/types\/page"}],"author":[{"embeddable":true,"href":"https:\/\/wordpress.nibis.de\/cosli\/wp-json\/wp\/v2\/users\/910"}],"replies":[{"embeddable":true,"href":"https:\/\/wordpress.nibis.de\/cosli\/wp-json\/wp\/v2\/comments?post=213"}],"version-history":[{"count":201,"href":"https:\/\/wordpress.nibis.de\/cosli\/wp-json\/wp\/v2\/pages\/213\/revisions"}],"predecessor-version":[{"id":1449,"href":"https:\/\/wordpress.nibis.de\/cosli\/wp-json\/wp\/v2\/pages\/213\/revisions\/1449"}],"wp:attachment":[{"href":"https:\/\/wordpress.nibis.de\/cosli\/wp-json\/wp\/v2\/media?parent=213"}],"curies":[{"name":"wp","href":"https:\/\/api.w.org\/{rel}","templated":true}]}}