{"id":219,"date":"2016-02-25T15:29:46","date_gmt":"2016-02-25T14:29:46","guid":{"rendered":"http:\/\/wordpress.nibis.de\/cosli\/?page_id=219"},"modified":"2019-11-20T12:08:49","modified_gmt":"2019-11-20T11:08:49","slug":"foerderverein-2","status":"publish","type":"page","link":"https:\/\/wordpress.nibis.de\/cosli\/foerderverein-2\/","title":{"rendered":"F\u00f6rderverein"},"content":{"rendered":"<p><img loading=\"lazy\" decoding=\"async\" class=\"alignnone size-medium wp-image-7\" src=\"http:\/\/wordpress.nibis.de\/cosli\/files\/2016\/02\/image001-300x216.jpg\" alt=\"image001\" width=\"300\" height=\"216\" srcset=\"https:\/\/wordpress.nibis.de\/cosli\/files\/2016\/02\/image001-300x216.jpg 300w, https:\/\/wordpress.nibis.de\/cosli\/files\/2016\/02\/image001-417x300.jpg 417w, https:\/\/wordpress.nibis.de\/cosli\/files\/2016\/02\/image001.jpg 640w\" sizes=\"auto, (max-width: 300px) 100vw, 300px\" \/><\/p>\n<p><span style=\"font-family: arial,helvetica,sans-serif;font-size: 14pt\">Im Juli 1984 wurde aus der 1975 gegr\u00fcndeten Initiative engagierter Eltern h\u00f6r- und sprachbehinderter Kinder der F\u00f6rderverein <em>Gut H\u00f6ren\u00a0\u2022 Gut Sprechen<\/em> gegr\u00fcndet.<\/span><br \/>\n<span style=\"font-family: arial,helvetica,sans-serif;font-size: 14pt\"> Er ist gemeinn\u00fctzig und finanziert sich aus Mitgliederbeitr\u00e4gen und Spenden.<br \/>\n<\/span><span style=\"font-family: arial,helvetica,sans-serif;font-size: 14pt\">Wir sind aktiv im Emsland <\/span><span style=\"font-family: arial,helvetica,sans-serif;font-size: 14pt\">f\u00fcr Kinder und Jugendliche mit Unterst\u00fctzungsbedarf H\u00f6ren und Unterst\u00fctzungsbedarf Sprache.<\/span><\/p>\n<p><span style=\"font-family: arial,helvetica,sans-serif;font-size: 14pt\">Die Mitgliedsbeitr\u00e4ge und Spenden\u00a0werden f\u00fcr\u00a0Ma\u00dfnahmen verwendet, die eine Hilfe bilden f\u00fcr Kinder und Jugendliche, die eine besondere F\u00f6rderung in den Bereichen H\u00f6ren und Sprache ben\u00f6tigen. <\/span><span style=\"font-family: arial,helvetica,sans-serif;font-size: 14pt\">Der F\u00f6rderverein <em>Gut H\u00f6ren\u00a0\u2022 Gut Sprechen<\/em> unterst\u00fctzt z. B. finanziell <\/span><\/p>\n<ul>\n<li><span style=\"font-family: arial,helvetica,sans-serif;font-size: 14pt\">Museumsbesuche<\/span><\/li>\n<li><span style=\"font-family: arial,helvetica,sans-serif;font-size: 14pt\">Theaterbesuche<\/span><\/li>\n<li><span style=\"font-family: arial,helvetica,sans-serif;font-size: 14pt\">Gruppen- , Klassen- und Schulfahrten<\/span><\/li>\n<li><span style=\"font-family: arial,helvetica,sans-serif;font-size: 14pt\">die Anschaffung von Spielen und Spielger\u00e4ten<\/span><\/li>\n<li><span style=\"font-family: arial,helvetica,sans-serif;font-size: 14pt\">die Anschaffung von F\u00f6rdermaterialien.<\/span><\/li>\n<\/ul>\n","protected":false},"excerpt":{"rendered":"<p>Im Juli 1984 wurde aus der 1975 gegr\u00fcndeten Initiative engagierter Eltern h\u00f6r- und sprachbehinderter Kinder der F\u00f6rderverein Gut H\u00f6ren\u00a0\u2022 Gut Sprechen gegr\u00fcndet. Er ist gemeinn\u00fctzig und finanziert sich aus Mitgliederbeitr\u00e4gen und Spenden. Wir sind aktiv im Emsland f\u00fcr Kinder und Jugendliche mit Unterst\u00fctzungsbedarf H\u00f6ren und Unterst\u00fctzungsbedarf Sprache. Die Mitgliedsbeitr\u00e4ge und Spenden\u00a0werden f\u00fcr\u00a0Ma\u00dfnahmen verwendet, die eine [&hellip;]<\/p>\n","protected":false},"author":910,"featured_media":0,"parent":0,"menu_order":0,"comment_status":"closed","ping_status":"closed","template":"","meta":{"footnotes":""},"class_list":["post-219","page","type-page","status-publish","hentry"],"_links":{"self":[{"href":"https:\/\/wordpress.nibis.de\/cosli\/wp-json\/wp\/v2\/pages\/219","targetHints":{"allow":["GET"]}}],"collection":[{"href":"https:\/\/wordpress.nibis.de\/cosli\/wp-json\/wp\/v2\/pages"}],"about":[{"href":"https:\/\/wordpress.nibis.de\/cosli\/wp-json\/wp\/v2\/types\/page"}],"author":[{"embeddable":true,"href":"https:\/\/wordpress.nibis.de\/cosli\/wp-json\/wp\/v2\/users\/910"}],"replies":[{"embeddable":true,"href":"https:\/\/wordpress.nibis.de\/cosli\/wp-json\/wp\/v2\/comments?post=219"}],"version-history":[{"count":12,"href":"https:\/\/wordpress.nibis.de\/cosli\/wp-json\/wp\/v2\/pages\/219\/revisions"}],"predecessor-version":[{"id":676,"href":"https:\/\/wordpress.nibis.de\/cosli\/wp-json\/wp\/v2\/pages\/219\/revisions\/676"}],"wp:attachment":[{"href":"https:\/\/wordpress.nibis.de\/cosli\/wp-json\/wp\/v2\/media?parent=219"}],"curies":[{"name":"wp","href":"https:\/\/api.w.org\/{rel}","templated":true}]}}