{"id":250,"date":"2016-03-01T06:22:41","date_gmt":"2016-03-01T05:22:41","guid":{"rendered":"http:\/\/wordpress.nibis.de\/cosli\/?page_id=250"},"modified":"2019-09-25T21:27:52","modified_gmt":"2019-09-25T19:27:52","slug":"kontakt-2","status":"publish","type":"page","link":"https:\/\/wordpress.nibis.de\/cosli\/kontakt-2\/","title":{"rendered":"Kontakt"},"content":{"rendered":"<p><span style=\"font-family: arial,helvetica,sans-serif;font-size: 14pt\">Carl-Orff-Schule Lingen<\/span><\/p>\n<p><span style=\"font-family: arial,helvetica,sans-serif;font-size: 14pt\">F\u00f6rderschule mit den Schwerpunkten H\u00f6ren und Sprache<\/span><br \/>\n<span style=\"font-family: arial,helvetica,sans-serif;font-size: 14pt\"> Duisenburger Str. 24<\/span><br \/>\n<span style=\"font-family: arial,helvetica,sans-serif;font-size: 14pt\">49811 Lingen<\/span><\/p>\n<p><span style=\"font-family: arial,helvetica,sans-serif;font-size: 14pt\">Telefon: 0591 73222<\/span><br \/>\n<span style=\"font-family: arial,helvetica,sans-serif;font-size: 14pt\">Telefax: 0591 9770038<\/span><br \/>\n<span style=\"font-family: arial,helvetica,sans-serif;font-size: 14pt\">E-Mail: &#105;&#x6e;f&#111;&#x40;c&#111;&#x73;l&#105;&#x2e;n&#101;&#x74; <\/span><\/p>\n<p><span style=\"font-family: arial,helvetica,sans-serif;font-size: 14pt\">Ansprechpartnerin: Frau Overberg<\/span><\/p>\n<p><span style=\"font-family: arial,helvetica,sans-serif;font-size: 14pt\"><u>Regelungen f\u00fcr die Parkpl\u00e4tze an der Carl-Orff-Schule<\/u><\/span><\/p>\n<p><span style=\"font-family: arial,helvetica,sans-serif;font-size: 14pt\"><img loading=\"lazy\" decoding=\"async\" class=\"alignnone wp-image-548\" src=\"http:\/\/wordpress.nibis.de\/cosli\/files\/2018\/08\/Parkplatz-300x200.jpg\" alt=\"\" width=\"410\" height=\"273\" srcset=\"https:\/\/wordpress.nibis.de\/cosli\/files\/2018\/08\/Parkplatz-300x200.jpg 300w, https:\/\/wordpress.nibis.de\/cosli\/files\/2018\/08\/Parkplatz-75x50.jpg 75w, https:\/\/wordpress.nibis.de\/cosli\/files\/2018\/08\/Parkplatz.jpg 676w\" sizes=\"auto, (max-width: 410px) 100vw, 410px\" \/><\/span><\/p>\n<p><span style=\"font-family: arial,helvetica,sans-serif;font-size: 14pt\"><u>Taxi-Parkplatz:<\/u> Die Taxis unserer Sch\u00fclerinnen und Sch\u00fcler nutzen den Platz, der <strong>hinter<\/strong> der Schule an den Schulhof und den Sportplatz grenzt. Die Sch\u00fclerinnen und Sch\u00fcler gehen morgens \u00fcber den Schulhof zum Schulgeb\u00e4ude und mittags auf demselben Weg zur\u00fcck. Jedes Taxi h\u00e4lt auf einen ihm zugewiesenen und gekennzeichneten Bereich, so dass unsere Sch\u00fclerinnen und Sch\u00fcler ihr Taxi mittags leicht erkennen. <\/span><\/p>\n<p><span style=\"font-family: arial,helvetica,sans-serif;font-size: 14pt\"><u>Elternparkplatz:<\/u> F\u00fcr die Eltern und Besucher steht der Parkplatz <strong>neben<\/strong> der Schule zur Verf\u00fcgung. Sie erreichen ihn \u00fcber die Duisenburger Stra\u00dfe und lassen die Schule zun\u00e4chst links liegen. Die Einfahrt mit dem Auto erreichen Sie auf H\u00f6he des Heimathauses. Auf den Rasengittersteinen k\u00f6nnen Sie parken. Falls Sie ihr Kind -im Ausnahmefall- selbst zur Schule bringen, m\u00f6chten wie Sie bitten, Ihr Kind bis ins Schulgeb\u00e4ude zu begleiten. In diesem Fall gelangen Sie durch den Haupteingang an der Duisenburger Stra\u00dfe auf unseren Schulhof.<\/span><\/p>\n<p><span style=\"font-family: arial,helvetica,sans-serif;font-size: 14pt\"><u>Mitarbeiter-Parkplatz:<\/u> Die Parkpl\u00e4tze direkt an der Duisenburger Sta\u00dfe <strong>vor<\/strong> der Schule sind f\u00fcr die Mitarbeiter und Lehrkr\u00e4fte beider Schulen.<\/span><\/p>\n","protected":false},"excerpt":{"rendered":"<p>Carl-Orff-Schule Lingen F\u00f6rderschule mit den Schwerpunkten H\u00f6ren und Sprache Duisenburger Str. 24 49811 Lingen Telefon: 0591 73222 Telefax: 0591 9770038 E-Mail: &#x69;n&#x66;&#111;&#64;&#x63;&#111;&#x73;&#108;i&#x2e;&#110;&#x65;&#116; Ansprechpartnerin: Frau Overberg Regelungen f\u00fcr die Parkpl\u00e4tze an der Carl-Orff-Schule Taxi-Parkplatz: Die Taxis unserer Sch\u00fclerinnen und Sch\u00fcler nutzen den Platz, der hinter der Schule an den Schulhof und den Sportplatz grenzt. Die Sch\u00fclerinnen [&hellip;]<\/p>\n","protected":false},"author":910,"featured_media":0,"parent":0,"menu_order":0,"comment_status":"closed","ping_status":"closed","template":"","meta":{"footnotes":""},"class_list":["post-250","page","type-page","status-publish","hentry"],"_links":{"self":[{"href":"https:\/\/wordpress.nibis.de\/cosli\/wp-json\/wp\/v2\/pages\/250","targetHints":{"allow":["GET"]}}],"collection":[{"href":"https:\/\/wordpress.nibis.de\/cosli\/wp-json\/wp\/v2\/pages"}],"about":[{"href":"https:\/\/wordpress.nibis.de\/cosli\/wp-json\/wp\/v2\/types\/page"}],"author":[{"embeddable":true,"href":"https:\/\/wordpress.nibis.de\/cosli\/wp-json\/wp\/v2\/users\/910"}],"replies":[{"embeddable":true,"href":"https:\/\/wordpress.nibis.de\/cosli\/wp-json\/wp\/v2\/comments?post=250"}],"version-history":[{"count":5,"href":"https:\/\/wordpress.nibis.de\/cosli\/wp-json\/wp\/v2\/pages\/250\/revisions"}],"predecessor-version":[{"id":665,"href":"https:\/\/wordpress.nibis.de\/cosli\/wp-json\/wp\/v2\/pages\/250\/revisions\/665"}],"wp:attachment":[{"href":"https:\/\/wordpress.nibis.de\/cosli\/wp-json\/wp\/v2\/media?parent=250"}],"curies":[{"name":"wp","href":"https:\/\/api.w.org\/{rel}","templated":true}]}}