{"id":270,"date":"2016-02-25T16:29:48","date_gmt":"2016-02-25T15:29:48","guid":{"rendered":"http:\/\/wordpress.nibis.de\/cosli\/?page_id=270"},"modified":"2025-08-26T20:14:39","modified_gmt":"2025-08-26T18:14:39","slug":"beitrittserklaerung","status":"publish","type":"page","link":"https:\/\/wordpress.nibis.de\/cosli\/beitrittserklaerung\/","title":{"rendered":"Beitrittserkl\u00e4rung"},"content":{"rendered":"<p><span style=\"font-family: arial,helvetica,sans-serif;font-size: 14pt\">Werden Sie aktiv!<br \/><\/span><span style=\"font-family: arial,helvetica,sans-serif;font-size: 14pt\">Unterst\u00fctzen Sie unsere Arbeit durch ihre Mitgliedschaft!<\/span><\/p>\n<p><span style=\"font-family: arial,helvetica,sans-serif;font-size: 14pt\">F\u00fcllen Sie die Beitrittserkl\u00e4rung aus\u00a0und schicken diese per E-Mail an: <a href=\"&#109;&#x61;&#x69;l&#116;&#x6f;:&#105;&#x6e;f&#111;&#x40;c&#111;&#x73;&#x6c;&#105;&#x2e;&#x6e;e&#116;\">&#x69;&#x6e;&#x66;&#x6f;&#x40;&#x63;&#x6f;&#x73;&#x6c;&#x69;&#x2e;&#x6e;&#x65;&#x74;<\/a><br \/>oder per Post an:\u00a0\u00a0<\/span><\/p>\n<p><span style=\"font-family: arial,helvetica,sans-serif;font-size: 14pt\"><span style=\"font-family: arial,helvetica,sans-serif;font-size: 14pt\">F\u00f6rderverein &#8222;Gut H\u00f6ren &#8211; Gut Sprechen&#8220;<\/span><\/span><\/p>\n<p>der Carl-Orff-Schule<\/p>\n<p>-F\u00f6rderschule H\u00f6ren und Sprache\u00a0<\/p>\n<p>Duisenburger Str. 24, 49811 Lingen\u00a0<\/p>\n<p>\u00a0<\/p>\n<p><span style=\"font-family: arial,helvetica,sans-serif;font-size: 14pt\"><a href=\"http:\/\/wordpress.nibis.de\/cosli\/files\/2016\/02\/Beitrittserkl\u00e4rung-F\u00f6rderverein.docx\" rel=\"\">Beitrittserkl\u00e4rung F\u00f6rderverein<\/a>\u00a0(Word-Dokument)<\/span><\/p>\n<p><span style=\"font-family: arial,helvetica,sans-serif;font-size: 14pt\">\u00a0<\/span><\/p>\n\n\n<div data-wp-interactive=\"core\/file\" class=\"wp-block-file\"><object data-wp-bind--hidden=\"!state.hasPdfPreview\" hidden class=\"wp-block-file__embed\" data=\"https:\/\/wordpress.nibis.de\/cosli\/files\/2025\/05\/Beitrittserklaerung-Foerderverein.pdf\" type=\"application\/pdf\" style=\"width:100%;height:360px\" aria-label=\"Einbettung von Einbettung von Beitrittserklaerung-Foerderverein..\"><\/object><a id=\"wp-block-file--media-f6123d5d-3650-4417-a35b-596688bef30d\" href=\"https:\/\/wordpress.nibis.de\/cosli\/files\/2025\/05\/Beitrittserklaerung-Foerderverein.pdf\">Beitrittserklaerung-Foerderverein<\/a><a href=\"https:\/\/wordpress.nibis.de\/cosli\/files\/2025\/05\/Beitrittserklaerung-Foerderverein.pdf\" class=\"wp-block-file__button\" download aria-describedby=\"wp-block-file--media-f6123d5d-3650-4417-a35b-596688bef30d\">Herunterladen<\/a><\/div>\n","protected":false},"excerpt":{"rendered":"<p>Werden Sie aktiv!Unterst\u00fctzen Sie unsere Arbeit durch ihre Mitgliedschaft! F\u00fcllen Sie die Beitrittserkl\u00e4rung aus\u00a0und schicken diese per E-Mail an: &#105;&#x6e;&#x66;o&#64;&#x63;o&#115;&#x6c;&#x69;&#46;&#110;&#x65;toder per Post an:\u00a0\u00a0 F\u00f6rderverein &#8222;Gut H\u00f6ren &#8211; Gut Sprechen&#8220; der Carl-Orff-Schule -F\u00f6rderschule H\u00f6ren und Sprache\u00a0 Duisenburger Str. 24, 49811 Lingen\u00a0 \u00a0 Beitrittserkl\u00e4rung F\u00f6rderverein\u00a0(Word-Dokument) \u00a0<\/p>\n","protected":false},"author":910,"featured_media":0,"parent":0,"menu_order":0,"comment_status":"closed","ping_status":"closed","template":"","meta":{"footnotes":""},"class_list":["post-270","page","type-page","status-publish","hentry"],"_links":{"self":[{"href":"https:\/\/wordpress.nibis.de\/cosli\/wp-json\/wp\/v2\/pages\/270","targetHints":{"allow":["GET"]}}],"collection":[{"href":"https:\/\/wordpress.nibis.de\/cosli\/wp-json\/wp\/v2\/pages"}],"about":[{"href":"https:\/\/wordpress.nibis.de\/cosli\/wp-json\/wp\/v2\/types\/page"}],"author":[{"embeddable":true,"href":"https:\/\/wordpress.nibis.de\/cosli\/wp-json\/wp\/v2\/users\/910"}],"replies":[{"embeddable":true,"href":"https:\/\/wordpress.nibis.de\/cosli\/wp-json\/wp\/v2\/comments?post=270"}],"version-history":[{"count":8,"href":"https:\/\/wordpress.nibis.de\/cosli\/wp-json\/wp\/v2\/pages\/270\/revisions"}],"predecessor-version":[{"id":1235,"href":"https:\/\/wordpress.nibis.de\/cosli\/wp-json\/wp\/v2\/pages\/270\/revisions\/1235"}],"wp:attachment":[{"href":"https:\/\/wordpress.nibis.de\/cosli\/wp-json\/wp\/v2\/media?parent=270"}],"curies":[{"name":"wp","href":"https:\/\/api.w.org\/{rel}","templated":true}]}}