{"id":498,"date":"2018-06-06T13:29:54","date_gmt":"2018-06-06T11:29:54","guid":{"rendered":"http:\/\/wordpress.nibis.de\/cosli\/?page_id=498"},"modified":"2019-09-23T21:41:21","modified_gmt":"2019-09-23T19:41:21","slug":"allgemeines","status":"publish","type":"page","link":"https:\/\/wordpress.nibis.de\/cosli\/allgemeines\/","title":{"rendered":"Mobile Dienste"},"content":{"rendered":"<p><span style=\"font-family: arial,helvetica,sans-serif;font-size: 14pt\">Lehrkr\u00e4fte der Carl-Orff-Schule betreuen Sch\u00fclerinnen und Sch\u00fcler mit einem Bedarf an sonderp\u00e4dagogischer Unterst\u00fctzung in den F\u00f6rderschwerpunkten H\u00f6ren sowie k\u00f6rperliche und motorische Entwicklung an anderen allgemein bildenden Schulen. Dar\u00fcber hinaus arbeiten sie in inklusiven Settings in Grund- und Oberschulen.<\/span><\/p>\n<p><span style=\"font-family: arial,helvetica,sans-serif;font-size: 14pt\">Die Aufgaben der Mobilen Dienste umfassen die Beratung und Unterst\u00fctzung der Schulen in Fragen r\u00e4umlicher, s\u00e4chlicher, sonderp\u00e4dagogischer, didaktisch-methodischer und unterrichtsorganisatorischer Ma\u00dfnahmen. Zudem k\u00f6nnen die Eltern hinsichtlich p\u00e4dagogischer, sozialer und administrativer Fragen beraten werden.<\/span><\/p>\n","protected":false},"excerpt":{"rendered":"<p>Lehrkr\u00e4fte der Carl-Orff-Schule betreuen Sch\u00fclerinnen und Sch\u00fcler mit einem Bedarf an sonderp\u00e4dagogischer Unterst\u00fctzung in den F\u00f6rderschwerpunkten H\u00f6ren sowie k\u00f6rperliche und motorische Entwicklung an anderen allgemein bildenden Schulen. Dar\u00fcber hinaus arbeiten sie in inklusiven Settings in Grund- und Oberschulen. Die Aufgaben der Mobilen Dienste umfassen die Beratung und Unterst\u00fctzung der Schulen in Fragen r\u00e4umlicher, s\u00e4chlicher, sonderp\u00e4dagogischer, [&hellip;]<\/p>\n","protected":false},"author":910,"featured_media":0,"parent":0,"menu_order":0,"comment_status":"closed","ping_status":"closed","template":"","meta":{"footnotes":""},"class_list":["post-498","page","type-page","status-publish","hentry"],"_links":{"self":[{"href":"https:\/\/wordpress.nibis.de\/cosli\/wp-json\/wp\/v2\/pages\/498","targetHints":{"allow":["GET"]}}],"collection":[{"href":"https:\/\/wordpress.nibis.de\/cosli\/wp-json\/wp\/v2\/pages"}],"about":[{"href":"https:\/\/wordpress.nibis.de\/cosli\/wp-json\/wp\/v2\/types\/page"}],"author":[{"embeddable":true,"href":"https:\/\/wordpress.nibis.de\/cosli\/wp-json\/wp\/v2\/users\/910"}],"replies":[{"embeddable":true,"href":"https:\/\/wordpress.nibis.de\/cosli\/wp-json\/wp\/v2\/comments?post=498"}],"version-history":[{"count":8,"href":"https:\/\/wordpress.nibis.de\/cosli\/wp-json\/wp\/v2\/pages\/498\/revisions"}],"predecessor-version":[{"id":663,"href":"https:\/\/wordpress.nibis.de\/cosli\/wp-json\/wp\/v2\/pages\/498\/revisions\/663"}],"wp:attachment":[{"href":"https:\/\/wordpress.nibis.de\/cosli\/wp-json\/wp\/v2\/media?parent=498"}],"curies":[{"name":"wp","href":"https:\/\/api.w.org\/{rel}","templated":true}]}}