{"id":87,"date":"2016-02-24T14:22:15","date_gmt":"2016-02-24T13:22:15","guid":{"rendered":"http:\/\/wordpress.nibis.de\/cosli\/?page_id=87"},"modified":"2019-04-23T13:09:56","modified_gmt":"2019-04-23T11:09:56","slug":"geschichte","status":"publish","type":"page","link":"https:\/\/wordpress.nibis.de\/cosli\/geschichte\/","title":{"rendered":"Geschichte"},"content":{"rendered":"<div class=\"csc-header csc-header-n1\">\n<p class=\"csc-firstHeader\"><span style=\"font-family: arial,helvetica,sans-serif;font-size: 14pt\">Seit 1976 gibt es die Schule f\u00fcr Sprachbehinderte in Lingen-Br\u00f6gbern, die Schule f\u00fcr Schwerh\u00f6rige folgte ein Jahr sp\u00e4ter.<br \/>\nErster Schulleiter war von 1976 bis 1992 Edmund F\u00f6rstermann, der sich schon seit 1967 f\u00fcr die Gr\u00fcndung einer &#8222;Sprachheilschule&#8220; eingesetzt hatte. Hermann Heynck \u00fcbernahm 1993 die Schulleitung.<br \/>\nSeit 1997 tr\u00e4gt die Schule den Namen Carl-Orff-Schule.<br \/>\nDie derzeitige Schulleiterin Regina Hannemann ist seit 2017 eingesetzt.<br \/>\n<\/span><span style=\"font-family: arial,helvetica,sans-serif;font-size: 14pt\"><br \/>\n<\/span><span style=\"font-family: arial,helvetica,sans-serif;font-size: 14pt\">Der Gr\u00fcndung vorausgegangen waren seit 1967 zahlreiche Bem\u00fchungen des damaligen Sonderschullehrers Edmund F\u00f6rstermann, f\u00fcr sprachbehinderte Kinder im Altkreis Lingen ein entsprechendes schulisches Angebot zu schaffen. Unterst\u00fctzung erhielt er durch eine Elterninitiative (heute: F\u00f6rderverein GUT H\u00d6REN \u2013 GUT SPRECHEN), die sich f\u00fcr eine wohnortnahe Beschulung ihrer h\u00f6rgesch\u00e4digten Kinder einsetzte. <\/span><\/p>\n<p class=\"csc-firstHeader\"><span style=\"font-size: 14pt;font-family: arial,helvetica,sans-serif\">Am 14. Juni 1976 wird dann auf Antrag der Stadt Lingen die Einrichtung einer Schule f\u00fcr Sprachbehinderte mit den Klassen 1 bis 4 durch den Kreistag des damaligen Landkreises Lingen beschlossen. <\/span><br \/>\n<span style=\"font-size: 14pt;font-family: arial,helvetica,sans-serif\">Der Lingener Ortsteil Br\u00f6gbern wird zum Standort der neuen Schule.<\/span><br \/>\n<span style=\"font-size: 14pt;font-family: arial,helvetica,sans-serif\">Zum Schuljahr 1977\/78 wird dann die erste Klasse f\u00fcr schwerh\u00f6rige Sch\u00fclerinnen und Sch\u00fcler eingerichtet.<\/span><br \/>\n<span style=\"font-size: 14pt;font-family: arial,helvetica,sans-serif\">Die Genehmigung f\u00fcr eine Vorklasse an der Schule f\u00fcr Sprachbehinderte und Schwerh\u00f6rige wird zum Schuljahresbeginn 1980\/81 erteilt. <\/span><\/p>\n<p><span style=\"font-family: arial,helvetica,sans-serif;font-size: 14pt\">Ein weiteres wichtiges Angebot zur F\u00f6rderung sprachbehinderter Kinder wird mit der Einrichtung eines Schulkindergartens (unter Aufgabe der Vorklasse) zum Schuljahr 1994\/95 geschaffen. Ebenso \u00fcbernimmt die Schule ab diesem Schuljahr den Sprachsonderunterricht zur F\u00f6rderung sprachbeeintr\u00e4chtigter Sch\u00fclerinnen und Sch\u00fcler in den Lingener Grundschulen. Dieses Instrument wird ebenso zur F\u00f6rderung h\u00f6rgesch\u00e4digter Sch\u00fclerinnen und Sch\u00fcler genutzt (Vorl\u00e4ufer des Mobilen Dienstes H\u00f6ren).<br \/>\n<\/span><\/p>\n<p><span style=\"font-family: arial,helvetica,sans-serif;font-size: 14pt\">Am 12. Mai 1997 unterschreiben die Gesamtschule Emsland und die Schule f\u00fcr sprachbehinderte und schwerh\u00f6rige Sch\u00fclerinnen und Sch\u00fcler den ersten Kooperationsvertrag, dem 14 weitere Vertr\u00e4ge mit den Lingener Grundschulen folgen sollen (Vorl\u00e4ufer des RIK Lingen).<\/span><\/p>\n<p><span style=\"font-family: arial,helvetica,sans-serif;font-size: 14pt\">Seit dem Schuljahr 1997\/98 tr\u00e4gt die Schule f\u00fcr Sprachbehinderte und Schwerh\u00f6rige einen eigenen Namen: Carl-Orff-Schule. Hiermit wird der deutsche Komponist geehrt und seine Bedeutung f\u00fcr die Einheit von Musik, Sprache und Bewegung, die in seinem Orff\u00b4schen Schulwerk besonders deutlich wird, hervorgehoben.<\/span><\/p>\n<\/div>\n<p><span style=\"font-size: 14pt;font-family: arial,helvetica,sans-serif\">Ebenso zu Beginn dieses Schuljahres wird die Carl-Orff-Schule mit der Wahrnehmung des Mobilen Dienstes H\u00f6ren im Emsland und der Grafschaft Bentheim im Primarbereich der allgemeinen Schulen beauftragt. Die Mobilen Dienste K\u00f6rperliche und Motorische Entwicklung (1998) und Sehen (2005) folgen.<\/span><br \/>\n<span style=\"font-size: 14pt;font-family: arial,helvetica,sans-serif\">Am 29. Oktober 1999 kann die Carl-Orff-Schule dank der Spende (Audiometrieger\u00e4t) des F\u00f6rdervereins endlich in einem entsprechend ausgestatteten Raum die p\u00e4dagogisch audiologische Diagnostik durchf\u00fchren.<\/span><br \/>\n<span style=\"font-size: 14pt;font-family: arial,helvetica,sans-serif\">Seit dem Schuljahr 2000\/2001 beginnen zwei KollegInnen in einer doppelt gro\u00dfen Lerngruppe ihre gemeinsame Teamarbeit zur Verwirklichung individualisierten und differenzierten Lernens in heterogenen Lerngruppen. <\/span><br \/>\n<span style=\"font-size: 14pt;font-family: arial,helvetica,sans-serif\">In den Folgejahren folgen die anderen Kolleginnen diesem Beispiel, so dass bald alle Sch\u00fclerinnen und Sch\u00fcler von diesem engagierten und fortschrittlichen Unterrichten profitieren. Die R\u00fcckf\u00fchrung in die Heimatgrundschule kann so fr\u00fcher und qualifizierter erfolgen. <\/span><br \/>\n<span style=\"font-size: 14pt;font-family: arial,helvetica,sans-serif\">Zum Schuljahresbeginn 2007\/2008 wird so auch formal die Schuleingangsstufe (unter Aufgabe des Schulkindergartens) an der Carl-Orff-Schule eingef\u00fchrt.<\/span><br \/>\n<span style=\"font-size: 14pt;font-family: arial,helvetica,sans-serif\">Seit dem Schuljahr 2004\/2005 nimmt die Carl-Orff-Schule an vier COMENIUS-Projekten (Programm der Europ\u00e4ischen Union mit dem Ziel, die Zusammenarbeit von Schulen innerhalb der Europ\u00e4ischen Union sowie die Mobilit\u00e4t von Sch\u00fclern und Lehrern zu f\u00f6rdern) bis 2014 teil.<\/span><br \/>\n<span style=\"font-size: 14pt;font-family: arial,helvetica,sans-serif\">KollegInnen der Carl-Orff-Schule arbeiten in den Schuljahren 2007\/2008 bis 2012\/2013 im bundesweiten SINUS-Projekt zur Verbesserung des mathematischen und naturwissenschaftlichen Unterrichts in den Grundschulen teil.<\/span><br \/>\n<span style=\"font-size: 14pt;font-family: arial,helvetica,sans-serif\">Eine Schulgesetznovelle 2007 f\u00fchrt zur Umbenennung der Sonderschulen in F\u00f6rderschulen. Diesem Paradigmenwechsel folgend wird aus der Schule f\u00fcr Sprachbehinderte und Schwerh\u00f6rige die F\u00f6rderschule H\u00f6ren und Sprache.<\/span><br \/>\n<span style=\"font-size: 14pt;font-family: arial,helvetica,sans-serif\">Der Mobile Dienst H\u00f6ren durch die Carl-Orff-Schule wird zum Schuljahr 2008\/2009 auf die Sekundarstufen der allgemeinen Schulen im Emsland und in der Grafschaft Bentheim ausgeweitet.<\/span><br \/>\n<span style=\"font-size: 14pt;font-family: arial,helvetica,sans-serif\">Seit dem Schuljahr 2011\/2012 werden alle sonderp\u00e4dagogischen unterst\u00fctzenden Ma\u00dfnahmen (der Carl-Orff-Schule und der Pestalozzischule Lingen) in den anderen allgemeinbildenden Schulen in das Regionale Integrationskonzept der Stadt Lingen zusammengefasst. <\/span><\/p>\n<p><span style=\"font-family: arial,helvetica,sans-serif;font-size: 14pt\">Ende&nbsp;Januar 2015 wurde der langj\u00e4hrige F\u00f6rderschulleiter Hermann Heynck mit einer Feierstunde im Heimathaus Br\u00f6gbern in den Ruhestand verabschiedet. Seit Februar 2015 steht der Carl-Orff-Schule die F\u00f6rderschulleiterin Regina Hannemann vor.<\/span><\/p>\n<p><span style=\"font-size: 14pt;font-family: arial,helvetica,sans-serif\">Im September 2016 feierte die Carl-Orff-Schule ihr 40j\u00e4hriges Bestehen. <\/span><\/p>\n<p><span style=\"font-size: 14pt;font-family: arial,helvetica,sans-serif\">Im Mai 2017 feierte Regina Hannemann ihre offizielle Einf\u00fchrung in das Amt der Schulleiterin. Bettina Wichmann wurde im Juli 2018 im Amt der Konrektorin begr\u00fc\u00dft.<\/span><\/p>\n","protected":false},"excerpt":{"rendered":"<p>Seit 1976 gibt es die Schule f\u00fcr Sprachbehinderte in Lingen-Br\u00f6gbern, die Schule f\u00fcr Schwerh\u00f6rige folgte ein Jahr sp\u00e4ter. Erster Schulleiter war von 1976 bis 1992 Edmund F\u00f6rstermann, der sich schon seit 1967 f\u00fcr die Gr\u00fcndung einer &#8222;Sprachheilschule&#8220; eingesetzt hatte. Hermann Heynck \u00fcbernahm 1993 die Schulleitung. Seit 1997 tr\u00e4gt die Schule den Namen Carl-Orff-Schule. Die derzeitige [&hellip;]<\/p>\n","protected":false},"author":910,"featured_media":0,"parent":0,"menu_order":0,"comment_status":"closed","ping_status":"closed","template":"","meta":{"footnotes":""},"class_list":["post-87","page","type-page","status-publish","hentry"],"_links":{"self":[{"href":"https:\/\/wordpress.nibis.de\/cosli\/wp-json\/wp\/v2\/pages\/87","targetHints":{"allow":["GET"]}}],"collection":[{"href":"https:\/\/wordpress.nibis.de\/cosli\/wp-json\/wp\/v2\/pages"}],"about":[{"href":"https:\/\/wordpress.nibis.de\/cosli\/wp-json\/wp\/v2\/types\/page"}],"author":[{"embeddable":true,"href":"https:\/\/wordpress.nibis.de\/cosli\/wp-json\/wp\/v2\/users\/910"}],"replies":[{"embeddable":true,"href":"https:\/\/wordpress.nibis.de\/cosli\/wp-json\/wp\/v2\/comments?post=87"}],"version-history":[{"count":13,"href":"https:\/\/wordpress.nibis.de\/cosli\/wp-json\/wp\/v2\/pages\/87\/revisions"}],"predecessor-version":[{"id":628,"href":"https:\/\/wordpress.nibis.de\/cosli\/wp-json\/wp\/v2\/pages\/87\/revisions\/628"}],"wp:attachment":[{"href":"https:\/\/wordpress.nibis.de\/cosli\/wp-json\/wp\/v2\/media?parent=87"}],"curies":[{"name":"wp","href":"https:\/\/api.w.org\/{rel}","templated":true}]}}