{"id":121,"date":"2019-04-24T01:04:06","date_gmt":"2019-04-23T23:04:06","guid":{"rendered":"https:\/\/wordpress.nibis.de\/dbrs\/?page_id=121"},"modified":"2024-02-26T12:59:01","modified_gmt":"2024-02-26T11:59:01","slug":"verwaltung","status":"publish","type":"page","link":"https:\/\/wordpress.nibis.de\/dbrs\/verwaltung\/","title":{"rendered":"Verwaltung"},"content":{"rendered":"<p><strong><img loading=\"lazy\" decoding=\"async\" class=\"wp-image-825 size-thumbnail alignright\" src=\"https:\/\/wordpress.nibis.de\/dbrs\/files\/2021\/05\/Secretariat-250x141.jpg\" alt=\"\" width=\"250\" height=\"141\" srcset=\"https:\/\/wordpress.nibis.de\/dbrs\/files\/2021\/05\/Secretariat-250x141.jpg 250w, https:\/\/wordpress.nibis.de\/dbrs\/files\/2021\/05\/Secretariat-850x478.jpg 850w\" sizes=\"auto, (max-width: 250px) 100vw, 250px\" \/>Sekretariat im Haupthaus:<\/strong><\/p>\n<p>Frau Pinther &#8211; Telefon: +49 511 168 49118<\/p>\n<p>Frau H\u00f6lscher &#8211; Telefon: +49 511 168 48358<\/p>\n<p>E-Mail: &#x64;i&#x65;&#116;r&#x69;&#99;&#x68;&#x2d;b&#x6f;&#110;h&#x6f;&#101;&#x66;&#102;e&#x72;&#45;r&#x65;&#97;&#x6c;&#115;c&#x68;&#117;&#x6c;&#x65;&#64;&#x68;&#97;n&#x6e;&#111;&#x76;&#x65;r&#x2d;&#115;t&#x61;&#100;&#x74;&#46;d&#x65;<\/p>\n<p>Fax: +49 511 168 49201<\/p>\n<p>Gesch\u00e4ftszeiten:<\/p>\n<p>Mo &#8211; Do: 8.00 &#8211; 13.00 Uhr<\/p>\n<p>Fr: 8.00 &#8211; 12.30 Uhr<\/p>\n<p><strong>Sekretariat in der Au\u00dfenstelle:<\/strong><\/p>\n<p>Frau H\u00e4nsch &#8211; Telefon: +49 511 168 39730<\/p>\n<p>E-Mail: &#x64;&#x69;&#101;&#116;r&#x69;&#x63;&#x68;&#45;&#98;o&#x6e;&#x68;&#x6f;&#101;&#102;f&#x65;&#x72;&#x2d;&#114;&#101;a&#x6c;&#x73;&#x63;&#104;ul&#x65;&#x40;&#x68;&#97;nn&#x6f;&#x76;&#101;&#114;-s&#x74;&#x61;&#100;&#116;&#46;d&#x65;<\/p>\n<p>Fax: +49 511 168 33659<\/p>\n<p>Gesch\u00e4ftszeiten:<\/p>\n<p>Mo &#8211; Fr: 8.00 &#8211; 12.00 Uhr<\/p>\n<p><strong>Hausmeister im Haupthaus:<\/strong><\/p>\n<p>Herr Bazelak &#8211; Telefon: +49 511 168 49119<\/p>\n<p>E-Mail: &#x66;&#x72;&#x61;&#110;&#107;&#46;b&#x61;&#x7a;&#x65;&#108;&#97;k&#64;&#x68;&#x61;&#x6e;&#110;&#111;ve&#x72;&#x2d;&#x73;&#116;&#97;dt&#x2e;&#x64;&#x65;<\/p>\n<p><strong>Hausmeister in der Au\u00dfenstelle:<\/strong><\/p>\n<p>Herr Klimmek &#8211; Telefon: +49 511 168 49107<\/p>\n<p>E-Mail: &#x6d;&#x69;&#x63;&#x68;&#97;&#101;&#108;&#46;kli&#x6d;&#x6d;&#x65;&#x6b;&#x40;&#104;&#97;&#110;nov&#x65;&#x72;&#x2d;&#x73;&#x74;&#97;&#100;&#116;&#46;de<\/p>\n","protected":false},"excerpt":{"rendered":"<p>Sekretariat im Haupthaus: Frau Pinther &#8211; Telefon: +49 511 168 49118 Frau H\u00f6lscher &#8211; Telefon: +49 511 168 48358 E-Mail: di&#101;&#116;&#114;&#x69;&#x63;&#x68;&#x2d;bo&#110;&#104;&#111;&#x65;&#x66;&#x66;&#x65;r-&#114;&#101;&#97;&#x6c;&#x73;&#x63;&#x68;ul&#101;&#64;&#104;&#x61;&#x6e;&#x6e;&#x6f;ve&#114;&#45;&#115;&#x74;&#x61;&#x64;&#x74;&#46;d&#101; Fax: +49 511 168 49201 Gesch\u00e4ftszeiten: Mo &#8211; Do: 8.00 &#8211; 13.00 Uhr Fr: 8.00 &#8211; 12.30 Uhr Sekretariat in der Au\u00dfenstelle: Frau H\u00e4nsch &#8211; Telefon: +49 511 168 39730 E-Mail: &#x64;i&#x65;&#116;r&#x69;&#99;&#x68;&#45;b&#x6f;&#110;&#x68;&#111;e&#x66;&#102;&#x65;&#x72;-&#x72;&#101;a&#x6c;&#115;&#x63;&#104;u&#x6c;&#101;&#x40;&#104;a&#x6e;&#110;&#x6f;&#x76;e&#x72;&#45;s&#x74;a&#x64;&#116;&#46;&#x64;&#101; Fax: +49 [&hellip;]<\/p>\n","protected":false},"author":9192896,"featured_media":56,"parent":0,"menu_order":0,"comment_status":"closed","ping_status":"closed","template":"","meta":{"footnotes":""},"class_list":["post-121","page","type-page","status-publish","has-post-thumbnail","hentry"],"_links":{"self":[{"href":"https:\/\/wordpress.nibis.de\/dbrs\/wp-json\/wp\/v2\/pages\/121","targetHints":{"allow":["GET"]}}],"collection":[{"href":"https:\/\/wordpress.nibis.de\/dbrs\/wp-json\/wp\/v2\/pages"}],"about":[{"href":"https:\/\/wordpress.nibis.de\/dbrs\/wp-json\/wp\/v2\/types\/page"}],"author":[{"embeddable":true,"href":"https:\/\/wordpress.nibis.de\/dbrs\/wp-json\/wp\/v2\/users\/9192896"}],"replies":[{"embeddable":true,"href":"https:\/\/wordpress.nibis.de\/dbrs\/wp-json\/wp\/v2\/comments?post=121"}],"version-history":[{"count":12,"href":"https:\/\/wordpress.nibis.de\/dbrs\/wp-json\/wp\/v2\/pages\/121\/revisions"}],"predecessor-version":[{"id":1211,"href":"https:\/\/wordpress.nibis.de\/dbrs\/wp-json\/wp\/v2\/pages\/121\/revisions\/1211"}],"wp:featuredmedia":[{"embeddable":true,"href":"https:\/\/wordpress.nibis.de\/dbrs\/wp-json\/wp\/v2\/media\/56"}],"wp:attachment":[{"href":"https:\/\/wordpress.nibis.de\/dbrs\/wp-json\/wp\/v2\/media?parent=121"}],"curies":[{"name":"wp","href":"https:\/\/api.w.org\/{rel}","templated":true}]}}