{"id":122,"date":"2019-04-24T01:04:06","date_gmt":"2019-04-23T23:04:06","guid":{"rendered":"https:\/\/wordpress.nibis.de\/dbrs\/?page_id=122"},"modified":"2024-09-17T14:34:38","modified_gmt":"2024-09-17T12:34:38","slug":"foederverein","status":"publish","type":"page","link":"https:\/\/wordpress.nibis.de\/dbrs\/foederverein\/","title":{"rendered":"F\u00f6rderverein"},"content":{"rendered":"<p style=\"text-align: center\"><strong>Man kann nicht allen helfen,<\/strong><\/p>\n<p style=\"text-align: center\"><strong>sagen manche Leute<\/strong><\/p>\n<p style=\"text-align: center\"><strong>und helfen keinem.<\/strong><\/p>\n<p><strong>Was macht der F\u00f6rderverein der Dietrich-Bonhoeffer-Realschule?<\/strong><\/p>\n<p>Der F\u00f6rderverein der DBR hat sich das Ziel gesetzt, die Schule bei der <strong>Bildung und Erziehung seiner Sch\u00fclerinnen und Sch\u00fcler<\/strong> <strong>zu unterst\u00fctzen<\/strong>, die <strong>Ausstattung der Schule und die schulische Einrichtung zu verbessern sowie Sch\u00fclerinnen und Sch\u00fcler im Rahmen des schulischen Lebens zu f\u00f6rdern<\/strong>. Unser F\u00f6rderverein ist ein eingetragener, gemeinn\u00fctzig anerkannter Verein.<\/p>\n<p>F\u00fcr die Schule w\u00e4re es ein gutes Signal, wenn alle Eltern unserer Schule Mitglieder im F\u00f6rderverein werden. Es ist gut f\u00fcr unsere Schule, wenn m\u00f6glichst viele Eltern (und nat\u00fcrlich auch gerne Gro\u00dfeltern und Verwandte) Mitglieder im F\u00f6rderverein werden. Gemeinsam k\u00f6nnen wir viel bewegen! Der Verein braucht Ihre Unterst\u00fctzung und Ihre Ideen.<\/p>\n<p><strong>Warum ist der F\u00f6rderverein so wichtig f\u00fcr unsere Kinder und die Schule?<\/strong><\/p>\n<p>Der F\u00f6rderverein tritt schnell und unb\u00fcrokratisch dort ein, wo Geldmittel fehlen, unabh\u00e4ngig davon, ob es sich dabei um einen einzelnen Sch\u00fcler, eine ganze Klasse oder unsere Schule handelt.<\/p>\n<p>Jedes Kind kann durch den F\u00f6rderverein die M\u00f6glichkeit erhalten, an allen Veranstaltungen, wie z.B. Ausfl\u00fcgen oder Klassenfahrten, teilzunehmen. Der F\u00f6rderverein finanziert im 5. Jahrgang die Schulplaner f\u00fcr alle 5. Kl\u00e4ssler.<\/p>\n<p><strong>F\u00fcr diese und viele andere Aufgaben brauchen wir Hilfe!<\/strong><\/p>\n<p>Mit einem kleinen Jahresbeitrag von mindestens 15 \u20ac k\u00f6nnen Sie dazu beitragen, dass Ihr Kind und unsere Schule gef\u00f6rdert und unterst\u00fctzt wird. Auch Spenden sind herzlich willkommen.<\/p>\n<p><strong>Was leistet der F\u00f6rderverein im Einzelnen?<\/strong><\/p>\n<p>Durch Ihre Beitr\u00e4ge und Spenden unterst\u00fctzt der F\u00f6rderverein unsere Schule bei der Finanzierung von:<\/p>\n<ul>\n<li>Kosten f\u00fcr den Besuch au\u00dferschulischer Lernorte (z.B. f\u00fcr den Besuch des Schwimmbades im Rahmen des Schwimmunterrichts)<\/li>\n<li>Eigenbeitr\u00e4gen f\u00fcr die Durchf\u00fchrung von Projekten, z.B. zur Suchtpr\u00e4vention, zur Berufsorientierung oder zur Erziehung zu nachhaltigem, ressourcen-schonendem Handeln<\/li>\n<li>Projektwochen und den daf\u00fcr ben\u00f6tigten Materialien<\/li>\n<li>Veranstaltungen der Klassen wie z. B. bei Theaterbesuchen, dem Lesewettbewerb, bei Klassenfahrten, Abschiedsfeiern, Ausfl\u00fcgen etc.<\/li>\n<li>Schulfesten, Sponsorenl\u00e4ufen etc.<\/li>\n<\/ul>\n<p><strong>F\u00fcr diese Aufgaben brauchen wir Ihre Hilfe!<\/strong><br \/>\nDer F\u00f6rderverein setzt sich daf\u00fcr ein, dass kein Kind aus finanziellen Gr\u00fcnden schulischen Veranstaltungen (z. Ausfl\u00fcgen oder Klassenfahrten) fernbleiben muss.<\/p>\n<p><strong>Wie werden Sie Mitglied?<br \/>\n<\/strong>Sie f\u00fcllen den gelben Mitgliedsantrag im Schulplaner Ihres Kindes aus und geben Ihn \u00fcber Ihr Kind im Sekretariat ab.<\/p>\n<ul>\n<li>Die H\u00f6he des j\u00e4hrlichen Mindestbeitrags betr\u00e4gt 15 \u20ac.<\/li>\n<\/ul>\n<p><strong>Wir freuen uns aber auch \u00fcber jede noch so kleine Spende! Daf\u00fcr m\u00fcssen Sie nicht Mitglied im F\u00f6rderverein werden.<\/strong><br \/>\n<strong>Wie k\u00f6nnen Sie spenden?<\/strong><\/p>\n<p><em>F\u00f6rderverein der Dietrich-Bonhoeffer-Realschule<br \/>\nStadtsparkasse Hannover<br \/>\n<\/em><strong><em>IBAN: \u00a0\u00a0\u00a0\u00a0 DE29 2505 0180 0000 5628 58<\/em><\/strong><\/p>\n<p><strong><em>BIC: \u00a0\u00a0\u00a0\u00a0\u00a0\u00a0\u00a0 SPKHDE2HXXX\u00a0\u00a0\u00a0\u00a0\u00a0 <\/em><\/strong><\/p>\n<p><strong>Dar\u00fcber hinaus freuen wir uns<\/strong><br \/>\n\u00fcber Ihre Vorschl\u00e4ge, Anregungen und Ihre konstruktive Kritik an unserer Arbeit. Vielleicht wollen Sie auch mitarbeiten? Sie sind ganz herzlich willkommen!<\/p>\n<p><strong>Haben Sie noch Fragen, Ideen, Anregungen?<\/strong><br \/>\nDer Vorstand des F\u00f6rdervereins beantwortet sie Ihnen gerne!<\/p>\n<p>E-Mail: &#x66;&#x6f;&#x65;&#x72;&#x64;&#x65;&#x72;&#x76;&#101;&#114;&#101;&#105;&#110;&#68;&#66;R&#64;50&#x31;&#x2e;&#x73;&#x63;&#x68;&#x75;&#x6c;&#x65;&#x6e;&#45;&#104;&#97;&#110;&#110;&#111;&#118;er&#46;d&#x65;<\/p>\n<p>Mit freundlichen Gr\u00fc\u00dfen verabschiedet sich der Vorstand:<\/p>\n<table style=\"border-collapse: collapse;width: 92.9762%\">\n<tbody>\n<tr>\n<td style=\"width: 19.3982%\"><strong>Vorsitzende:<\/strong><\/td>\n<td style=\"width: 73.578%\">Frau Wesch (Lehrkraft)<\/td>\n<\/tr>\n<tr>\n<td style=\"width: 19.3982%\"><strong>Stellvertretung:<\/strong><\/td>\n<td style=\"width: 73.578%\">Frau Hoder (Lehrkraft)<\/td>\n<\/tr>\n<tr>\n<td style=\"width: 19.3982%\"><strong>Vorstandsmitglied:<\/strong><\/td>\n<td style=\"width: 73.578%\">Frau Matzk (Schulleitungsmitglied)<\/td>\n<\/tr>\n<tr>\n<td style=\"width: 19.3982%\"><strong>Vorstandsmitglied:<\/strong><\/td>\n<td style=\"width: 73.578%\">Frau Weller (Schulleiterin)<\/td>\n<\/tr>\n<tr>\n<td style=\"width: 19.3982%\"><strong>Kassenwart:<\/strong><\/td>\n<td style=\"width: 73.578%\">Herr Nenstiel (Lehrkraft)<\/td>\n<\/tr>\n<\/tbody>\n<\/table>\n","protected":false},"excerpt":{"rendered":"<p>Man kann nicht allen helfen, sagen manche Leute und helfen keinem. Was macht der F\u00f6rderverein der Dietrich-Bonhoeffer-Realschule? Der F\u00f6rderverein der DBR hat sich das Ziel gesetzt, die Schule bei der Bildung und Erziehung seiner Sch\u00fclerinnen und Sch\u00fcler zu unterst\u00fctzen, die Ausstattung der Schule und die schulische Einrichtung zu verbessern sowie Sch\u00fclerinnen und Sch\u00fcler im Rahmen [&hellip;]<\/p>\n","protected":false},"author":9192896,"featured_media":0,"parent":0,"menu_order":0,"comment_status":"closed","ping_status":"closed","template":"","meta":{"footnotes":""},"class_list":["post-122","page","type-page","status-publish","hentry"],"_links":{"self":[{"href":"https:\/\/wordpress.nibis.de\/dbrs\/wp-json\/wp\/v2\/pages\/122","targetHints":{"allow":["GET"]}}],"collection":[{"href":"https:\/\/wordpress.nibis.de\/dbrs\/wp-json\/wp\/v2\/pages"}],"about":[{"href":"https:\/\/wordpress.nibis.de\/dbrs\/wp-json\/wp\/v2\/types\/page"}],"author":[{"embeddable":true,"href":"https:\/\/wordpress.nibis.de\/dbrs\/wp-json\/wp\/v2\/users\/9192896"}],"replies":[{"embeddable":true,"href":"https:\/\/wordpress.nibis.de\/dbrs\/wp-json\/wp\/v2\/comments?post=122"}],"version-history":[{"count":14,"href":"https:\/\/wordpress.nibis.de\/dbrs\/wp-json\/wp\/v2\/pages\/122\/revisions"}],"predecessor-version":[{"id":1291,"href":"https:\/\/wordpress.nibis.de\/dbrs\/wp-json\/wp\/v2\/pages\/122\/revisions\/1291"}],"wp:attachment":[{"href":"https:\/\/wordpress.nibis.de\/dbrs\/wp-json\/wp\/v2\/media?parent=122"}],"curies":[{"name":"wp","href":"https:\/\/api.w.org\/{rel}","templated":true}]}}