{"id":124,"date":"2019-04-24T01:04:07","date_gmt":"2019-04-23T23:04:07","guid":{"rendered":"https:\/\/wordpress.nibis.de\/dbrs\/?page_id=124"},"modified":"2021-01-04T16:36:51","modified_gmt":"2021-01-04T15:36:51","slug":"schuelervertretung","status":"publish","type":"page","link":"https:\/\/wordpress.nibis.de\/dbrs\/schuelervertretung\/","title":{"rendered":"Sch\u00fclervertretung"},"content":{"rendered":"<p>Die Sch\u00fclervertretung (SV) besteht aus jeweils zwei Klassensprechern einer Klasse. Begleitet wird die SV aktuell von zwei Lehrerinnen, die unseren Sch\u00fclern und Sch\u00fclerinnen unterst\u00fctzend zur Seite stehen.<\/p>\n<p>Jede Klasse w\u00e4hlt zwei Klassensprecher\/innen, die in der SV sitzen.<\/p>\n<p>Von der SV werden bis zu vier Sch\u00fcler als Schulsprecher gew\u00e4hlt.<\/p>\n<p>Weitere Sch\u00fcler der SV werden f\u00fcr die Fachkonferenzen, den Schulvorstand und die Gesamtkonferenz gew\u00e4hlt.<\/p>\n<p>Dort k\u00f6nnen die gew\u00e4hlten Sch\u00fclervertreterInnen ihre Interessen einbringen und aktiv mitwirken. Alle, die in der SV mitwirken, erhalten einen positiven Eintrag in ihr Zeugnis.<\/p>\n<p>Die Schulsprecher haben regelm\u00e4\u00dfige Termine mit der Schulleitung und k\u00f6nnen dort W\u00fcnsche und Beschwerden der Sch\u00fclerschaft vortragen.<\/p>\n<p>Bei \u00f6ffentlichen Angelegenheiten k\u00f6nnen die Schulsprecher die Sch\u00fclerschaft vor der Presse vertreten.<\/p>\n<p>Die SV h\u00e4lt regelm\u00e4\u00dfig Sitzungen ab und hat ein offenes Ohr f\u00fcr die W\u00fcnsche und Ideen der Sch\u00fclerschaft.<\/p>\n<p>Sie hat die M\u00f6glichkeit in folgenden Bereichen mitzuwirken:<\/p>\n<ul>\n<li>Themenideen f\u00fcr die Projektwoche, f\u00fcr Aktionen und Projekte (z.B. Faschingsfeiern, Umweltaktionen&#8230;)<\/li>\n<li>W\u00fcnsche f\u00fcr die Unterrichtsgestaltung \u00e4u\u00dfern<\/li>\n<li>Versch\u00f6nerung der Schule organisieren<\/li>\n<\/ul>\n<p>und vieles mehr.<\/p>\n<p>Innerhalb der SV werden Arbeitsgruppen zu den verschiedenen Bereichen gebildet in denen Aktionen, Ausfl\u00fcge, Besuche von Konzerten o.\u00c4. geplant werden k\u00f6nnen.<\/p>\n<p>Unsere Sch\u00fclerinnen und Sch\u00fcler haben bereits unseren Innenhof (&#8222;Gr\u00fcnes Klassenzimmer&#8220;) mit Bepflanzung und Sitzm\u00f6glichkeiten versch\u00f6nert und damit einen attraktiven Aufenthaltsbereich f\u00fcr sich selbst geschaffen.<\/p>\n<p>Nat\u00fcrlich steht und f\u00e4llt die SV-Arbeit mit der Einsatzbereitschaft der Sch\u00fclerschaft. Deswegen sollte der Spa\u00dffaktor ganz vorne stehen.<\/p>\n<p>Zus\u00e4tzlich erfreut sich die ganze Sch\u00fclerschaft, wenn Projekte gemeinsam auf die Beine gestellt werden. Dies tr\u00e4gt zu einem positivem Gemeinschaftsgef\u00fchl der Schule bei.<\/p>\n<p>Wir freuen uns auf weitere aktionsreiche Schuljahre und viele neue motivierte Klassensprecher\/innen, die mit ihren Interessen und F\u00e4higkeiten das Schulleben bereichern.<\/p>\n","protected":false},"excerpt":{"rendered":"<p>Die Sch\u00fclervertretung (SV) besteht aus jeweils zwei Klassensprechern einer Klasse. Begleitet wird die SV aktuell von zwei Lehrerinnen, die unseren Sch\u00fclern und Sch\u00fclerinnen unterst\u00fctzend zur Seite stehen. Jede Klasse w\u00e4hlt zwei Klassensprecher\/innen, die in der SV sitzen. Von der SV werden bis zu vier Sch\u00fcler als Schulsprecher gew\u00e4hlt. Weitere Sch\u00fcler der SV werden f\u00fcr die [&hellip;]<\/p>\n","protected":false},"author":9192896,"featured_media":0,"parent":0,"menu_order":0,"comment_status":"closed","ping_status":"closed","template":"","meta":{"footnotes":""},"class_list":["post-124","page","type-page","status-publish","hentry"],"_links":{"self":[{"href":"https:\/\/wordpress.nibis.de\/dbrs\/wp-json\/wp\/v2\/pages\/124","targetHints":{"allow":["GET"]}}],"collection":[{"href":"https:\/\/wordpress.nibis.de\/dbrs\/wp-json\/wp\/v2\/pages"}],"about":[{"href":"https:\/\/wordpress.nibis.de\/dbrs\/wp-json\/wp\/v2\/types\/page"}],"author":[{"embeddable":true,"href":"https:\/\/wordpress.nibis.de\/dbrs\/wp-json\/wp\/v2\/users\/9192896"}],"replies":[{"embeddable":true,"href":"https:\/\/wordpress.nibis.de\/dbrs\/wp-json\/wp\/v2\/comments?post=124"}],"version-history":[{"count":3,"href":"https:\/\/wordpress.nibis.de\/dbrs\/wp-json\/wp\/v2\/pages\/124\/revisions"}],"predecessor-version":[{"id":645,"href":"https:\/\/wordpress.nibis.de\/dbrs\/wp-json\/wp\/v2\/pages\/124\/revisions\/645"}],"wp:attachment":[{"href":"https:\/\/wordpress.nibis.de\/dbrs\/wp-json\/wp\/v2\/media?parent=124"}],"curies":[{"name":"wp","href":"https:\/\/api.w.org\/{rel}","templated":true}]}}