{"id":125,"date":"2019-04-24T01:04:07","date_gmt":"2019-04-23T23:04:07","guid":{"rendered":"https:\/\/wordpress.nibis.de\/dbrs\/?page_id=125"},"modified":"2024-09-17T13:24:28","modified_gmt":"2024-09-17T11:24:28","slug":"schulelternrat","status":"publish","type":"page","link":"https:\/\/wordpress.nibis.de\/dbrs\/schulelternrat\/","title":{"rendered":"Schulelternrat"},"content":{"rendered":"<h3 style=\"text-align: center\"><strong>Wir Eltern im Schulelternrat sind f\u00fcr Sie da!<\/strong><\/h3>\n<p>Der Schulelternrat der Dietrich-Bonhoeffer-Realschule hilft Ihnen in allen Fragen rund um Eltern und Schule weiter. Wir Eltern im Schulelternrat organisieren die Interessensvertretung und Mitwirkung der Eltern an der Schule.<\/p>\n<p><strong>Vorsitzende:<\/strong><\/p>\n<p>Christine Winter (Kontakt gerne in Deutsch oder Englisch)<\/p>\n<p><strong>Stellvertretender Vorsitzender:<\/strong><\/p>\n<p>Anna Glynska (Kontakt gerne in Deutsch, Russisch oder Ukrainisch)<\/p>\n<p><strong>Sie erreichen uns unter:<\/strong> &#x45;&#x6c;&#x74;&#101;&#114;nr&#x61;&#x74;&#x2d;&#x44;&#66;&#82;&#64;g&#x6d;&#x78;&#x2e;&#100;&#101;<\/p>\n<h4 style=\"text-align: center\"><strong>Bei uns ist Mitmachen erw\u00fcnscht!<\/strong><\/h4>\n<p>Wir freuen uns \u00fcber jeden, der mitgestalten m\u00f6chte.<\/p>\n<p><strong>In der Klasse:<\/strong><\/p>\n<p><strong>\u2026.. als Klassenelternvertreter:<\/strong> alle Klassen an der Dietrich-Bonhoeffer-Realschule w\u00e4hlen eine\/n Elternvertreter\/in und eine\/n stellvertretenden Elternvertreter\/in. Diese fungieren als Bindeglied zwischen Lehrern und Eltern der Klasse. Alle Elternvertreter sind auch Mitglieder im Schulelternrat.<\/p>\n<p><strong>In der ganzen Schule:<\/strong><\/p>\n<p><strong>\u2026. im Schulelternrat:<\/strong> Alle Elternvertreter\/innen sind Mitglieder im Schulelternrat. Hier vertreten wir die Interessen aller Eltern der Schule. Vor wichtigen Entscheidungen der Schule muss der Elternrat geh\u00f6rt werden.<\/p>\n<p><strong>\u2026. in den Gesamt-, Fach- und Klassenkonferenzen:<\/strong> Die Konferenzen entscheiden insbesondere u\u0308ber das Schulprogramm und die Schulordnung, sowie u\u0308ber Grundsa\u0308tze fu\u0308r Leistungsbewertung und Beurteilung, fu\u0308r Klassenarbeiten und Hausaufgaben sowie deren Koordinierung.<\/p>\n<p><strong>\u2026. im Schulvorstand:<\/strong> Der Schulvorstand ist das wichtigste Entscheidungsgremium der Schule. Die Elternvertreter im Schulvorstand werden f\u00fcr zwei Jahre gew\u00e4hlt. Alle Erziehungsberechtigten der Schule sind hierf\u00fcr w\u00e4hlbar.<\/p>\n<p><strong>\u2026. im Stadtelternrat:<\/strong> Der Schulelternrat entsendet zwei Delegierte f\u00fcr die Wahl zum Stadtelternrat.<\/p>\n<p><strong>\u00a0<\/strong><\/p>\n<h4 style=\"text-align: center\"><strong>Wir freuen uns darauf, Sie kennenzulernen!<\/strong><\/h4>\n","protected":false},"excerpt":{"rendered":"<p>Wir Eltern im Schulelternrat sind f\u00fcr Sie da! Der Schulelternrat der Dietrich-Bonhoeffer-Realschule hilft Ihnen in allen Fragen rund um Eltern und Schule weiter. Wir Eltern im Schulelternrat organisieren die Interessensvertretung und Mitwirkung der Eltern an der Schule. Vorsitzende: Christine Winter (Kontakt gerne in Deutsch oder Englisch) Stellvertretender Vorsitzender: Anna Glynska (Kontakt gerne in Deutsch, Russisch [&hellip;]<\/p>\n","protected":false},"author":9192896,"featured_media":0,"parent":0,"menu_order":0,"comment_status":"closed","ping_status":"closed","template":"","meta":{"footnotes":""},"class_list":["post-125","page","type-page","status-publish","hentry"],"_links":{"self":[{"href":"https:\/\/wordpress.nibis.de\/dbrs\/wp-json\/wp\/v2\/pages\/125","targetHints":{"allow":["GET"]}}],"collection":[{"href":"https:\/\/wordpress.nibis.de\/dbrs\/wp-json\/wp\/v2\/pages"}],"about":[{"href":"https:\/\/wordpress.nibis.de\/dbrs\/wp-json\/wp\/v2\/types\/page"}],"author":[{"embeddable":true,"href":"https:\/\/wordpress.nibis.de\/dbrs\/wp-json\/wp\/v2\/users\/9192896"}],"replies":[{"embeddable":true,"href":"https:\/\/wordpress.nibis.de\/dbrs\/wp-json\/wp\/v2\/comments?post=125"}],"version-history":[{"count":21,"href":"https:\/\/wordpress.nibis.de\/dbrs\/wp-json\/wp\/v2\/pages\/125\/revisions"}],"predecessor-version":[{"id":1284,"href":"https:\/\/wordpress.nibis.de\/dbrs\/wp-json\/wp\/v2\/pages\/125\/revisions\/1284"}],"wp:attachment":[{"href":"https:\/\/wordpress.nibis.de\/dbrs\/wp-json\/wp\/v2\/media?parent=125"}],"curies":[{"name":"wp","href":"https:\/\/api.w.org\/{rel}","templated":true}]}}