{"id":278,"date":"2020-01-30T00:08:53","date_gmt":"2020-01-29T23:08:53","guid":{"rendered":"https:\/\/wordpress.nibis.de\/dbrs\/?page_id=278"},"modified":"2025-08-14T16:02:01","modified_gmt":"2025-08-14T14:02:01","slug":"herzlich-willkommen","status":"publish","type":"page","link":"https:\/\/wordpress.nibis.de\/dbrs\/","title":{"rendered":"Herzlich willkommen!"},"content":{"rendered":"<h2><span style=\"color: #333399\">Wir sind eine starke und <\/span><span style=\"color: #333399\">faire Schule, in der Vielfalt Reichtum<\/span> <span style=\"color: #333399\">ist. <\/span><\/h2>\n<p><strong>Liebe Sch\u00fclerinnen und Sch\u00fcler!<\/strong><\/p>\n<p>Nun sind die Sommerferien vorbei und es gibt neue Termine f\u00fcr das Schuljahr 2025-26.<\/p>\n<p>Das steht an bis zu den Herbstferien:<\/p>\n<p><strong>26.08.2025<\/strong> &#8211; Der Schulfotograf kommt ins Haupthaus.<\/p>\n<p><strong>27.08.2025<\/strong> &#8211; Der Schulfotograf kommt in die Au\u00dfenstelle.<\/p>\n<p><strong>02.09.2025<\/strong> &#8211; zentraler Elterninformationsabend: 18:00 &#8211; 19:30 Uhr<\/p>\n<p><strong>16.09.2025 <\/strong>&#8211; erste Sitzung des Schulelternrates: 17:30 &#8211; 19:00 Uhr<strong><br \/><\/strong><\/p>\n<p><strong>29.09.\u00a0 bis\u00a0<\/strong> &#8211; Fachkonferenzwoche<\/p>\n<p><strong>02.10.2025<\/strong><\/p>\n<p><strong>03.10.2025<\/strong> &#8211; schulfrei, da: &#8222;Tag der Deutschen Einheit&#8220;<\/p>\n<p><strong>07.10.2025<\/strong> &#8211; schulfrei, da alle Lehrkr\u00e4fte in einer Fortbildung<\/p>\n<p>\u00a0<\/p>\n<p>Wir freuen uns auf die kommenden vollen Wochen und viele Erlebnisse mit Euch.<\/p>\n<p>C. Weller (Rektorin)<\/p>\n<h4>\u00a0<\/h4>\n<h3 style=\"text-align: center\"><a href=\"https:\/\/wordpress.nibis.de\/dbrs\/files\/2021\/06\/DBR-Imagefilm_mod.mp4\" target=\"_blank\" rel=\"noopener noreferrer\"><img loading=\"lazy\" decoding=\"async\" class=\"aligncenter wp-image-873\" src=\"https:\/\/wordpress.nibis.de\/dbrs\/files\/2021\/06\/DasSindWir.png\" alt=\"\" width=\"250\" height=\"125\" srcset=\"https:\/\/wordpress.nibis.de\/dbrs\/files\/2021\/06\/DasSindWir.png 800w, https:\/\/wordpress.nibis.de\/dbrs\/files\/2021\/06\/DasSindWir-768x384.png 768w\" sizes=\"auto, (max-width: 250px) 100vw, 250px\" \/><\/a><\/h3>\n<p lang=\"de-DE\" align=\"LEFT\">\u00a0<\/p>\n<p lang=\"de-DE\" align=\"LEFT\">\u00a0<\/p>\n<p lang=\"de-DE\" align=\"JUSTIFY\"><span style=\"color: #000000\"><span style=\"font-family: Comic Sans MS, cursive\"><span style=\"font-size: medium\"><u>60 Jahre Dietrich-Bonhoeffer-Realschule<\/u><\/span><\/span><\/span><\/p>\n<p lang=\"de-DE\" align=\"JUSTIFY\"><span style=\"color: #000000\"><span style=\"font-family: Comic Sans MS, cursive\"><span style=\"font-size: medium\">Im April feierte die DBR ihr 60-j\u00e4hriges Bestehen mit einer gro\u00dfen Jubil\u00e4umsfeier. Zahlreiche G\u00e4ste kamen zusammen, um diesen besonderen Tag gemeinsam zu feiern.<\/span><\/span><\/span><\/p>\n<p lang=\"de-DE\" align=\"JUSTIFY\"><span style=\"color: #000000\"><span style=\"font-family: Comic Sans MS, cursive\"><span style=\"font-size: medium\">Ein Highlight der Feier waren die beeindruckenden Ergebnisse der Projektwoche zum Thema \u201e60 Jahre DBR\u201c, die in der Aula ausgestellt wurden. <\/span><\/span><\/span><\/p>\n<p lang=\"de-DE\" align=\"JUSTIFY\"><span style=\"color: #000000\"><span style=\"font-family: Comic Sans MS, cursive\"><span style=\"font-size: medium\">Besonders feierlich war auch die Einweihung unseres neuen DBR-Maskottchens. Im Vorfeld hatten viele Sch\u00fclerinnen und Sch\u00fcler aus allen Jahrg\u00e4ngen tolle Maskottchen-Ideen eingereicht. Aus all diesen kreativen Vorschl\u00e4gen wurde schlie\u00dflich der Entwurf von Angelina aus der 7a von der gesamten Schulgemeinschaft als Sieger ausgew\u00e4hlt. <\/span><\/span><\/span><\/p>\n<p lang=\"de-DE\" align=\"JUSTIFY\"><span style=\"color: #000000\"><span style=\"font-family: Comic Sans MS, cursive\"><span style=\"font-size: medium\">Wir bedanken uns herzlich bei allen, die zu dieser tollen Jubil\u00e4umsfeier beigetragen haben. <\/span><\/span><\/span><\/p>\n<p lang=\"de-DE\" align=\"JUSTIFY\"><img decoding=\"async\" src=\"https:\/\/wordpress.nibis.de\/dbrs\/files\/2025\/05\/Maskottchen.jpeg\" \/><\/p>\n<p lang=\"de-DE\" align=\"LEFT\">\u00a0<\/p>\n<p lang=\"de-DE\" align=\"LEFT\">\u00a0<\/p>\n<p lang=\"de-DE\" align=\"LEFT\"><span style=\"color: #000000\"><span style=\"font-family: Comic Sans MS, cursive\"><span style=\"font-size: medium\"><u>Unser Methodentag <\/u><\/span><\/span><\/span><\/p>\n<p lang=\"de-DE\" align=\"LEFT\"><span style=\"color: #000000\"><span style=\"font-family: Comic Sans MS, cursive\"><span style=\"font-size: medium\">Im Januar 2025 veranstaltete unsere Schule einen Methodentag, der dem Namensgeber unserer Schule, Dietrich Bonhoeffer, gewidmet war. Der diesj\u00e4hrige Methodentag bot allen Sch\u00fclerinnen und Sch\u00fclern die M\u00f6glichkeit, sich intensiv mit der Biografie Bonhoeffers auseinanderzusetzen. <\/span><\/span><\/span><\/p>\n<p lang=\"de-DE\" align=\"LEFT\"><span style=\"color: #000000\"><span style=\"font-family: Comic Sans MS, cursive\"><span style=\"font-size: medium\">An diesem Tag arbeiteten die Sch\u00fclerinnen und Sch\u00fcler klassenintern in verschiedenen Workshops, in denen sie unter anderem Themen wie Zivilcourage, Verantwortung und die Bedeutung von Toleranz und Glaube diskutierten. Abschlie\u00dfend pr\u00e4sentierten die Lernenden ihre Ergebnisse. Ein besonders gelungenes Bonhoeffer-ABC hat die Klasse 10a erstellt. <\/span><\/span><\/span><\/p>\n<p>\u00a0<\/p>\n<p><img loading=\"lazy\" decoding=\"async\" class=\"\" src=\"https:\/\/wordpress.nibis.de\/dbrs\/files\/2025\/02\/Methodentag-1.jpg\" width=\"514\" height=\"411\" \/><\/p>\n<p>\u00a0<\/p>\n<p><span style=\"font-family: Comic Sans MS, cursive\"><span style=\"color: #000000\"><span style=\"font-size: medium\"><u>Oh, Du leckere Weihnachtszeit!<\/u><\/span><\/span><\/span><\/p>\n<p><span style=\"color: #000000\"><span style=\"font-size: medium\">Am 12. Dezember kam in der Aula unserer Schule vorweihnachtliche Stimmung auf- Der Schulelternrat hatte zum zweiten Mal eine Keks- und Kuchenaktion organisiert. Unsere DBR-Eltern haben flei\u00dfig gebacken und wieder viel Geb\u00e4ck gespendet, dass in der ersten gro\u00dfen Pause kostenlos an unsere Sch\u00fclerinnen und Sch\u00fcler verteilt wurde. Leuchtende Augen und gl\u00fcckliches Grinsen waren die Folge.<\/span><\/span><\/p>\n<p><span style=\"color: #000000\"><span style=\"font-size: medium\">Die Elternvertreter\/innen bedanken sich ganz herzlich bei allen Eltern die unterst\u00fctzt haben und sind sich einig: Die Keks- und Kuchenaktion soll es auch im n\u00e4chsten Jahr wieder geben!<\/span><\/span><\/p>\n<p><img loading=\"lazy\" decoding=\"async\" class=\"\" src=\"https:\/\/wordpress.nibis.de\/dbrs\/files\/2024\/12\/SER-1-scaled.jpg\" width=\"501\" height=\"376\" \/><\/p>\n<p><img loading=\"lazy\" decoding=\"async\" class=\"\" src=\"https:\/\/wordpress.nibis.de\/dbrs\/files\/2024\/12\/SER-2-scaled.jpg\" width=\"395\" height=\"527\" \/><\/p>\n<p>\u00a0<\/p>\n<h3><strong>Klassenfahrt 2.0, Anno 2024<\/strong><\/h3>\n<p>Am 7. Juni 2024 hat sich ein kleiner Kreis der Ehemaligen aus der Klasse 10C, des Abschlussjahrgangs von 1989 zusammengefunden, um die Abschlussfahrt verk\u00fcrzt zu wiederholen (vom 07.06 bis 09.06.2024). Unser damaliger Klassenlehrer war Hansj\u00f6rg Schulz. Die Idee ist bei einem Klassentreffen im April 2023 im Beisein von Wolfgang Prill entstanden. Vielen Ehemaligen der D-B-S ist Wolfgang Prill u. a. noch als Physiklehrer bekannt.<\/p>\n<p>Im Gegensatz zur damaligen Tour, wo wir mit dem Charterschiff &#8222;Klipper de Hoop&#8220; in Friesland und auf dem IJsselmeer unterwegs waren, haben wir diesmal auf dem Charterschiff von Friesland Charter, der &#8222;Stella Frisia&#8220; angeheuert. <br \/>Besitzer und Skipper der Stella Frisia ist kein geringerer, als unser Klassenkamerad Holger Henning. <br \/>Holger hat sich w\u00e4hrend unserer ersten Tour in Renske, der Tochter des Kapit\u00e4ns\/Skippers verguckt und mit kurzen Unterbrechungen sind die beiden seit<br \/>dem ein Team. Beide steuern zusammen die Stella Frisia bei ihren Chartertouren.<\/p>\n<p>Am 7. Juni 2024 sind wir an dem Schiffsanleger in Akkrum (Niederlande) angekommen und haben zusammen erstmal gegrillt und sp\u00e4ter gen\u00e4chtigt. Am darauffolgenden Tag haben wir unsere Tour mit Vorfreude begonnen und auf dem Weg zu unserem Hauptziel, die Stadt Sneek, die sch\u00f6ne Landschaft im S\u00fcdwesten von Friesland mit Ihren zahlreichen Grachten genossen und die Seele bei einem L\u00fcftchen baumeln lassen. Nachdem wir Sneek am sp\u00e4ten Nachmittag erreicht haben, stand der Landgang an und viele Sehensw\u00fcrdigkeiten haben bei uns Erinnerungen hervorgerufen. Den Tag haben wir nat\u00fcrlich an Bord ausklingen lassen und die eine oder andere heimische Spezialit\u00e4t kennengelernt und verkostet. Am n\u00e4chsten Tag mussten wir leider die R\u00fcckfahrt nach Akkrum antreten, mit einem Abstecher im Sneekermeer sowie bei der historischen Wind-\/S\u00e4gem\u00fchle &#8222;de Jager&#8220; in Woudsend.<\/p>\n<p>F\u00fcr uns alle war das gemeinsame Erlebnis nach 35-Jahren wieder zusammen zu kommen und in Erinnerungen zu schwelgen ein krasses Gef\u00fchl, gerade in einer Zeit, die alles andere ist als entschleunigt.<\/p>\n<p>Die &#8222;ehemaligen&#8220; Teilnehmer waren:<\/p>\n<p>Tanja Bufe (ehem. Pfannenschmidt)<br \/>Sabine Hartung<br \/>Lisa Steinmetz (ehem. Rommel)<br \/>Dirk Bartocha<br \/>Christian Wolter<br \/>Christian Miltztrey<\/p>\n<p>und nat\u00fcrlich unser Kapit\u00e4n\/Skipper Holger Henning und seine Frau Renske, die das f\u00fcr uns m\u00f6glich gemacht haben!<\/p>\n<p><img loading=\"lazy\" decoding=\"async\" class=\"alignnone wp-image-1280\" src=\"https:\/\/wordpress.nibis.de\/dbrs\/files\/2024\/08\/Abschlussfahrt_2.0b.jpg\" alt=\"\" width=\"600\" height=\"800\" srcset=\"https:\/\/wordpress.nibis.de\/dbrs\/files\/2024\/08\/Abschlussfahrt_2.0b.jpg 1000w, https:\/\/wordpress.nibis.de\/dbrs\/files\/2024\/08\/Abschlussfahrt_2.0b-768x1024.jpg 768w\" sizes=\"auto, (max-width: 600px) 100vw, 600px\" \/><\/p>\n<h3><a href=\"https:\/\/lernzentrum-niedersachsen.de\/\" target=\"_blank\" rel=\"noopener noreferrer\"><img loading=\"lazy\" decoding=\"async\" class=\"alignnone wp-image-1142\" src=\"https:\/\/wordpress.nibis.de\/dbrs\/files\/2023\/02\/LZ_Logo.jpg\" alt=\"\" width=\"309\" height=\"130\" srcset=\"https:\/\/wordpress.nibis.de\/dbrs\/files\/2023\/02\/LZ_Logo.jpg 1497w, https:\/\/wordpress.nibis.de\/dbrs\/files\/2023\/02\/LZ_Logo-768x323.jpg 768w\" sizes=\"auto, (max-width: 309px) 100vw, 309px\" \/><\/a><\/h3>\n<h4>\u00a0<\/h4>\n<p><strong><span style=\"font-family: Comic Sans MS, cursive\">Die DBR bleibt Fairtrade Schule<\/span><\/strong><\/p>\n<p><span style=\"font-family: Comic Sans MS, cursive\">Am 31. Mai erhielt unsere Schule im Neuen Rathaus die Urkunde &#8222;Fairtrade School&#8220; f\u00fcr weitere zwei Jahre. Aufgrund des Engagements der Sch\u00fclerinnen und Sch\u00fcler der DBR f\u00fcr den fairen Handel seit bereits acht Jahren setzt die Schule ein Zeichen f\u00fcr eine gerechtere Welt und leistet einen wichtigen Beitrag zur Verbesserung der Lebens- und Arbeitsbedingungen von Kleinbauernfamilien in Afrika, Asien und Lateinamerika.<\/span><\/p>\n<p><span style=\"font-family: Comic Sans MS, cursive\">Diese Auszeichnung ist eine Anerkennung f\u00fcr die kontinuierlichen Bem\u00fchungen unserer Schulgemeinschaft, fair gehandelte Produkte zu f\u00f6rdern und das Bewusstsein f\u00fcr globale Gerechtigkeit zu st\u00e4rken. <\/span><\/p>\n<p><span style=\"font-family: Comic Sans MS, cursive\">Wir sind stolz auf unsere erneute Auszeichnung und freuen uns darauf, unser Engagement f\u00fcr Fairtrade auch in den kommenden Jahren fortzusetzen.<\/span><\/p>\n<p align=\"JUSTIFY\"><img loading=\"lazy\" decoding=\"async\" class=\"\" src=\"https:\/\/wordpress.nibis.de\/dbrs\/files\/2024\/06\/Fairtrade-School-1.jpg\" width=\"247\" height=\"401\" \/><\/p>\n<p align=\"JUSTIFY\">\u00a0<\/p>\n<p align=\"JUSTIFY\"><img loading=\"lazy\" decoding=\"async\" class=\"\" src=\"https:\/\/wordpress.nibis.de\/dbrs\/files\/2024\/06\/Fairtrade-School-2.jpg\" width=\"419\" height=\"310\" \/><\/p>\n<p align=\"JUSTIFY\">\u00a0<\/p>\n<p><span style=\"font-family: Comic Sans MS, cursive\"><span style=\"font-size: large\"><u>Projektwoche: Fair &#8211; Das sind wir!<\/u><\/span><\/span><\/p>\n<p align=\"JUSTIFY\"><span style=\"font-family: Comic Sans MS, cursive\"><span style=\"font-size: large\">In der Zeit vom 8. bis zum 12. April 2024 haben sich die Sch\u00fclerinnen und Sch\u00fcler der Dietrich-Bonhoeffer Realschule in einer spannenden Projektwoche den Themen Fairtrade und Nachhaltigkeit gewidmet. Unter dem Motto &#8222;Fair &#8211; Das sind wir&#8220; haben sie in verschiedenen Projekten alles rund um diese wichtigen Themen erforscht und aktiv mitgestaltet.<\/span><\/span><\/p>\n<p align=\"JUSTIFY\"><span style=\"font-family: Comic Sans MS, cursive\"><span style=\"font-size: large\">In den Projektgruppen &#8222;Fair Handeln und Fair Kochen&#8220;, &#8222;Fair Play&#8220; sowie &#8222;Fair zur Umwelt&#8220; bis hin zu &#8222;Fair Fashion&#8220; haben die Sch\u00fclerinnen und Sch\u00fcler vielf\u00e4ltige Aspekte von Nachhaltigkeit beleuchtet. <\/span><\/span><\/p>\n<p align=\"JUSTIFY\"><span style=\"font-family: Comic Sans MS, cursive\"><span style=\"font-size: large\"><span style=\"color: #0d0d0d\">Die Projektwoche hat allen Sch\u00fclerinnen und Sch\u00fclern gro\u00dfe Freude bereitet und gewiss einen bleibenden Eindruck hinterlassen. M\u00f6ge ihr Engagement f\u00fcr Nachhaltigkeit und Fairness auch in Zukunft bestehen bleiben!<\/span><\/span><\/span><\/p>\n<p align=\"JUSTIFY\">\u00a0<\/p>\n<p align=\"JUSTIFY\"><img loading=\"lazy\" decoding=\"async\" class=\"\" src=\"https:\/\/wordpress.nibis.de\/dbrs\/files\/2024\/04\/DBR-Zeitung-Deckblatt.jpg\" width=\"386\" height=\"540\" \/><\/p>\n<p><span style=\"font-family: Comic Sans MS, cursive\">Der Link zu unserer Fairen DBR-Zeitung:<\/span><\/p>\n<p><span style=\"font-family: Comic Sans MS, cursive\">https:\/\/wordpress.nibis.de\/dbrs\/files\/2024\/04\/Zeitung-Projektwoche.pdf <\/span><\/p>\n<p>\u00a0<\/p>\n<p><img loading=\"lazy\" decoding=\"async\" class=\"\" src=\"https:\/\/wordpress.nibis.de\/dbrs\/files\/2024\/04\/Fair-Fashion-scaled.jpg\" width=\"418\" height=\"558\" \/><\/p>\n<p lang=\"de-DE\" align=\"LEFT\">\u00a0<\/p>\n<p lang=\"de-DE\" align=\"LEFT\"><span style=\"color: #000000\"><span style=\"font-family: Comic Sans MS, cursive\"><span style=\"font-size: small\"><u><b><span style=\"font-size: large\"><span lang=\"de-DE\">Die DBR auf der Messe der nachhaltigen Sch\u00fclerfirmen<\/span><\/span><\/b><\/u><\/span><\/span><\/span><\/p>\n<p lang=\"de-DE\" align=\"JUSTIFY\"><span style=\"color: #000000\"><span style=\"font-family: Comic Sans MS, cursive\"><span style=\"font-size: medium\"><span lang=\"de-DE\">Unsere Sch\u00fclerfirma \u201eHappy Breakfast\u201c widmet sich schon lange der gesunden und nachhaltigen Pausenverpflegung und hatte am <\/span><\/span><\/span><\/span><\/p>\n<p lang=\"de-DE\" align=\"JUSTIFY\"><span style=\"color: #000000\"><span style=\"font-family: Comic Sans MS, cursive\"><span style=\"font-size: medium\"><span lang=\"de-DE\">14. Februar 2024 endlich die M\u00f6glichkeit, ihre Ideen und Produkte im Bereich der nachhaltigen Wirtschaft im Rahmen der Messe der nachhaltigen Sch\u00fclerfirmen zu pr\u00e4sentieren. Die Veranstaltung, die von zahlreichen Schulen aus Hannover besucht wurde, bot einen inspirierenden Einblick in die Welt der sozialen und \u00f6kologischen Verantwortung. Neben \u201eHappy Breakfast\u201c waren noch zehn weitere Sch\u00fclerfirmen aus Hannover vertreten, die alle mit innovativen Ideen und Produkten \u00fcberzeugten. Die Sch\u00fclerinnen und Sch\u00fcler hatten nicht nur die Gelegenheit, ihre Unternehmen zu pr\u00e4sentieren, sondern auch sich gegenseitig zu bewerten. Dabei wurden verschiedene Kriterien wie Standgestaltung und Nachhaltigkeit ber\u00fccksichtigt. Gemeinsam mit einer Expertenjury wurden schlie\u00dflich die Sieger gek\u00fcrt. Ein besonderer H\u00f6hepunkt der Veranstaltung war der Besuch des Oberb\u00fcrgermeisters Belit Onay. Unsere Sch\u00fcler und Sch\u00fclerinnen hatten viel Spa\u00df bei der Messe; Besonders erfreulich war das Gl\u00fcck von Elvir aus der 10b, der bei einem Wettbewerb sogar ein Rennrad gewonnen hat.<\/span><\/span><\/span><\/span><\/p>\n<p lang=\"de-DE\" align=\"JUSTIFY\"><span style=\"color: #000000\"><span style=\"font-family: Comic Sans MS, cursive\"><span style=\"font-size: medium\"><span lang=\"de-DE\">Wir blicken voller Freude auf diese gelungene Veranstaltung zur\u00fcck und freuen uns auf das n\u00e4chste Jahr, wenn wir erneut die Gelegenheit haben werden, die vielf\u00e4ltigen und kreativen Ideen unserer Sch\u00fclerinnen und Sch\u00fcler und \u201eHappy Breakfast\u201c zu pr\u00e4sentieren. <\/span><\/span><\/span><\/span><\/p>\n<p lang=\"de-DE\" align=\"JUSTIFY\"><img loading=\"lazy\" decoding=\"async\" class=\"\" src=\"https:\/\/wordpress.nibis.de\/dbrs\/files\/2024\/02\/Happy-Breakfast.jpg\" width=\"561\" height=\"561\" \/><\/p>\n<p lang=\"de-DE\" align=\"JUSTIFY\"><span style=\"color: #000000\"><span style=\"font-family: Comic Sans MS, cursive\"><span style=\"font-size: large\"><u><b><span lang=\"de-DE\">Valentinstag an der DBR 2024<\/span><\/b><\/u><\/span><\/span><\/span><\/p>\n<p lang=\"de-DE\" align=\"JUSTIFY\"><span style=\"color: #000000\"><span style=\"font-family: Comic Sans MS, cursive\"><span style=\"font-size: medium\"><span lang=\"de-DE\">Die diesj\u00e4hrige Valentinsaktion an der Dietrich-Bonhoeffer Realschule war ein voller Erfolg! Unter der Leitung der Sch\u00fclervertretung konnten Sch\u00fclerinnen und Sch\u00fcler Rosen mit pers\u00f6nlichen Gru\u00dfworten erwerben und verschenken. Diese liebe Geste sorgte f\u00fcr viel Freude und Begeisterung in unserer Schule. Die Aktion stie\u00df auf gro\u00dfe Beliebtheit und die Sch\u00fclerinnen und Sch\u00fcler hatten viel Spa\u00df daran, die Rosen zu verteilen und ihren Mitsch\u00fclerinnen und Mitsch\u00fclern eine kleine Freude zu bereiten. Wir freuen uns schon jetzt auf unsere traditionelle Valentinsaktion im n\u00e4chsten Jahr.<\/span><\/span><\/span><\/span><\/p>\n<p lang=\"de-DE\" align=\"JUSTIFY\"><img loading=\"lazy\" decoding=\"async\" class=\"\" src=\"https:\/\/wordpress.nibis.de\/dbrs\/files\/2024\/02\/Rosenaktion.jpg\" width=\"264\" height=\"470\" \/><\/p>\n<p lang=\"de-DE\" align=\"JUSTIFY\"><span style=\"color: #000000\"><span style=\"font-family: Comic Sans MS, cursive\"><span style=\"font-size: large\"><u><b><span lang=\"de-DE\">Unser Methodentag <\/span><\/b><\/u><\/span><\/span><\/span><\/p>\n<p lang=\"de-DE\" align=\"JUSTIFY\"><span style=\"color: #000000\"><span style=\"font-family: Comic Sans MS, cursive\"><span style=\"font-size: medium\"><span lang=\"de-DE\">Am 20. Februar 2024 fand der Methodentag der Dietrich-Bonhoeffer Realschule statt, der ganz im Zeichen unseres Leitbildes stand. Das Ziel f\u00fcr diesen Methodentag war die Erstellung neuer Plakate f\u00fcr die Homepage und Instagram-Seite. <\/span><\/span><\/span><\/span><\/p>\n<p lang=\"de-DE\" align=\"JUSTIFY\"><span style=\"color: #000000\"><span style=\"font-family: Comic Sans MS, cursive\"><span style=\"font-size: medium\"><span lang=\"de-DE\">Der Tag begann f\u00fcr alle Sch\u00fclerinnen und Sch\u00fcler mit einem einf\u00fchrenden Film zum Thema \u201eVielfalt an der DBR\u201c. Im Anschluss daran starteten alle Klassen mit der Thematisierung unserer drei Leits\u00e4tze, die als Grundlage f\u00fcr die Gestaltung der neuen Plakate dienten. Unser Motto \u201eWir sind eine starke und faire Schule, an der Vielfalt Reichtum ist\u201c wurde dabei besonders betont. <\/span><\/span><\/span><\/span><\/p>\n<p lang=\"de-DE\" align=\"JUSTIFY\"><span style=\"color: #000000\"><span style=\"font-family: Comic Sans MS, cursive\"><span style=\"font-size: medium\"><span lang=\"de-DE\">Nach intensivem und kreativem Arbeiten an den Plakaten k\u00fcrten die Klassen die Siegerplakate. Diese werden nun in unserer Aula ausgeh\u00e4ngt und erscheinen auf unserer Homepage und Instagram-Seite. <\/span><\/span><\/span><\/span><\/p>\n<p lang=\"de-DE\" align=\"JUSTIFY\"><span style=\"color: #000000\"><span style=\"font-family: Comic Sans MS, cursive\"><span style=\"font-size: medium\"><span lang=\"de-DE\">Unser Methodentag war ein voller Erfolg und hat dazu beigetragen, das Leitbild der DBR auf kreative Weise im Unterricht zu behandeln und unsere Gemeinschaft zu st\u00e4rken. <\/span><\/span><\/span><\/span><\/p>\n<p lang=\"de-DE\" align=\"JUSTIFY\">\u00a0<\/p>\n<h4>Seelsorge und Hilfsangebote f\u00fcr Sch\u00fclerinnen und Sch\u00fcler<\/h4>\n<h4><a href=\"https:\/\/wordpress.nibis.de\/dbrs\/files\/2020\/12\/Beratungsangebote_f_r_Sch_lerinnen_und_Sch_ler.pdf\">Beratungsangebote_f_r_Sch_lerinnen_und_Sch_ler<\/a><\/h4>\n<h4>Briefe der Ministerin<\/h4>\n<h4>1) vor den Herbstferien:<\/h4>\n<h4><a href=\"https:\/\/wordpress.nibis.de\/dbrs\/files\/2023\/10\/Herbst-Ministerinnenschreiben_Eltern_und_Erziehungsberechtigte.pdf\">https:\/\/wordpress.nibis.de\/dbrs\/files\/2023\/10\/Herbst-Ministerinnenschreiben_Eltern_und_Erziehungsberechtigte.pdf <\/a><\/h4>\n<h4><a href=\"https:\/\/wordpress.nibis.de\/dbrs\/files\/2023\/10\/Herbst-Ministerinnenschreiben_SuS.pdf\">https:\/\/wordpress.nibis.de\/dbrs\/files\/2023\/10\/Herbst-Ministerinnenschreiben_SuS.pdf<\/a><\/h4>\n<h4>2) zum Schuljahresbeginn: <a href=\"https:\/\/wordpress.nibis.de\/dbrs\/files\/2023\/08\/Ministerinnenschreiben_Schulstart_SuS_Erziehungsberechtigte.pdf\">https:\/\/wordpress.nibis.de\/dbrs\/files\/2023\/08\/Ministerinnenschreiben_Schulstart_SuS_Erziehungsberechtigte.pdf<\/a><\/h4>\n\n\n<p><\/p>\n","protected":false},"excerpt":{"rendered":"<p>Wir sind eine starke und faire Schule, in der Vielfalt Reichtum ist. Liebe Sch\u00fclerinnen und Sch\u00fcler! Nun sind die Sommerferien vorbei und es gibt neue Termine f\u00fcr das Schuljahr 2025-26. Das steht an bis zu den Herbstferien: 26.08.2025 &#8211; Der Schulfotograf kommt ins Haupthaus. 27.08.2025 &#8211; Der Schulfotograf kommt in die Au\u00dfenstelle. 02.09.2025 &#8211; zentraler [&hellip;]<\/p>\n","protected":false},"author":9192896,"featured_media":25,"parent":0,"menu_order":0,"comment_status":"closed","ping_status":"closed","template":"","meta":{"footnotes":""},"class_list":["post-278","page","type-page","status-publish","has-post-thumbnail","hentry"],"_links":{"self":[{"href":"https:\/\/wordpress.nibis.de\/dbrs\/wp-json\/wp\/v2\/pages\/278","targetHints":{"allow":["GET"]}}],"collection":[{"href":"https:\/\/wordpress.nibis.de\/dbrs\/wp-json\/wp\/v2\/pages"}],"about":[{"href":"https:\/\/wordpress.nibis.de\/dbrs\/wp-json\/wp\/v2\/types\/page"}],"author":[{"embeddable":true,"href":"https:\/\/wordpress.nibis.de\/dbrs\/wp-json\/wp\/v2\/users\/9192896"}],"replies":[{"embeddable":true,"href":"https:\/\/wordpress.nibis.de\/dbrs\/wp-json\/wp\/v2\/comments?post=278"}],"version-history":[{"count":291,"href":"https:\/\/wordpress.nibis.de\/dbrs\/wp-json\/wp\/v2\/pages\/278\/revisions"}],"predecessor-version":[{"id":1345,"href":"https:\/\/wordpress.nibis.de\/dbrs\/wp-json\/wp\/v2\/pages\/278\/revisions\/1345"}],"wp:featuredmedia":[{"embeddable":true,"href":"https:\/\/wordpress.nibis.de\/dbrs\/wp-json\/wp\/v2\/media\/25"}],"wp:attachment":[{"href":"https:\/\/wordpress.nibis.de\/dbrs\/wp-json\/wp\/v2\/media?parent=278"}],"curies":[{"name":"wp","href":"https:\/\/api.w.org\/{rel}","templated":true}]}}