{"id":636,"date":"2021-01-04T15:19:26","date_gmt":"2021-01-04T14:19:26","guid":{"rendered":"https:\/\/wordpress.nibis.de\/dbrs\/?page_id=636"},"modified":"2021-02-01T16:58:44","modified_gmt":"2021-02-01T15:58:44","slug":"sprachfoerderung","status":"publish","type":"page","link":"https:\/\/wordpress.nibis.de\/dbrs\/sprachfoerderung\/","title":{"rendered":"Sprachf\u00f6rderung"},"content":{"rendered":"<p>Im Idealfall besuchen Sch\u00fclerinnen und Sch\u00fcler mit noch nicht ausreichenden Deutschkenntnissen zun\u00e4chst eine Sprachlernklasse. Dort lernen sie maximal ein Jahr Deutsch und wechseln danach in einen Sprachf\u00f6rderkurs. Der Sprachf\u00f6rderkurs begleitet sie so lange, wie sie noch nicht regul\u00e4r bewertet werden m\u00fcssen \u2013 insgesamt mit dem Unterricht in der Sprachlernklasse umfasst die Sprachf\u00f6rderung maximal 2 Jahre.<\/p>\n<p>Sowohl in den Sprachlernklassen als auch in den Sprachf\u00f6rderkursen werden die gleichen Lehrwerke verwendet, um Kontinuit\u00e4t und einen einfacheren Wechsel zu gew\u00e4hrleisten.<\/p>\n<p><strong><u>Unterricht in unseren DBR-Sprachlernklassen<br \/>\n<\/u><\/strong><\/p>\n<p><strong>An die Eltern:<\/strong><\/p>\n<p>Neu zugewanderte Sch\u00fclerinnen und Sch\u00fcler werden bei uns mit einem umfassenden Sprachf\u00f6rderkonzept auf die Teilnahme am regul\u00e4ren Unterricht vorbereitet.<\/p>\n<p>In der <span style=\"text-decoration: underline\">Sprachlernklasse 1<\/span> wird die deutsche Sprache ganz neu gelernt (Niveau A1).<\/p>\n<p>In der <span style=\"text-decoration: underline\">Sprachlernklasse 2<\/span> werden die Sprachkenntnisse vertieft und ausgebaut (Niveau A2\/B1).<\/p>\n<p>In beiden Sprachlernklassen soll so schnell wie m\u00f6glich die deutsche Sprache erlernt werden, um am Schulleben und am gesellschaftlichen Leben ungehindert teilnehmen zu k\u00f6nnen.<\/p>\n<p><strong>An die Sch\u00fclerinnen und Sch\u00fcler:<\/strong><\/p>\n<p>Hallo!<\/p>\n<p>Wie hei\u00dft du?<\/p>\n<p>Wie alt bist du?<\/p>\n<p>Welche Sprachen sprichst du?<\/p>\n<p>Und was machst du in deiner Freizeit?<\/p>\n<p>Was ist eigentlich ein Schulplaner?<\/p>\n<p>Woher kommen deine Mitsch\u00fcler*innen?<\/p>\n<p>Diese und viele andere Fragen kannst du schon bald auf Deutsch beantworten. Schritt f\u00fcr Schritt lernst du Deutsch in unseren kleinen Sprachlernklassen. Wortschatz, Grammatik, H\u00f6ren, Sprechen, Schreiben und Texte Lesen stehen dabei im Vordergrund. Zus\u00e4tzlich bereitet dich auch der Fachunterricht (z.B. Mathematik, Biologie, Erdkunde, Musik, Sport, Kunst, Chemie oder PC) auf die Teilnahme am Unterricht in einer Regelklasse vor. Englisch wird in zwei Niveaus angeboten &#8211; f\u00fcr Anf\u00e4nger und Fortgeschrittene.<\/p>\n<p>Wir schauen uns das Leben in Deutschland an, welche Feste und Traditionen die Deutschen haben. Advent, Weihnachten, Fasching und Ostern \u2013 was ist das alles? Du findest Freunde in der Klasse und wir sprechen \u00fcber Gemeinsamkeiten und Unterschiede unserer Kulturen. So bereichert das Lernen in den SLK uns alle.<\/p>\n<p>Nach ca. 6 &#8211; 8 Wochen Unterricht nur in der Sprachlernklasse besuchst du f\u00fcr 2 &#8211; 4 Stunden pro Woche eine Regelklasse an unserer Schule. Die Sch\u00fcler*innen in dieser Klasse sind im gleichen Alter wie du. Dein Ziel ist es, nach einem Jahr in der Sprachlernklasse am Unterricht in einer Regelklasse teilzunehmen. Zus\u00e4tzlich wirst du ein weiteres Jahr in einem kleinen Sprachf\u00f6rderkurs deine Deutschkenntnisse perfektionieren.<\/p>\n<p><strong><u>Unterricht in unseren DBR-Sprachf\u00f6rderkursen<br \/>\n<\/u><\/strong><\/p>\n<p>Ein Sprachf\u00f6rderkurs umfasst mindestens vier Sch\u00fclerinnen und Sch\u00fcler, hat einen Umfang von 5-8 Wochenstunden und wird jahrgangs\u00fcbergreifend durchgef\u00fchrt. Die Kurse werden abh\u00e4ngig von den Deutschkenntnissen eingeteilt. Ein Wechsel zwischen den Kursen ist jederzeit m\u00f6glich. Der Sprachf\u00f6rderkurs findet dann statt, wenn in der Regelklasse Nebenf\u00e4cher unterrichtet werden.<\/p>\n<p>Sch\u00fclerinnen und Sch\u00fcler, die freiwillig auf die Teilnahme an einem Sprachf\u00f6rderkurs verzichten, m\u00fcssen einen Antrag bei der Schulleitung einreichen und werden ab dann regul\u00e4r in allen F\u00e4chern bewertet.<\/p>\n<p><strong>Sind Sie neu in Deutschland und ben\u00f6tigen Hilfe bei der Suche nach einem Schulplatz f\u00fcr Ihr Kind?<\/strong><\/p>\n<p><strong>Kommen Sie vorbei und lassen Sie sich bei uns beraten.<\/strong><\/p>\n<p><strong>Wir freuen uns auf Sie!<\/strong><\/p>\n","protected":false},"excerpt":{"rendered":"<p>Im Idealfall besuchen Sch\u00fclerinnen und Sch\u00fcler mit noch nicht ausreichenden Deutschkenntnissen zun\u00e4chst eine Sprachlernklasse. Dort lernen sie maximal ein Jahr Deutsch und wechseln danach in einen Sprachf\u00f6rderkurs. Der Sprachf\u00f6rderkurs begleitet sie so lange, wie sie noch nicht regul\u00e4r bewertet werden m\u00fcssen \u2013 insgesamt mit dem Unterricht in der Sprachlernklasse umfasst die Sprachf\u00f6rderung maximal 2 Jahre. [&hellip;]<\/p>\n","protected":false},"author":9192896,"featured_media":0,"parent":0,"menu_order":0,"comment_status":"closed","ping_status":"closed","template":"","meta":{"footnotes":""},"class_list":["post-636","page","type-page","status-publish","hentry"],"_links":{"self":[{"href":"https:\/\/wordpress.nibis.de\/dbrs\/wp-json\/wp\/v2\/pages\/636","targetHints":{"allow":["GET"]}}],"collection":[{"href":"https:\/\/wordpress.nibis.de\/dbrs\/wp-json\/wp\/v2\/pages"}],"about":[{"href":"https:\/\/wordpress.nibis.de\/dbrs\/wp-json\/wp\/v2\/types\/page"}],"author":[{"embeddable":true,"href":"https:\/\/wordpress.nibis.de\/dbrs\/wp-json\/wp\/v2\/users\/9192896"}],"replies":[{"embeddable":true,"href":"https:\/\/wordpress.nibis.de\/dbrs\/wp-json\/wp\/v2\/comments?post=636"}],"version-history":[{"count":8,"href":"https:\/\/wordpress.nibis.de\/dbrs\/wp-json\/wp\/v2\/pages\/636\/revisions"}],"predecessor-version":[{"id":689,"href":"https:\/\/wordpress.nibis.de\/dbrs\/wp-json\/wp\/v2\/pages\/636\/revisions\/689"}],"wp:attachment":[{"href":"https:\/\/wordpress.nibis.de\/dbrs\/wp-json\/wp\/v2\/media?parent=636"}],"curies":[{"name":"wp","href":"https:\/\/api.w.org\/{rel}","templated":true}]}}