{"id":647,"date":"2021-01-04T17:33:51","date_gmt":"2021-01-04T16:33:51","guid":{"rendered":"https:\/\/wordpress.nibis.de\/dbrs\/?page_id=647"},"modified":"2022-05-02T16:31:39","modified_gmt":"2022-05-02T14:31:39","slug":"fairtrade-schule","status":"publish","type":"page","link":"https:\/\/wordpress.nibis.de\/dbrs\/fairtrade-schule\/","title":{"rendered":"Fairtrade-Schule"},"content":{"rendered":"<h2><strong>AKTUELL:<\/strong><\/h2>\n<p><strong>Unsere Projektwoche vom 28.03.2022 bis zum 01.04.2022<\/strong> unter dem Motto:<\/p>\n<p>&#8222;Nachhaltig und fair &#8211;\u00a0 das sind wir Sch\u00fclerinnen und Sch\u00fcler der DBR!&#8220;<\/p>\n<p>zum St\u00f6bern:<\/p>\n<p><a href=\"https:\/\/wordpress.nibis.de\/dbrs\/files\/2022\/05\/Zeitung-Projektwoche.pdf\">Zeitung Projektwoche<\/a><\/p>\n<p>Die DBR ist mehrfach als \u201eFairtrade-Schule\u201c auszeichnet worden!<\/p>\n<p>Darauf sind wir sehr stolz!<\/p>\n<p>Dieses Anliegen wird durch die gesamte Schulgemeinschaft \u2013 unserer Sch\u00fclerinnen und Sch\u00fcler, die Eltern, den F\u00f6rderverein &#8211; engagiert und \u201emit Herzblut\u201c unterst\u00fctzt.<\/p>\n<p>Das \u201eFairtrade-Schulteam\u201c plant viele Aktionen: unsere beliebte Nikolaus-Aktion und unsere Valentinstags-Aktionen. Besucht unseren \u201eFairtrade-Schools-Blog\u201c!<\/p>\n<p>Unser wichtiger Kooperationspartner ist das Nachhaltigkeits-B\u00fcro der Stadt Hannover.<\/p>\n<p>Fairtrade-Schule zu sein, das bedeutet f\u00fcr uns:<\/p>\n<ol>\n<li>Alle zwei Jahre eine Projektwoche rund um den fairen Handel durchzuf\u00fchren.<\/li>\n<li>Fair gehandelte Produkte in der Sch\u00fclerfirma \u201eHappy Breakfast\u201c und im Lehrerzimmer zu verkaufen und zu genie\u00dfen.<\/li>\n<li>\u00dcber den fairen Handel altersgem\u00e4\u00df im Unterricht zu sprechen (Workshops f\u00fcr die j\u00fcngeren Sch\u00fclern, Thema \u201eGlobalisierung\u201c im Wirtschaftsunterricht ab dem 9. Jahrgang).<\/li>\n<li>Zu Nikolaus fair gehandelte Nikol\u00e4use zu verkaufen, deren Erl\u00f6s der Arbeit von Kinderhospizen in Berlin und Halle\/Saale zugutekommt.<\/li>\n<\/ol>\n","protected":false},"excerpt":{"rendered":"<p>AKTUELL: Unsere Projektwoche vom 28.03.2022 bis zum 01.04.2022 unter dem Motto: &#8222;Nachhaltig und fair &#8211;\u00a0 das sind wir Sch\u00fclerinnen und Sch\u00fcler der DBR!&#8220; zum St\u00f6bern: Zeitung Projektwoche Die DBR ist mehrfach als \u201eFairtrade-Schule\u201c auszeichnet worden! Darauf sind wir sehr stolz! Dieses Anliegen wird durch die gesamte Schulgemeinschaft \u2013 unserer Sch\u00fclerinnen und Sch\u00fcler, die Eltern, den [&hellip;]<\/p>\n","protected":false},"author":9192896,"featured_media":0,"parent":0,"menu_order":0,"comment_status":"closed","ping_status":"closed","template":"","meta":{"footnotes":""},"class_list":["post-647","page","type-page","status-publish","hentry"],"_links":{"self":[{"href":"https:\/\/wordpress.nibis.de\/dbrs\/wp-json\/wp\/v2\/pages\/647","targetHints":{"allow":["GET"]}}],"collection":[{"href":"https:\/\/wordpress.nibis.de\/dbrs\/wp-json\/wp\/v2\/pages"}],"about":[{"href":"https:\/\/wordpress.nibis.de\/dbrs\/wp-json\/wp\/v2\/types\/page"}],"author":[{"embeddable":true,"href":"https:\/\/wordpress.nibis.de\/dbrs\/wp-json\/wp\/v2\/users\/9192896"}],"replies":[{"embeddable":true,"href":"https:\/\/wordpress.nibis.de\/dbrs\/wp-json\/wp\/v2\/comments?post=647"}],"version-history":[{"count":3,"href":"https:\/\/wordpress.nibis.de\/dbrs\/wp-json\/wp\/v2\/pages\/647\/revisions"}],"predecessor-version":[{"id":1065,"href":"https:\/\/wordpress.nibis.de\/dbrs\/wp-json\/wp\/v2\/pages\/647\/revisions\/1065"}],"wp:attachment":[{"href":"https:\/\/wordpress.nibis.de\/dbrs\/wp-json\/wp\/v2\/media?parent=647"}],"curies":[{"name":"wp","href":"https:\/\/api.w.org\/{rel}","templated":true}]}}